{"id":5567,"date":"2025-11-04T19:19:40","date_gmt":"2025-11-04T17:19:40","guid":{"rendered":"https:\/\/audioconsulting.eu\/shop\/?post_type=product&#038;p=5567"},"modified":"2025-11-04T19:25:40","modified_gmt":"2025-11-04T17:25:40","slug":"clearaudio-jubilee-mm","status":"publish","type":"product","link":"https:\/\/audioconsulting.eu\/shop\/produkt\/clearaudio-jubilee-mm\/","title":{"rendered":"clearaudio Jubilee MM"},"content":{"rendered":"<p>Die Moving-Magnet-Tonabnehmer von clearaudio werden in vier Ebenen mehrfach vermessen, analysiert und handselektiert. Auf diese Weise erreicht clearaudio eine perfekte Homogenit\u00e4t der Stereokan\u00e4le und minimale Phasen- beziehungsweise Transientenverzerrungen. So entsteht bei linearem Frequenzverlauf und hoher Ausgangsspannung ein audiophiles Klangbild der Superlative \u2013 r\u00e4umlich, detailreich, vielfarbig und gleichzeitig homogen und profund; mit B\u00e4ssen, die nicht wummern und H\u00f6hen, denen jede Sch\u00e4rfe fremd ist.<\/p>\n<p>Die MM-Systeme von clearaudio \u00fcberzeugen klanglich an allen g\u00e4ngigen Tonarmen.<\/p>\n<p>Bei den Jubilee Modellen ist es erstmals gelungen, das Material Panzerholz als Grundkorpus f\u00fcr Tonabnehmer zu bearbeiten. Anschlie\u00dfend werden diese nach aller Kunst der fr\u00e4nkischen Geigenbauer-Handwerksriege behandelt.<\/p>\n<p>So sind die Jubilee- Tonabnehmer in ihrer Preisklasse schon jetzt ein Grund zum Jubeln.<\/p>\n<p>&nbsp;<\/p>\n<p>Lieferzeit ca. 2 Wochen.<\/p>\n","protected":false},"excerpt":{"rendered":"<p>Mittelklasse MM-Tonabnehmer<\/p>\n","protected":false},"featured_media":5568,"comment_status":"closed","ping_status":"closed","template":"","meta":[],"product_cat":[148],"product_tag":[],"class_list":{"0":"post-5567","1":"product","2":"type-product","3":"status-publish","4":"has-post-thumbnail","6":"product_cat-tonabnehmersysteme","8":"first","9":"instock","10":"taxable","11":"shipping-taxable","12":"purchasable","13":"product-type-simple"},"_links":{"self":[{"href":"https:\/\/audioconsulting.eu\/shop\/wp-json\/wp\/v2\/product\/5567","targetHints":{"allow":["GET"]}}],"collection":[{"href":"https:\/\/audioconsulting.eu\/shop\/wp-json\/wp\/v2\/product"}],"about":[{"href":"https:\/\/audioconsulting.eu\/shop\/wp-json\/wp\/v2\/types\/product"}],"replies":[{"embeddable":true,"href":"https:\/\/audioconsulting.eu\/shop\/wp-json\/wp\/v2\/comments?post=5567"}],"wp:featuredmedia":[{"embeddable":true,"href":"https:\/\/audioconsulting.eu\/shop\/wp-json\/wp\/v2\/media\/5568"}],"wp:attachment":[{"href":"https:\/\/audioconsulting.eu\/shop\/wp-json\/wp\/v2\/media?parent=5567"}],"wp:term":[{"taxonomy":"product_cat","embeddable":true,"href":"https:\/\/audioconsulting.eu\/shop\/wp-json\/wp\/v2\/product_cat?post=5567"},{"taxonomy":"product_tag","embeddable":true,"href":"https:\/\/audioconsulting.eu\/shop\/wp-json\/wp\/v2\/product_tag?post=5567"}],"curies":[{"name":"wp","href":"https:\/\/api.w.org\/{rel}","templated":true}]}}