{"id":5544,"date":"2025-11-04T17:03:59","date_gmt":"2025-11-04T15:03:59","guid":{"rendered":"https:\/\/audioconsulting.eu\/shop\/?post_type=product&#038;p=5544"},"modified":"2025-11-04T17:08:53","modified_gmt":"2025-11-04T15:08:53","slug":"clearaudio-n-1-mm","status":"publish","type":"product","link":"https:\/\/audioconsulting.eu\/shop\/produkt\/clearaudio-n-1-mm\/","title":{"rendered":"Clearaudio N-1 MM"},"content":{"rendered":"<p>Der neue Einstieg in die Welt der MM-Tonabnehmer \u2013 kompakt, klangstark, clearaudio. Clearaudio pr\u00e4sentiert den neuen Ma\u00dfstab f\u00fcr den Einstieg in die MM-Tonabnehmerklasse \u2013 reduziert auf das Wesentliche, aber kompromisslos in Klangqualit\u00e4t, Verarbeitung und Materialwahl.<\/p>\n<p>Ein Tonabnehmer, der klanglich weit \u00fcber seine Preisklasse hinaus \u00fcberzeugt. Das neu entwickelte, eloxierte Aluminiumgeh\u00e4use dient als extrem stabiler Konstruktionsrahmen und \u00fcberzeugt durch ein optimal ausbalanciertes Gesamtgewicht von nur 12,6 Gramm.<\/p>\n<p>Dadurch ist er gleicherma\u00dfen f\u00fcr leichte wie auch schwere Tonarme geeignet \u2013 und harmoniert perfekt mit dem clearaudio compass Plattenspieler.<\/p>\n<p>In klassischem Schwarz oder elegantem Silber erh\u00e4ltlich, l\u00e4sst sich der Tonabnehmer optisch ideal auf Tonarm oder Plattenspieler abstimmen.<\/p>\n<p>Ein besonderes Highlight ist das innovative Stecksystem f\u00fcr den Nadeltr\u00e4ger: Es erm\u00f6glicht einen schnellen und unkomplizierten Wechsel \u2013 sogar im eingebauten Zustand.<\/p>\n<p>Ideal f\u00fcr unvorhergesehene Zwischenf\u00e4lle oder regelm\u00e4\u00dfige Wartung.<\/p>\n<p>Willkommen in der neuen Kompaktklasse der MM-Tonabnehmer \u2013 von clearaudio. Klanglich bet\u00f6rend. Technisch durchdacht. Preislich \u00fcberzeugend.<\/p>\n<p>Lieferzeit ca. 2 Wochen.<\/p>\n","protected":false},"excerpt":{"rendered":"<p>Der neue Einstieg in die Welt der MM-Tonabnehmer \u2013 kompakt, klangstark, clearaudio. Clearaudio pr\u00e4sentiert den neuen Ma\u00dfstab f\u00fcr den Einstieg in die MM-Tonabnehmerklasse \u2013 reduziert auf das Wesentliche, aber kompromisslos in Klangqualit\u00e4t, Verarbeitung und Materialwahl.<\/p>\n<p>Ein Tonabnehmer, der klanglich weit \u00fcber seine Preisklasse hinaus \u00fcberzeugt. Das neu entwickelte, eloxierte Aluminiumgeh\u00e4use dient als extrem stabiler Konstruktionsrahmen und \u00fcberzeugt durch ein optimal ausbalanciertes Gesamtgewicht von nur 12,6 Gramm.<\/p>\n<p>Dadurch ist er gleicherma\u00dfen f\u00fcr leichte wie auch schwere Tonarme geeignet \u2013 und harmoniert perfekt mit dem clearaudio compass Plattenspieler.<\/p>\n<p>In klassischem Schwarz oder elegantem Silber erh\u00e4ltlich, l\u00e4sst sich der Tonabnehmer optisch ideal auf Tonarm oder Plattenspieler abstimmen.<\/p>\n<p>Ein besonderes Highlight ist das innovative Stecksystem f\u00fcr den Nadeltr\u00e4ger: Es erm\u00f6glicht einen schnellen und unkomplizierten Wechsel \u2013 sogar im eingebauten Zustand.<\/p>\n<p>Ideal f\u00fcr unvorhergesehene Zwischenf\u00e4lle oder regelm\u00e4\u00dfige Wartung.<\/p>\n<p>Willkommen in der neuen Kompaktklasse der MM-Tonabnehmer \u2013 von clearaudio. Klanglich bet\u00f6rend. Technisch durchdacht. Preislich \u00fcberzeugend.<\/p>\n","protected":false},"featured_media":5545,"comment_status":"closed","ping_status":"closed","template":"","meta":[],"product_cat":[148],"product_tag":[],"class_list":{"0":"post-5544","1":"product","2":"type-product","3":"status-publish","4":"has-post-thumbnail","6":"product_cat-tonabnehmersysteme","8":"first","9":"instock","10":"taxable","11":"shipping-taxable","12":"purchasable","13":"product-type-simple"},"_links":{"self":[{"href":"https:\/\/audioconsulting.eu\/shop\/wp-json\/wp\/v2\/product\/5544","targetHints":{"allow":["GET"]}}],"collection":[{"href":"https:\/\/audioconsulting.eu\/shop\/wp-json\/wp\/v2\/product"}],"about":[{"href":"https:\/\/audioconsulting.eu\/shop\/wp-json\/wp\/v2\/types\/product"}],"replies":[{"embeddable":true,"href":"https:\/\/audioconsulting.eu\/shop\/wp-json\/wp\/v2\/comments?post=5544"}],"wp:featuredmedia":[{"embeddable":true,"href":"https:\/\/audioconsulting.eu\/shop\/wp-json\/wp\/v2\/media\/5545"}],"wp:attachment":[{"href":"https:\/\/audioconsulting.eu\/shop\/wp-json\/wp\/v2\/media?parent=5544"}],"wp:term":[{"taxonomy":"product_cat","embeddable":true,"href":"https:\/\/audioconsulting.eu\/shop\/wp-json\/wp\/v2\/product_cat?post=5544"},{"taxonomy":"product_tag","embeddable":true,"href":"https:\/\/audioconsulting.eu\/shop\/wp-json\/wp\/v2\/product_tag?post=5544"}],"curies":[{"name":"wp","href":"https:\/\/api.w.org\/{rel}","templated":true}]}}