{"id":5539,"date":"2025-11-04T13:16:49","date_gmt":"2025-11-04T11:16:49","guid":{"rendered":"https:\/\/audioconsulting.eu\/shop\/?post_type=product&#038;p=5539"},"modified":"2025-11-04T13:19:58","modified_gmt":"2025-11-04T11:19:58","slug":"clearaudio-basic","status":"publish","type":"product","link":"https:\/\/audioconsulting.eu\/shop\/produkt\/clearaudio-basic\/","title":{"rendered":"clearaudio basic"},"content":{"rendered":"<div class=\"elementor-column elementor-col-50 elementor-inner-column elementor-element elementor-element-d6a9e2a\" data-id=\"d6a9e2a\" data-element_type=\"column\">\n<div class=\"elementor-widget-wrap elementor-element-populated\">\n<div class=\"elementor-element elementor-element-6e62a80 elementor-widget elementor-widget-text-editor is-mac\" data-id=\"6e62a80\" data-element_type=\"widget\" data-widget_type=\"text-editor.default\">\n<div class=\"elementor-widget-container\">\n<div class=\"elementor-column elementor-col-50 elementor-inner-column elementor-element elementor-element-6077c47\" data-id=\"6077c47\" data-element_type=\"column\">\n<div class=\"elementor-widget-wrap elementor-element-populated\">\n<div class=\"elementor-element elementor-element-93b4e92 elementor-widget elementor-widget-heading is-mac\" data-id=\"93b4e92\" data-element_type=\"widget\" data-widget_type=\"heading.default\">\n<div class=\"elementor-widget-container\">\n<p>Bereits das Design deutet bei allem Minimalismus auf den ma\u00dfgeblichen Fortschritt hin, der in dieser Phono-Vorstufe steckt. Optisch inspiriert von der legend\u00e4ren absolute phono paart auch die basic V2 audiophile Innovation mit der gewachsenen Analog-Kompetenz von clearaudio.<\/p>\n<p>Ihr Geh\u00e4use wird aus hochwertigem Voll-Aluminium gefr\u00e4st und ist im Originalfarbton des Materials oder schwarz eloxiert erh\u00e4ltlich. Als einzig sichtbares Bedienelement thront auf der Oberseite ein dezenter Power- Schalter, der \u2013 einmal bet\u00e4tigt \u2013 die ganze Vielfalt komplexer Klangspektren er\u00f6ffnet.<\/p>\n<p>Diese l\u00e4sst sich entsprechend der technischen Ausstattung des Anwenders optimal aussch\u00f6pfen: An der Unterseite kann manuell mittels Schalter zwischen Moving Coil- (MC) und Moving Magnet-Betrieb (MM) gew\u00e4hlt werden.<\/p>\n<p>Durch die Tonabnehmeranpassung im aktiven MC-Betrieb ist die basic V2 ohne weitere Einstellungen mit den meisten anspruchsvollen MC-Systemen auf dem Markt kompatibel. Ihre Ausstattung garantiert dabei eine signifikante Verbesserung der Performance. Daf\u00fcr stehen zum einen die vergoldeten RCA-Ein- und -Ausg\u00e4nge, deren Verarbeitung Ma\u00dfst\u00e4be in Qualit\u00e4t und Leistung bei der st\u00f6rungsfreien Signalweitergabe setzt.<br \/>\nZum anderen verf\u00fcgt die basic V2 \u00fcber einen optional zuschaltbaren Subsonic-Filter, der extrem tiefe, potentiell st\u00f6rende Frequenzen im MM\/MC Betrieb unterdr\u00fcckt. Die RIAA Entzerrungs-Genauigkeit liegt deutlich unter 0,1 Dezibel.<\/p>\n<\/div>\n<\/div>\n<\/div>\n<\/div>\n<\/div>\n<\/div>\n<\/div>\n<\/div>\n","protected":false},"excerpt":{"rendered":"<p>Bereits das Design deutet bei allem Minimalismus auf den ma\u00dfgeblichen Fortschritt hin, der in dieser Phono-Vorstufe steckt. Optisch inspiriert von der legend\u00e4ren absolute phono paart auch die basic V2 audiophile Innovation mit der gewachsenen Analog-Kompetenz von clearaudio. Ihr Geh\u00e4use wird aus hochwertigem Voll-Aluminium gefr\u00e4st und ist im Originalfarbton des Materials oder schwarz eloxiert erh\u00e4ltlich. Als [&hellip;]<\/p>\n","protected":false},"featured_media":5540,"comment_status":"closed","ping_status":"closed","template":"","meta":[],"product_cat":[149,146],"product_tag":[],"class_list":{"0":"post-5539","1":"product","2":"type-product","3":"status-publish","4":"has-post-thumbnail","6":"product_cat-phono-vorverstaerker","7":"product_cat-vinylwelten","9":"first","10":"instock","11":"taxable","12":"shipping-taxable","13":"purchasable","14":"product-type-simple"},"_links":{"self":[{"href":"https:\/\/audioconsulting.eu\/shop\/wp-json\/wp\/v2\/product\/5539","targetHints":{"allow":["GET"]}}],"collection":[{"href":"https:\/\/audioconsulting.eu\/shop\/wp-json\/wp\/v2\/product"}],"about":[{"href":"https:\/\/audioconsulting.eu\/shop\/wp-json\/wp\/v2\/types\/product"}],"replies":[{"embeddable":true,"href":"https:\/\/audioconsulting.eu\/shop\/wp-json\/wp\/v2\/comments?post=5539"}],"wp:featuredmedia":[{"embeddable":true,"href":"https:\/\/audioconsulting.eu\/shop\/wp-json\/wp\/v2\/media\/5540"}],"wp:attachment":[{"href":"https:\/\/audioconsulting.eu\/shop\/wp-json\/wp\/v2\/media?parent=5539"}],"wp:term":[{"taxonomy":"product_cat","embeddable":true,"href":"https:\/\/audioconsulting.eu\/shop\/wp-json\/wp\/v2\/product_cat?post=5539"},{"taxonomy":"product_tag","embeddable":true,"href":"https:\/\/audioconsulting.eu\/shop\/wp-json\/wp\/v2\/product_tag?post=5539"}],"curies":[{"name":"wp","href":"https:\/\/api.w.org\/{rel}","templated":true}]}}