{"id":5529,"date":"2025-05-24T19:34:06","date_gmt":"2025-05-24T17:34:06","guid":{"rendered":"https:\/\/audioconsulting.eu\/shop\/?post_type=product&#038;p=5529"},"modified":"2025-05-24T19:45:58","modified_gmt":"2025-05-24T17:45:58","slug":"grimm-audio-pw1-phonovorstufe-tipp","status":"publish","type":"product","link":"https:\/\/audioconsulting.eu\/shop\/produkt\/grimm-audio-pw1-phonovorstufe-tipp\/","title":{"rendered":"Grimm Audio PW1 Phonovorstufe &#8211; TIPP!"},"content":{"rendered":"<div class=\"elementor-column elementor-col-50 elementor-inner-column elementor-element elementor-element-d6a9e2a\" data-id=\"d6a9e2a\" data-element_type=\"column\">\n<div class=\"elementor-widget-wrap elementor-element-populated\">\n<div class=\"elementor-element elementor-element-6e62a80 elementor-widget elementor-widget-text-editor is-mac\" data-id=\"6e62a80\" data-element_type=\"widget\" data-widget_type=\"text-editor.default\">\n<div class=\"elementor-widget-container\">\n<div class=\"elementor-column elementor-col-50 elementor-inner-column elementor-element elementor-element-6077c47\" data-id=\"6077c47\" data-element_type=\"column\">\n<div class=\"elementor-widget-wrap elementor-element-populated\">\n<div class=\"elementor-element elementor-element-93b4e92 elementor-widget elementor-widget-heading is-mac\" data-id=\"93b4e92\" data-element_type=\"widget\" data-widget_type=\"heading.default\">\n<div class=\"elementor-widget-container\">\n<section class=\"elementor-section elementor-top-section elementor-element elementor-element-8ec020a elementor-section-boxed elementor-section-height-default elementor-section-height-default\" data-id=\"8ec020a\" data-element_type=\"section\">\n<div><strong>Die neue High-End Referenz<\/strong><\/div>\n<div><\/div>\n<div class=\"elementor-container elementor-column-gap-default\">\n<div class=\"elementor-column elementor-col-100 elementor-top-column elementor-element elementor-element-13ea7b4\" data-id=\"13ea7b4\" data-element_type=\"column\">\n<div class=\"elementor-widget-wrap elementor-element-populated\">\n<div class=\"elementor-element elementor-element-b0f71d3 elementor-widget elementor-widget-text-editor is-mac\" data-id=\"b0f71d3\" data-element_type=\"widget\" data-widget_type=\"text-editor.default\">\n<div class=\"elementor-widget-container\">Der Mitbegr\u00fcnder von Grimm Audio, Peter van Willenswaard, hat sein ganzes Leben damit verbracht, Phonovorverst\u00e4rker zu entwickeln und zu verbessern, sowohl in Festk\u00f6rpertechnik als auch mit R\u00f6hren. Von allen Stufen der Audio-Verst\u00e4rkung stellen Phono-Vorverst\u00e4rker die gr\u00f6\u00dften Herausforderungen f\u00fcr einen Designer dar. Bei MC-Tonabnehmern erfordern tiefe Basssignale von nur 50 nV eine Verst\u00e4rkung von nicht weniger als 90 dB!<\/div>\n<\/div>\n<\/div>\n<div>\n<p><strong>Merkmale<br \/>\n<\/strong>&#8211; Einzigartiges minimalistisches elektronisches Design<br \/>\n&#8211; Eing\u00e4nge f\u00fcr MC- und MM-Tonabnehmer<br \/>\n&#8211; RCA- und XLR-Ausg\u00e4nge<br \/>\n&#8211; Verst\u00e4rkungs- und Lasteinstellungen unter der Bodenplatte<br \/>\n&#8211; Internes ger\u00e4uschloses lineares Netzteil<br \/>\n&#8211; Abgeschirmtes Kupfergeh\u00e4use<br \/>\n&#8211; 5 Jahre beschr\u00e4nkte Garantie<br \/>\n&#8211; 355 x 85 x 295 mm (BxHxT)<\/p>\n<\/div>\n<\/div>\n<p><strong>Peter Willenswaard \u00fcber den PW1:<\/strong><\/p>\n<div class=\"elementor-column elementor-col-100 elementor-top-column elementor-element elementor-element-13ea7b4\" data-id=\"13ea7b4\" data-element_type=\"column\">\n<div>\n<p>Man k\u00f6nnte den PW1 als ein \u201eunauff\u00e4lliges\u201c Ger\u00e4t bezeichnen. Er versucht nicht, mit einem Hi-Fi-\u00e4hnlichen Klang Aufmerksamkeit zu erregen, um seine Konkurrenten zu beeindrucken. Sein Ziel ist es, die Emotionen in der Musik und im Klang von Stimmen und Instrumenten zu vermitteln. Und ein r\u00e4umliches Klangbild zu schaffen, in dem man (wenn die Aufnahme es zul\u00e4sst) die Luft vibrieren sp\u00fcrt, sie fast ber\u00fchren kann. Er schafft es, Sie in die Botschaft der Komponisten und Interpreten, der Orchester, Singer\/Songwriter und Bands mitzunehmen. Wie haben wir das erreicht?<\/p>\n<p><em>Minimalismus<\/em><\/p>\n<p>Wir haben uns f\u00fcr ein Design mit m\u00f6glichst wenigen Komponenten im Signalweg entschieden, nach dem Motto: \u201eWas nicht drin ist, kann nicht im Weg stehen\u201c. Schlie\u00dflich besteht der Zweck einer Audioschaltung darin, so viel Musik wie m\u00f6glich durchzulassen und den Klang der Aufnahme so wenig wie m\u00f6glich zu beeintr\u00e4chtigen.<\/p>\n<p>In der Praxis bedeutete dies letztlich:<\/p>\n<p>\u2022 Nur 1 aktive Komponente, um die niedrige Spannung eines MC-Elements auf MM-Niveau zu bringen.<\/p>\n<p>\u2022 Im MM-Phono-Bereich 1 einzelnes aktives Element, um das anf\u00e4llige Eingangssignal ausreichend zu verst\u00e4rken, damit die RIAA-Korrektur einwandfrei funktioniert.<\/p>\n<p>Nach der RIAA-Entzerrung wird das RIAA-korrigierte Signal wiederum nur von einem aktiven Bauteil fehlerfrei \u00fcbertragen.<\/p>\n<p>Schlie\u00dflich dient ein Operationsverst\u00e4rker (der musikalischste, den wir kennen) als Puffer zwischen dem empfindlichen Phono-Schaltkreis und der Last der Kabel und der nachgeschalteten Ger\u00e4te, indem er unter anderem eine niedrige Ausgangsimpedanz bietet.<\/p>\n<p>Eine so einfache Schaltung ist nat\u00fcrlich sehr attraktiv, warum verwendet sie dann nicht jeder Hersteller? Nun, die oben beschriebene einfache Schaltung scheint einfach zu sein, aber sie ist absolut nicht einfach zu entwerfen. Sie erfordert sorgf\u00e4ltig ausgew\u00e4hlte und ausgiebig getestete passive und aktive Komponenten. Das liegt daran, dass es keine R\u00fcckkopplung in der Schaltung gibt, die Abweichungen und M\u00e4ngel korrigiert. Au\u00dferdem ist f\u00fcr jede Verst\u00e4rkerstufe eine perfekt passende Stromversorgung erforderlich, die ebenfalls nach Geh\u00f6r ausgew\u00e4hlt und fein abgestimmt werden sollte.<\/p>\n<p>Nat\u00fcrlich ist die Auswahl der drei aktiven Komponenten vor dem Operationsverst\u00e4rker-Puffer unerl\u00e4sslich. FETs wurden aus mehreren Gr\u00fcnden ausgew\u00e4hlt: Sie haben eine hohe Eingangsimpedanz, was immer sehr angenehm ist, ihr Verst\u00e4rkungsverhalten ist attraktiv (viel freundlicher als das von gew\u00f6hnlichen -bipolaren- Transistoren) und sie sind mit verschiedenen Verst\u00e4rkungsfaktoren erh\u00e4ltlich, sodass kein weiteres Herumprobieren erforderlich ist. F\u00fcr den MC-Eingang wurde ein FET mit extrem niedrigem Rauschen gew\u00e4hlt, 0,7 nV\/\u221aHz f\u00fcr die Experten, was einen hervorragenden Signal-Rausch-Abstand von \u226580 dB erm\u00f6glicht. Die Wahl der FETs ist jedoch nicht ohne Nachteile: Jedes Exemplar muss pro Kanal gemessen und angepasst werden. Daf\u00fcr haben wir spezielle Messger\u00e4te gebaut. Umfangreiche Messungen w\u00e4hrend der Produktion sind arbeitsintensiv, aber f\u00fcr die Qualit\u00e4t des Endprodukts unerl\u00e4sslich.<\/p>\n<p>Einige werden den relativ hohen Klirrfaktor des PW1 im Vergleich zu einigen Mitbewerbern bemerken: &lt; 0,55 % (oder &lt; -45 dB). Dies ist das Ergebnis der Entscheidung f\u00fcr einfache FET-Verst\u00e4rkerstufen und weil nichts durch R\u00fcckkopplung \u201ekorrigiert\u201c wird. Die meisten Entwickler streben nach viel niedrigeren Verzerrungswerten, bis zu 0,001 % oder so, aber bei der in den Phono-Stufen erforderlichen Verst\u00e4rkung besteht ein gro\u00dfes Risiko, dass man den Klang v\u00f6llig \u00fcberstrapaziert. Bei Grimm Audio gehen wir bei den Verzerrungswerten normalerweise keine Kompromisse ein, aber bei Vinyl ist die intrinsische Verzerrung der Schallplatte selbst so hoch, dass es keinen wirklichen Bedarf an einer geringen harmonischen Verzerrung in der Phono-Stufe gibt. Au\u00dferdem ist die Verzerrung von FET-Schaltkreisen wie diesem haupts\u00e4chlich eine relativ unh\u00f6rbare zweite harmonische Form. Der positive Aspekt unseres Ansatzes besteht darin, dass die einzigartige Art und Weise, in der das passive RIAA-Netzwerk implementiert ist, von Natur aus verhindert, dass die erste MM-Stufe stark \u00fcbersteuert wird. Dies vermittelt den Eindruck einer endlosen R\u00e4umlichkeit. Daher werden Sie beim tats\u00e4chlichen Abspielen von Vinyl mit dem PW1 nie eine zus\u00e4tzliche Verzerrung bemerken, sondern eine lebensechte Dynamik.<\/p>\n<p>Es sollte nicht unerw\u00e4hnt bleiben, dass dem Layout der Leiterplatte und der Anordnung der verschiedenen Teile der Schaltung gr\u00f6\u00dfte Sorgfalt gewidmet wurde. Das mag etwas \u00fcbertrieben erscheinen, ist es aber sicherlich nicht. Wir haben jahrelange Erfahrung auf diesem Gebiet und unz\u00e4hlige Beispiele daf\u00fcr gesehen, wie es nicht gemacht werden sollte, mit den messbaren und h\u00f6rbaren Folgen.<\/p>\n<p>Ein weiteres bemerkenswertes Merkmal ist, dass das Design des PW1 im Gegensatz zu vielen anderen Phono-Verst\u00e4rkern keine separate externe Stromversorgungsbox ben\u00f6tigt, um Brummen und andere St\u00f6rungen an den empfindlichen MC- und MM-Eing\u00e4ngen zu verhindern. Um dies zu erreichen, wurde von dem Spezialhersteller Amplimo ein extrem \u201eleiser\u201c (magnetfeldarmer) Netztransformator speziell f\u00fcr uns angefertigt. Er ist so gut abgeschirmt, dass wir ihn ohne negative Auswirkungen direkt auf dem MC-Eingang platzieren konnten. Dennoch ist er in einem gro\u00dfz\u00fcgigen Abstand von 20 cm platziert. F\u00fcr das Geh\u00e4use haben wir nichtmagnetische Materialien gew\u00e4hlt: Aluminium f\u00fcr das Geh\u00e4use mit einem Kupfer-Subchassis, das eine noch h\u00f6here Abschirmung f\u00fcr den Netzeingang und die Hauptstromversorgung bietet.<\/p>\n<p><em>Umfangreiche Einstellungsm\u00f6glichkeiten<\/em><\/p>\n<p>In Bezug auf Einstellungen und Anpassungen an verschiedene Arten von Elementen ist mit dem PW1 vieles m\u00f6glich. Die nominale MM-Empfindlichkeit betr\u00e4gt 5 mV bei 70 mV Ausgang. F\u00fcr den MM-Eingang steht eine zus\u00e4tzliche Verst\u00e4rkung von 10 dB zur Verf\u00fcgung. Wenn Sie ihn mit leistungsstarken MCs verwenden m\u00f6chten, liegt die Empfindlichkeit bei etwa 2 mV. Beachten Sie, dass MM-Elemente bei sehr tief modulierten LPs fast 100 mV liefern k\u00f6nnen, was zu einem Ausgang von 3,5 Vrms f\u00fchrt. Sowohl der MM-Eingang als auch die Ausgangselektronik sind in der Lage, mit diesen Extremen umzugehen. Tats\u00e4chlich kann der Ausgang des PW1 mit seinem Maximalpegel von erstaunlichen 10 Vrms (+22 dBu) kaum \u00fcbersteuert werden!<\/p>\n<p>F\u00fcr MC-Elemente steht ein separater Eingang zur Verf\u00fcgung, der wahlweise eine Verst\u00e4rkung von 20 oder 30 dB bietet. Wenn alle verf\u00fcgbaren Verst\u00e4rkungen des PW1 eingeschaltet sind, wird eine maximale Verst\u00e4rkung von 77 dB bei MC oder mehr als 7000 x erreicht. Das bedeutet, dass auch MC-Elemente mit extrem niedrigem Ausgang (in der Gr\u00f6\u00dfenordnung von 0,05 \u00b5V!) verwendet werden k\u00f6nnen. Und das ohne Rauschprobleme, da das Eigenrauschen des MC-Bereichs, wie bereits erw\u00e4hnt, extrem niedrig ist.<\/p>\n<p><em>Zugang zu allen Lasteinstellungen \u00fcber eine Schiebeplatte an der Unterseite.<\/em><\/p>\n<p>Die Schiebeplatte an der Unterseite des PW1 erm\u00f6glicht den Zugriff auf eine Vielzahl von Last- und Verst\u00e4rkungseinstellungen f\u00fcr verschiedene Tonabnehmer. F\u00fcr diejenigen, die technische Themen wie diese eher kompliziert finden, enth\u00e4lt das Handbuch eine Tabelle, in der Standardeinstellungen, die gut funktionieren, f\u00fcr MC-, High-Output-MC- und MM-Elemente angegeben sind. Auf der anderen Seite steht Kunden, die sich gerne in endlosen Experimenten verlieren, eine gro\u00dfe Spielwiese zur Verf\u00fcgung.<\/p>\n<p>Um das Verhalten der Tonabnehmerelemente feinabzustimmen, sind sowohl an den MM- als auch an den MC-Eing\u00e4ngen eine Reihe von Kondensatoren und (f\u00fcr MC) Abschlusswiderst\u00e4nden vorhanden. Bei MM-Tonabnehmern k\u00f6nnen Kondensatoren mit 47, 100 oder 220 pF zur Last hinzugef\u00fcgt werden. Einige Hersteller bieten noch h\u00f6here Werte an, aber das scheint unn\u00f6tig: Bei 1000 pF beispielsweise tritt in der Frequenzkurve bei 6 kHz eine Spitze von mehr als 7 dB auf, was niemand wollen sollte.<\/p>\n<p>MC-Tonabnehmer sind recht unempfindlich gegen\u00fcber kapazitiven Abschl\u00fcssen, aber wenn man m\u00f6chte, k\u00f6nnen 330 pF und\/oder 680 pF hinzugef\u00fcgt werden. Die Hauptlast-Einstellung f\u00fcr MC ist die resistive. Die meisten MCs f\u00fchlen sich mit einem Lastwiderstand in der Gr\u00f6\u00dfenordnung des 5- bis 10-fachen ihres eigenen Innenwiderstands wohl. Der PW1 bietet eine Reihe von Optionen f\u00fcr diesen Zweck: 33-100-330-1000 Ohm und nat\u00fcrlich alle Kombinationen davon. Es ist auch m\u00f6glich, alle zus\u00e4tzlichen Lasten zu deaktivieren. Der Lastwiderstand betr\u00e4gt dann 47 kOhm und viele MC-Elemente f\u00fchlen sich damit sehr wohl.<\/p>\n<p>Wenn Sie mit Ihren Einstellungen zufrieden sind, schlie\u00dfen Sie die Bodenplatte und stellen Sie den PW1 auf seine F\u00fc\u00dfe. Bewundern Sie nun einfach sein gro\u00dfartiges Aussehen (des Industriedesigners Michiel Uylings) und genie\u00dfen Sie Ihre geliebten Schallplatten wie nie zuvor.<\/p>\n<\/div>\n<\/div>\n<\/div>\n<\/section>\n<\/div>\n<\/div>\n<\/div>\n<\/div>\n<\/div>\n<\/div>\n<\/div>\n<\/div>\n","protected":false},"excerpt":{"rendered":"<p>Die neue High-End Referenz Der Mitbegr\u00fcnder von Grimm Audio, Peter van Willenswaard, hat sein ganzes Leben damit verbracht, Phonovorverst\u00e4rker zu entwickeln und zu verbessern, sowohl in Festk\u00f6rpertechnik als auch mit R\u00f6hren. Von allen Stufen der Audio-Verst\u00e4rkung stellen Phono-Vorverst\u00e4rker die gr\u00f6\u00dften Herausforderungen f\u00fcr einen Designer dar. Bei MC-Tonabnehmern erfordern tiefe Basssignale von nur 50 nV eine [&hellip;]<\/p>\n","protected":false},"featured_media":5530,"comment_status":"closed","ping_status":"closed","template":"","meta":[],"product_cat":[149,146],"product_tag":[],"class_list":{"0":"post-5529","1":"product","2":"type-product","3":"status-publish","4":"has-post-thumbnail","6":"product_cat-phono-vorverstaerker","7":"product_cat-vinylwelten","9":"first","10":"instock","11":"taxable","12":"shipping-taxable","13":"purchasable","14":"product-type-simple"},"_links":{"self":[{"href":"https:\/\/audioconsulting.eu\/shop\/wp-json\/wp\/v2\/product\/5529","targetHints":{"allow":["GET"]}}],"collection":[{"href":"https:\/\/audioconsulting.eu\/shop\/wp-json\/wp\/v2\/product"}],"about":[{"href":"https:\/\/audioconsulting.eu\/shop\/wp-json\/wp\/v2\/types\/product"}],"replies":[{"embeddable":true,"href":"https:\/\/audioconsulting.eu\/shop\/wp-json\/wp\/v2\/comments?post=5529"}],"wp:featuredmedia":[{"embeddable":true,"href":"https:\/\/audioconsulting.eu\/shop\/wp-json\/wp\/v2\/media\/5530"}],"wp:attachment":[{"href":"https:\/\/audioconsulting.eu\/shop\/wp-json\/wp\/v2\/media?parent=5529"}],"wp:term":[{"taxonomy":"product_cat","embeddable":true,"href":"https:\/\/audioconsulting.eu\/shop\/wp-json\/wp\/v2\/product_cat?post=5529"},{"taxonomy":"product_tag","embeddable":true,"href":"https:\/\/audioconsulting.eu\/shop\/wp-json\/wp\/v2\/product_tag?post=5529"}],"curies":[{"name":"wp","href":"https:\/\/api.w.org\/{rel}","templated":true}]}}