{"id":5508,"date":"2025-05-24T16:55:43","date_gmt":"2025-05-24T14:55:43","guid":{"rendered":"https:\/\/audioconsulting.eu\/shop\/?post_type=product&#038;p=5508"},"modified":"2025-05-24T17:01:24","modified_gmt":"2025-05-24T15:01:24","slug":"clearaudio-concept-signature-komplettpaket-black-wood","status":"publish","type":"product","link":"https:\/\/audioconsulting.eu\/shop\/produkt\/clearaudio-concept-signature-komplettpaket-black-wood\/","title":{"rendered":"Clearaudio Concept Signature, Komplettpaket black\/wood"},"content":{"rendered":"<div class=\"elementor-column elementor-col-50 elementor-inner-column elementor-element elementor-element-d6a9e2a\" data-id=\"d6a9e2a\" data-element_type=\"column\">\n<div class=\"elementor-widget-wrap elementor-element-populated\">\n<div class=\"elementor-element elementor-element-6e62a80 elementor-widget elementor-widget-text-editor is-mac\" data-id=\"6e62a80\" data-element_type=\"widget\" data-widget_type=\"text-editor.default\">\n<div class=\"elementor-widget-container\">\n<div class=\"elementor-column elementor-col-50 elementor-inner-column elementor-element elementor-element-6077c47\" data-id=\"6077c47\" data-element_type=\"column\">\n<div class=\"elementor-widget-wrap elementor-element-populated\">\n<div class=\"elementor-element elementor-element-93b4e92 elementor-widget elementor-widget-heading is-mac\" data-id=\"93b4e92\" data-element_type=\"widget\" data-widget_type=\"heading.default\">\n<div class=\"elementor-widget-container\">\n<p>Nach mehr als 10 Jahren Best\u00e4ndigkeit wird das Beste noch besser und der concept erf\u00e4hrt mehrere Updates unter dem neuen Namen concept Signature.<\/p>\n<p>Die Grundidee hinter concept Signature bleibt, wie bei seinem Vorg\u00e4nger so zweckorientiert und bedienfreundlich, wie man es sich nur ertr\u00e4umen konnte, da alle Parameter der Einzelkomponenten bereits werksseitig perfekt eingestellt sind.<\/p>\n<p>Der Kern des Laufwerkk\u00f6rpers besteht aus mitteldichter Holzfaser, oder wahlweise aus unter Hochdruck verbundenen Massivholzschichten. Die Oberschicht des Laufwerks besteht aus speziell satiniertem Kunststoff. Diese Komposition erm\u00f6glicht die Minimierung von Resonanzen und sorgt f\u00fcr eine perfekte Optik.<\/p>\n<p>Der Plattenteller wird per geschliffenem Flachriemen von einem komplett entkoppelten Gleichstrommotor angetrieben, um die \u00dcbertragung von St\u00f6rger\u00e4uschen zu minimieren. Die Spannungsversorgung daf\u00fcr \u00fcbernimmt ein gro\u00dfz\u00fcgig dimensioniertes, hochstabiles und ausgelagertes Netzteil.<br \/>\nDie neue Steuertechnik mit integrierter Auto-Kalibrierung, neue Einstellungsm\u00f6glichkeiten und zus\u00e4tzlichem Tacho-Speed-Control (\u201eTSC\u201c) erzielen noch bessere Messwerte im Gleichlauf und Impuls-Festigkeit.<\/p>\n<p>Die g\u00e4nzlich neu entwickelte Tacho-Speed-Control \u00fcberwacht stets die Geschwindigkeit und gibt in Echtzeit R\u00fcckmeldung an die Steuerelektronik ab. Somit kann diese sofort auf sich \u00e4ndernde Einfl\u00fcsse wie z.B. nachlassende Riemenspannung, Reibung des Plattentellerlagers oder Temperaturschwankungen reagieren. Zudem f\u00fchrt TSC bei jedem Neustart eine automatische Kalibrierung durch. Per Knopfdruck an der R\u00fcckseite des Laufwerkes ist beim neuen concept Signature auch die manuelle Neu-Kalibrierung m\u00f6glich.<\/p>\n<p>Mehrere O-Ringe (\u201eIMS\u201c) verbessern die, in modifizierter Form vom Reference Jubilee \u00fcbernommene, vom Chassis entkoppelte Motoraufh\u00e4ngung. Gleichzeitig bietet der neue Encoder die Basis f\u00fcr noch mehr Funktionen folgender Generationen und Ausbaustufen.<br \/>\nIn Sachen Design sucht der concept Signature seinesgleichen. Die neu gestaltete Oberfl\u00e4che mit beleuchtetem Tast-Regler erlaubt eine intuitive Bedienung des Laufwerkes und setzt neue Designakzente.<\/p>\n<p>Die gro\u00dfe Auswahl an clearaudio Tonarmen und Tonabnehmer l\u00e4sst keine W\u00fcnsche in Sachen Modularit\u00e4t offen.<\/p>\n<p>Komplettpaket mit Concept Tonarm und Concept MM Tonabnehmersystem. Farbe black\/wood oder black\/darkwood (bitte bei Bestellung angeben)<\/p>\n<\/div>\n<\/div>\n<\/div>\n<\/div>\n<\/div>\n<\/div>\n<\/div>\n<\/div>\n","protected":false},"excerpt":{"rendered":"<p>Nach mehr als 10 Jahren Best\u00e4ndigkeit wird das Beste noch besser und der concept erf\u00e4hrt mehrere Updates unter dem neuen Namen concept Signature. Die Grundidee hinter concept Signature bleibt, wie bei seinem Vorg\u00e4nger so zweckorientiert und bedienfreundlich, wie man es sich nur ertr\u00e4umen konnte, da alle Parameter der Einzelkomponenten bereits werksseitig perfekt eingestellt sind. Der [&hellip;]<\/p>\n","protected":false},"featured_media":5509,"comment_status":"closed","ping_status":"closed","template":"","meta":[],"product_cat":[147,146],"product_tag":[],"class_list":{"0":"post-5508","1":"product","2":"type-product","3":"status-publish","4":"has-post-thumbnail","6":"product_cat-laufwerke","7":"product_cat-vinylwelten","9":"first","10":"instock","11":"taxable","12":"shipping-taxable","13":"purchasable","14":"product-type-simple"},"_links":{"self":[{"href":"https:\/\/audioconsulting.eu\/shop\/wp-json\/wp\/v2\/product\/5508","targetHints":{"allow":["GET"]}}],"collection":[{"href":"https:\/\/audioconsulting.eu\/shop\/wp-json\/wp\/v2\/product"}],"about":[{"href":"https:\/\/audioconsulting.eu\/shop\/wp-json\/wp\/v2\/types\/product"}],"replies":[{"embeddable":true,"href":"https:\/\/audioconsulting.eu\/shop\/wp-json\/wp\/v2\/comments?post=5508"}],"wp:featuredmedia":[{"embeddable":true,"href":"https:\/\/audioconsulting.eu\/shop\/wp-json\/wp\/v2\/media\/5509"}],"wp:attachment":[{"href":"https:\/\/audioconsulting.eu\/shop\/wp-json\/wp\/v2\/media?parent=5508"}],"wp:term":[{"taxonomy":"product_cat","embeddable":true,"href":"https:\/\/audioconsulting.eu\/shop\/wp-json\/wp\/v2\/product_cat?post=5508"},{"taxonomy":"product_tag","embeddable":true,"href":"https:\/\/audioconsulting.eu\/shop\/wp-json\/wp\/v2\/product_tag?post=5508"}],"curies":[{"name":"wp","href":"https:\/\/api.w.org\/{rel}","templated":true}]}}