{"id":5502,"date":"2025-05-24T16:27:14","date_gmt":"2025-05-24T14:27:14","guid":{"rendered":"https:\/\/audioconsulting.eu\/shop\/?post_type=product&#038;p=5502"},"modified":"2025-05-24T16:31:52","modified_gmt":"2025-05-24T14:31:52","slug":"clearaudio-concept-edition-2024-komplettpaket-black-wood","status":"publish","type":"product","link":"https:\/\/audioconsulting.eu\/shop\/produkt\/clearaudio-concept-edition-2024-komplettpaket-black-wood\/","title":{"rendered":"Clearaudio Concept Edition 2024, Komplettpaket black\/wood"},"content":{"rendered":"<div class=\"elementor-column elementor-col-50 elementor-inner-column elementor-element elementor-element-d6a9e2a\" data-id=\"d6a9e2a\" data-element_type=\"column\">\n<div class=\"elementor-widget-wrap elementor-element-populated\">\n<div class=\"elementor-element elementor-element-6e62a80 elementor-widget elementor-widget-text-editor is-mac\" data-id=\"6e62a80\" data-element_type=\"widget\" data-widget_type=\"text-editor.default\">\n<div class=\"elementor-widget-container\">\n<div class=\"elementor-column elementor-col-50 elementor-inner-column elementor-element elementor-element-6077c47\" data-id=\"6077c47\" data-element_type=\"column\">\n<div class=\"elementor-widget-wrap elementor-element-populated\">\n<div class=\"elementor-element elementor-element-93b4e92 elementor-widget elementor-widget-heading is-mac\" data-id=\"93b4e92\" data-element_type=\"widget\" data-widget_type=\"heading.default\">\n<div class=\"elementor-widget-container\">\n<p>Mit dem concept ist der erschwingliche Einstieg in die High-End-Welt ein Kinderspiel. So er\u00f6ffnet sich der Zauber bestm\u00f6glicher Klangreproduktion auch jenen Musikliebhabern, die bisher auf dieses besondere Vergn\u00fcgen verzichten mussten. Den concept gibt es mit eigens f\u00fcr ihn entwickelten Moving-Magnet- (MM) oder Moving-Coil- (MC) Tonabnehmern, die seinen Namen tragen. Ein reibungsfreier magnetisch gelagerter Tonarm ist f\u00fcr die optimale F\u00fchrung der Tonabnehmer zust\u00e4ndig.<\/p>\n<p>Alle entscheidenden Parameter vom Auflagegewicht des Tonabnehmers bis hin zum Anti-Skating werden im Werk vorjustiert. Angetrieben wird der concept von einem entkoppelten Gleichstrommotor mit Gleitlager \u00fcber einen geschliffenen Flachriemen. So vertritt der concept im besten Sinne den Gedanken des stressfreien \u201ePlug and Play\u201c: Auspacken, Anschlie\u00dfen, Schallplatte auflegen \u2013 und nur noch Musik genie\u00dfen. Mehr audiophile Technologie gabes in dieser Laufwerksklasse noch nie.<\/p>\n<p>Komplettpaket incl. concept Tonarm und concept MC Tonabnehmer. Farbe black\/wood oder black\/dark wood (Bitte bei Bestellung angeben)<\/p>\n<\/div>\n<\/div>\n<\/div>\n<\/div>\n<\/div>\n<\/div>\n<\/div>\n<\/div>\n","protected":false},"excerpt":{"rendered":"<p>Mit dem concept ist der erschwingliche Einstieg in die High-End-Welt ein Kinderspiel. So er\u00f6ffnet sich der Zauber bestm\u00f6glicher Klangreproduktion auch jenen Musikliebhabern, die bisher auf dieses besondere Vergn\u00fcgen verzichten mussten. Den concept gibt es mit eigens f\u00fcr ihn entwickelten Moving-Magnet- (MM) oder Moving-Coil- (MC) Tonabnehmern, die seinen Namen tragen. Ein reibungsfreier magnetisch gelagerter Tonarm ist [&hellip;]<\/p>\n","protected":false},"featured_media":5503,"comment_status":"closed","ping_status":"closed","template":"","meta":[],"product_cat":[147,146],"product_tag":[],"class_list":{"0":"post-5502","1":"product","2":"type-product","3":"status-publish","4":"has-post-thumbnail","6":"product_cat-laufwerke","7":"product_cat-vinylwelten","9":"first","10":"instock","11":"taxable","12":"shipping-taxable","13":"purchasable","14":"product-type-simple"},"_links":{"self":[{"href":"https:\/\/audioconsulting.eu\/shop\/wp-json\/wp\/v2\/product\/5502","targetHints":{"allow":["GET"]}}],"collection":[{"href":"https:\/\/audioconsulting.eu\/shop\/wp-json\/wp\/v2\/product"}],"about":[{"href":"https:\/\/audioconsulting.eu\/shop\/wp-json\/wp\/v2\/types\/product"}],"replies":[{"embeddable":true,"href":"https:\/\/audioconsulting.eu\/shop\/wp-json\/wp\/v2\/comments?post=5502"}],"wp:featuredmedia":[{"embeddable":true,"href":"https:\/\/audioconsulting.eu\/shop\/wp-json\/wp\/v2\/media\/5503"}],"wp:attachment":[{"href":"https:\/\/audioconsulting.eu\/shop\/wp-json\/wp\/v2\/media?parent=5502"}],"wp:term":[{"taxonomy":"product_cat","embeddable":true,"href":"https:\/\/audioconsulting.eu\/shop\/wp-json\/wp\/v2\/product_cat?post=5502"},{"taxonomy":"product_tag","embeddable":true,"href":"https:\/\/audioconsulting.eu\/shop\/wp-json\/wp\/v2\/product_tag?post=5502"}],"curies":[{"name":"wp","href":"https:\/\/api.w.org\/{rel}","templated":true}]}}