{"id":5487,"date":"2025-05-23T15:07:29","date_gmt":"2025-05-23T13:07:29","guid":{"rendered":"https:\/\/audioconsulting.eu\/shop\/?post_type=product&#038;p=5487"},"modified":"2025-05-24T14:20:04","modified_gmt":"2025-05-24T12:20:04","slug":"ars-machinae-bm1","status":"publish","type":"product","link":"https:\/\/audioconsulting.eu\/shop\/produkt\/ars-machinae-bm1\/","title":{"rendered":"Ars Machinae BM1"},"content":{"rendered":"<div class=\"elementor-column elementor-col-50 elementor-inner-column elementor-element elementor-element-d6a9e2a\" data-id=\"d6a9e2a\" data-element_type=\"column\">\n<div class=\"elementor-widget-wrap elementor-element-populated\">\n<div class=\"elementor-element elementor-element-6e62a80 elementor-widget elementor-widget-text-editor is-mac\" data-id=\"6e62a80\" data-element_type=\"widget\" data-widget_type=\"text-editor.default\">\n<div class=\"elementor-widget-container\">\n<div class=\"elementor-column elementor-col-50 elementor-inner-column elementor-element elementor-element-6077c47\" data-id=\"6077c47\" data-element_type=\"column\">\n<div class=\"elementor-widget-wrap elementor-element-populated\">\n<div class=\"elementor-element elementor-element-93b4e92 elementor-widget elementor-widget-heading is-mac\" data-id=\"93b4e92\" data-element_type=\"widget\" data-widget_type=\"heading.default\">\n<div class=\"elementor-widget-container\">\n<section class=\"elementor-section elementor-top-section elementor-element elementor-element-92214a0 elementor-section-boxed elementor-section-height-default elementor-section-height-default\" data-id=\"92214a0\" data-element_type=\"section\">\n<div class=\"elementor-container elementor-column-gap-default\">\n<div class=\"elementor-column elementor-col-100 elementor-top-column elementor-element elementor-element-d4eaa27\" data-id=\"d4eaa27\" data-element_type=\"column\">\n<div class=\"elementor-widget-wrap elementor-element-populated\">\n<div class=\"elementor-element elementor-element-026eb44 elementor-widget elementor-widget-heading is-mac\" data-id=\"026eb44\" data-element_type=\"widget\" data-widget_type=\"heading.default\">\n<div class=\"elementor-widget-container\"><\/div>\n<\/div>\n<\/div>\n<\/div>\n<\/div>\n<\/section>\n<div class=\"elementor-column elementor-col-50 elementor-inner-column elementor-element elementor-element-6077c47\" data-id=\"6077c47\" data-element_type=\"column\">\n<div class=\"elementor-widget-wrap elementor-element-populated\">\n<div class=\"elementor-element elementor-element-0df97df elementor-widget elementor-widget-text-editor is-mac\" data-id=\"0df97df\" data-element_type=\"widget\" data-widget_type=\"text-editor.default\">\n<div class=\"elementor-widget-container\">\n<div class=\"elementor-column elementor-col-50 elementor-inner-column elementor-element elementor-element-99c0b39\" data-id=\"99c0b39\" data-element_type=\"column\">\n<div class=\"elementor-widget-wrap elementor-element-populated\">\n<div class=\"elementor-element elementor-element-33b6f9b elementor-widget elementor-widget-text-editor is-mac\" data-id=\"33b6f9b\" data-element_type=\"widget\" data-widget_type=\"text-editor.default\">\n<div class=\"elementor-widget-container\">\n<div class=\"elementor-element elementor-element-7f0125c elementor-widget elementor-widget-text-editor is-mac\" data-id=\"7f0125c\" data-element_type=\"widget\" data-widget_type=\"text-editor.default\">\n<div class=\"elementor-widget-container\">\n<section class=\"elementor-section elementor-top-section elementor-element elementor-element-97507f9 elementor-section-boxed elementor-section-height-default elementor-section-height-default\" data-id=\"97507f9\" data-element_type=\"section\">\n<div class=\"elementor-container elementor-column-gap-default\">\n<div class=\"elementor-column elementor-col-100 elementor-top-column elementor-element elementor-element-56ce9f0\" data-id=\"56ce9f0\" data-element_type=\"column\">\n<div class=\"elementor-widget-wrap elementor-element-populated\">\n<section class=\"elementor-section elementor-inner-section elementor-element elementor-element-0a20279 elementor-hidden-mobile elementor-section-boxed elementor-section-height-default elementor-section-height-default\" data-id=\"0a20279\" data-element_type=\"section\">\n<div class=\"elementor-container elementor-column-gap-wide\">\n<div class=\"elementor-column elementor-col-50 elementor-inner-column elementor-element elementor-element-e27dd37\" data-id=\"e27dd37\" data-element_type=\"column\">\n<div class=\"elementor-widget-wrap elementor-element-populated\">\n<div class=\"elementor-element elementor-element-00f9e7d elementor-widget elementor-widget-text-editor is-mac\" data-id=\"00f9e7d\" data-element_type=\"widget\" data-widget_type=\"text-editor.default\">\n<div class=\"elementor-widget-container\">\n<p><strong>Der BM1 ist ein neuartig schwingungsbed\u00e4mpftes Masselaufwerk<\/strong> und bietet eine excellente Tonwiedergabequalit\u00e4t. Er hat ein einzigartig ruhiges Klangbild. Bildlich beschrieben ist es eine hohe Aufl\u00f6sung auf tiefschwarzem Hintergrund. Das kommt dem H\u00f6rer zugute durch entspanntes und genussvolles Musikh\u00f6ren. Entwickelt von Dipl. Ing. Ralf W\u00f6lfel, der die Physik der Tonwiedergabe von Grund auf neu durchdacht hat. Die Technik dahinter: Jedes einzelne Bauteil ist bis an die Grenze des technisch Machbaren auf die Vermeidung von st\u00f6renden Schwingungen optimiert. Mehr kann ein Plattenspieler<br \/>\nnicht leisten.<\/p>\n<p><strong>Das puristische Design des TM1<\/strong> verbirgt in unaufdringlicher, leichter Weise sein technisch komplexes Innenleben. Ausgezeichnet wurde das Design mit dem European Design Award in der Kategorie Gewinner 2020.<\/p>\n<p><strong>Der Plattenteller<\/strong> ist das Herzst\u00fcck dieses Plattenspielers. Sechs massive Lagen bestehend aus Corian\u00ae, Aluminium und Grafit auf wurden anspruchsvolle Weise miteinander verbunden. Das Resultat: Eine extrem steife und ultra bed\u00e4mpfte Einheit. St\u00f6rende Schwingungen werden verhindert. Ein Effekt, der sich im Klangbild sp\u00fcrbar positiv bemerkbar macht.<\/p>\n<p><strong>Das Plattentellerlager<\/strong> ist eine patentierte Ars Machinae Neuentwicklung. Es verbindet auf clevere Weise die Vorteile verschiedener g\u00e4ngiger Lagervarianten und ist dadurch besonders nutzerfreundlich. Und so funktioniert es: Die Lagerkugel bekommt trotz ihrer oben liegenden Position permanenten \u00d6lkontakt. Damit ist der Plattenteller optimal stabilisiert und gleichzetig laufruhig und verschleissfrei.<\/p>\n<p>Lieferung incl. Basis, Laufwerk, Tonarm Ars Machinae Lignum L, ohen Tonabnehmersystem.<\/p>\n<p>Die Kundenspezifische Fertigung bedingt eine Lieferzeit von ca. 8 Wochen ab Bestelleingang.<\/p>\n<\/div>\n<\/div>\n<\/div>\n<\/div>\n<\/div>\n<\/section>\n<\/div>\n<\/div>\n<\/div>\n<\/section>\n<\/div>\n<\/div>\n<\/div>\n<\/div>\n<\/div>\n<\/div>\n<\/div>\n<\/div>\n<\/div>\n<\/div>\n<\/div>\n<\/div>\n<\/div>\n<\/div>\n<\/div>\n<\/div>\n<\/div>\n<\/div>\n","protected":false},"excerpt":{"rendered":"<p>Der BM1 ist ein neuartig schwingungsbed\u00e4mpftes Masselaufwerk und bietet eine excellente Tonwiedergabequalit\u00e4t. Er hat ein einzigartig ruhiges Klangbild. Bildlich beschrieben ist es eine hohe Aufl\u00f6sung auf tiefschwarzem Hintergrund. Das kommt dem H\u00f6rer zugute durch entspanntes und genussvolles Musikh\u00f6ren. Entwickelt von Dipl. Ing. Ralf W\u00f6lfel, der die Physik der Tonwiedergabe von Grund auf neu durchdacht hat. [&hellip;]<\/p>\n","protected":false},"featured_media":5491,"comment_status":"closed","ping_status":"closed","template":"","meta":[],"product_cat":[147,146],"product_tag":[],"class_list":{"0":"post-5487","1":"product","2":"type-product","3":"status-publish","4":"has-post-thumbnail","6":"product_cat-laufwerke","7":"product_cat-vinylwelten","9":"first","10":"instock","11":"taxable","12":"shipping-taxable","13":"purchasable","14":"product-type-simple"},"_links":{"self":[{"href":"https:\/\/audioconsulting.eu\/shop\/wp-json\/wp\/v2\/product\/5487","targetHints":{"allow":["GET"]}}],"collection":[{"href":"https:\/\/audioconsulting.eu\/shop\/wp-json\/wp\/v2\/product"}],"about":[{"href":"https:\/\/audioconsulting.eu\/shop\/wp-json\/wp\/v2\/types\/product"}],"replies":[{"embeddable":true,"href":"https:\/\/audioconsulting.eu\/shop\/wp-json\/wp\/v2\/comments?post=5487"}],"wp:featuredmedia":[{"embeddable":true,"href":"https:\/\/audioconsulting.eu\/shop\/wp-json\/wp\/v2\/media\/5491"}],"wp:attachment":[{"href":"https:\/\/audioconsulting.eu\/shop\/wp-json\/wp\/v2\/media?parent=5487"}],"wp:term":[{"taxonomy":"product_cat","embeddable":true,"href":"https:\/\/audioconsulting.eu\/shop\/wp-json\/wp\/v2\/product_cat?post=5487"},{"taxonomy":"product_tag","embeddable":true,"href":"https:\/\/audioconsulting.eu\/shop\/wp-json\/wp\/v2\/product_tag?post=5487"}],"curies":[{"name":"wp","href":"https:\/\/api.w.org\/{rel}","templated":true}]}}