{"id":5475,"date":"2025-01-11T21:47:39","date_gmt":"2025-01-11T19:47:39","guid":{"rendered":"https:\/\/audioconsulting.eu\/shop\/?post_type=product&#038;p=5475"},"modified":"2025-01-11T22:11:12","modified_gmt":"2025-01-11T20:11:12","slug":"manger-s1","status":"publish","type":"product","link":"https:\/\/audioconsulting.eu\/shop\/produkt\/manger-s1\/","title":{"rendered":"Manger s1"},"content":{"rendered":"<h4>High End Aktivlautsprecher mit dem legend\u00e4ren Manger Schallwandler.<\/h4>\n<p>Zeitliche Perfektion ist das Ger\u00fcst der Musik \u2013 im Original wie in der Reproduktion. Die s1 Aktivlautsprecher folgen dieser Choreografie so konsequent wie keine anderen Wandler und sind so in der Lage Musik unverf\u00e4lscht und ganzheitlich wiederzugeben.<\/p>\n<div class=\"block block-right block-bold \">\n<h4>Design und Technik im Einklang<\/h4>\n<p>Ihre attraktive Form verbirgt geschickt Aufwand und Akribie, die in jedem Detail einer s1 stecken. Ein ultrastabiles Ger\u00fcst im Inneren des Lautsprechers verhindert klangsch\u00e4dliche Resonanzen der Geh\u00e4usew\u00e4nde und Stehwellen im Innenraum. Die Chassis sind penibel in eine 38 Millimeter starke Front eingelassen und verf\u00fcgen jeweils \u00fcber ein eigenes, geschlossenes Abteil. Gro\u00dfz\u00fcgig abgerundete Geh\u00e4usekanten vermindern Schallbeugung, optimieren das Abstrahlverhalten und unterstreichen die zeitlose Eleganz dieser Ausnahme-Lautsprecher.<\/p>\n<\/div>\n<div class=\"block block-right block-bold \">\n<h4><strong>Durchdacht bis ins Detail<\/strong><\/h4>\n<p>Kein Element der s1 ist Zufall, die Bedeutung jedes einzelnen Bauteils versteht Manger als Teil einer Kette, die eben nur so stark sein kann wie ihr schw\u00e4chstes Glied. So sind nicht nur die Chassis \u00fcber langzeitstabile Gewindeschrauben mit dem Korpus verbunden, ebenso die Verst\u00e4rker- und Steuerelektronik. Das Geh\u00e4use f\u00fcr die Elektronik besteht aus penibel gefertigtem und resonanzarmem Aluminium und schmiegt sich bruchlos an den Lautsprecherkorpus an. Kabel werden in einer gro\u00dfz\u00fcgigen Aussparung von unten zugef\u00fchrt, das unterbindet ein Abknicken der Kabel.Die solide Sockelkonstruktion der s1 garantiert den Modellen \u00fcber die innovativen und praktischen Manger Conefeet cf1 perfekten Kontakt zum Untergrund.<\/p>\n<p>2-Wege Aktivlautsprecher<\/p>\n<p>180 Watt Mittelhochton<\/p>\n<p>250 Watt Tiefton<\/p>\n<p>Class AB-Verst\u00e4rkung, vollst\u00e4ndig analoger Signalpfad<\/p>\n<p>Erh\u00e4ltlich in vielen RAL-Farben. High Gloss Finishes kosten 800.- \u20ac Aufpreis. Bitte <a href=\"https:\/\/audioconsulting.eu\/shop\/kontakt\/\" target=\"_blank\" rel=\"noopener\">kontaktieren Sie uns f\u00fcr Details.<\/a><\/p>\n<\/div>\n","protected":false},"excerpt":{"rendered":"<p>High End Aktivlautsprecher mit dem legend\u00e4ren Manger Schallwandler. Zeitliche Perfektion ist das Ger\u00fcst der Musik \u2013 im Original wie in der Reproduktion. Die s1 Aktivlautsprecher folgen dieser Choreografie so konsequent wie keine anderen Wandler und sind so in der Lage Musik unverf\u00e4lscht und ganzheitlich wiederzugeben. Design und Technik im Einklang Ihre attraktive Form verbirgt geschickt [&hellip;]<\/p>\n","protected":false},"featured_media":5479,"comment_status":"closed","ping_status":"closed","template":"","meta":[],"product_cat":[140,145],"product_tag":[139,138,144],"class_list":{"0":"post-5475","1":"product","2":"type-product","3":"status-publish","4":"has-post-thumbnail","6":"product_cat-lautsprecher","7":"product_cat-manger","8":"product_tag-high-end","9":"product_tag-lautsprecher","10":"product_tag-manger","12":"first","13":"instock","14":"taxable","15":"shipping-taxable","16":"purchasable","17":"product-type-simple"},"_links":{"self":[{"href":"https:\/\/audioconsulting.eu\/shop\/wp-json\/wp\/v2\/product\/5475","targetHints":{"allow":["GET"]}}],"collection":[{"href":"https:\/\/audioconsulting.eu\/shop\/wp-json\/wp\/v2\/product"}],"about":[{"href":"https:\/\/audioconsulting.eu\/shop\/wp-json\/wp\/v2\/types\/product"}],"replies":[{"embeddable":true,"href":"https:\/\/audioconsulting.eu\/shop\/wp-json\/wp\/v2\/comments?post=5475"}],"wp:featuredmedia":[{"embeddable":true,"href":"https:\/\/audioconsulting.eu\/shop\/wp-json\/wp\/v2\/media\/5479"}],"wp:attachment":[{"href":"https:\/\/audioconsulting.eu\/shop\/wp-json\/wp\/v2\/media?parent=5475"}],"wp:term":[{"taxonomy":"product_cat","embeddable":true,"href":"https:\/\/audioconsulting.eu\/shop\/wp-json\/wp\/v2\/product_cat?post=5475"},{"taxonomy":"product_tag","embeddable":true,"href":"https:\/\/audioconsulting.eu\/shop\/wp-json\/wp\/v2\/product_tag?post=5475"}],"curies":[{"name":"wp","href":"https:\/\/api.w.org\/{rel}","templated":true}]}}