{"id":5468,"date":"2025-01-11T20:18:35","date_gmt":"2025-01-11T18:18:35","guid":{"rendered":"https:\/\/audioconsulting.eu\/shop\/?post_type=product&#038;p=5468"},"modified":"2025-01-11T20:22:54","modified_gmt":"2025-01-11T18:22:54","slug":"spl-diamond","status":"publish","type":"product","link":"https:\/\/audioconsulting.eu\/shop\/produkt\/spl-diamond\/","title":{"rendered":"SPL Diamond"},"content":{"rendered":"<div class=\"elementor-column elementor-col-50 elementor-inner-column elementor-element elementor-element-d6a9e2a\" data-id=\"d6a9e2a\" data-element_type=\"column\">\n<div class=\"elementor-widget-wrap elementor-element-populated\">\n<div class=\"elementor-element elementor-element-6e62a80 elementor-widget elementor-widget-text-editor is-mac\" data-id=\"6e62a80\" data-element_type=\"widget\" data-widget_type=\"text-editor.default\">\n<div class=\"elementor-widget-container\">\n<div class=\"elementor-column elementor-col-50 elementor-inner-column elementor-element elementor-element-6077c47\" data-id=\"6077c47\" data-element_type=\"column\">\n<div class=\"elementor-widget-wrap elementor-element-populated\">\n<div class=\"elementor-element elementor-element-93b4e92 elementor-widget elementor-widget-heading is-mac\" data-id=\"93b4e92\" data-element_type=\"widget\" data-widget_type=\"heading.default\">\n<div class=\"elementor-widget-container\">\n<section class=\"elementor-section elementor-top-section elementor-element elementor-element-92214a0 elementor-section-boxed elementor-section-height-default elementor-section-height-default\" data-id=\"92214a0\" data-element_type=\"section\">\n<div class=\"elementor-container elementor-column-gap-default\">\n<div class=\"elementor-column elementor-col-100 elementor-top-column elementor-element elementor-element-d4eaa27\" data-id=\"d4eaa27\" data-element_type=\"column\">\n<div class=\"elementor-widget-wrap elementor-element-populated\">\n<div class=\"elementor-element elementor-element-026eb44 elementor-widget elementor-widget-heading is-mac\" data-id=\"026eb44\" data-element_type=\"widget\" data-widget_type=\"heading.default\">\n<div class=\"elementor-widget-container\">\n<h4 class=\"elementor-heading-title elementor-size-default\">Der Premium-DAC mit VOLTAiR-Technologie.<\/h4>\n<\/div>\n<\/div>\n<\/div>\n<\/div>\n<\/div>\n<\/section>\n<section class=\"elementor-section elementor-top-section elementor-element elementor-element-6cd5783 elementor-section-boxed elementor-section-height-default elementor-section-height-default\" data-id=\"6cd5783\" data-element_type=\"section\">\n<div class=\"elementor-container elementor-column-gap-default\">\n<div class=\"elementor-column elementor-col-100 elementor-top-column elementor-element elementor-element-1568721\" data-id=\"1568721\" data-element_type=\"column\">\n<div class=\"elementor-widget-wrap elementor-element-populated\">\n<div class=\"elementor-element elementor-element-a8a2a54 elementor-widget elementor-widget-text-editor is-mac\" data-id=\"a8a2a54\" data-element_type=\"widget\" data-widget_type=\"text-editor.default\">\n<div class=\"elementor-widget-container\">\n<p>Diamond ist der ideale DAC und Vorverst\u00e4rker f\u00fcr alle, die Musik ausschlie\u00dflich von digitalen Quellen wiedergeben. Diamond bietet Anschlussm\u00f6glichkeit f\u00fcr sechs digitale Quellen und eine externe Word-Clock. Die \u00fcberragende VOLTAiR-Technologie, in Kombination mit dem Premium-DAC, l\u00e4sst digitale Zuspieler in neuen Klangdimensionen vorspielen. Die analoge Lautst\u00e4rke-Regelung sorgt auch bei niedrigen Lautst\u00e4rken f\u00fcr hochaufgel\u00f6ste Dynamik.<\/p>\n<\/div>\n<div class=\"elementor-column elementor-col-50 elementor-top-column elementor-element elementor-element-53ab383\" data-id=\"53ab383\" data-element_type=\"column\">\n<div class=\"elementor-widget-wrap elementor-element-populated\">\n<div class=\"elementor-element elementor-element-baeb240 elementor-widget elementor-widget-heading is-mac\" data-id=\"baeb240\" data-element_type=\"widget\" data-widget_type=\"heading.default\">\n<div class=\"elementor-widget-container\">\n<h4 class=\"elementor-heading-title elementor-size-default\">Alles unter Kontrolle<\/h4>\n<\/div>\n<\/div>\n<div class=\"elementor-element elementor-element-975532c elementor-widget elementor-widget-text-editor is-mac\" data-id=\"975532c\" data-element_type=\"widget\" data-widget_type=\"text-editor.default\">\n<div class=\"elementor-widget-container\">\n<p>Die Lautst\u00e4rke wird mit einem massiven, aus Aluminium gefr\u00e4sten, Drehknopf eingestellt. Das Alps RK27 \u201eBig Blue\u201c-Potentiometer vermittelt ein angenehmes \u201eL\u00f6ffel im Honig\u201c Drehgef\u00fchl.<\/p>\n<\/div>\n<\/div>\n<\/div>\n<\/div>\n<\/div>\n<\/div>\n<\/div>\n<\/div>\n<\/section>\n<div class=\"elementor-column elementor-col-50 elementor-inner-column elementor-element elementor-element-6077c47\" data-id=\"6077c47\" data-element_type=\"column\">\n<div class=\"elementor-widget-wrap elementor-element-populated\">\n<div class=\"elementor-element elementor-element-93b4e92 elementor-widget elementor-widget-heading is-mac\" data-id=\"93b4e92\" data-element_type=\"widget\" data-widget_type=\"heading.default\">\n<div class=\"elementor-widget-container\">\n<h4 class=\"elementor-heading-title elementor-size-default\">Quell der Freude<\/h4>\n<\/div>\n<\/div>\n<div class=\"elementor-element elementor-element-0df97df elementor-widget elementor-widget-text-editor is-mac\" data-id=\"0df97df\" data-element_type=\"widget\" data-widget_type=\"text-editor.default\">\n<div class=\"elementor-widget-container\">\n<p>Bis zu zehn (6 !) digitale Stereoquellen k\u00f6nnen an den Diamond angeschlossen werden.<\/p>\n<div class=\"elementor-column elementor-col-50 elementor-inner-column elementor-element elementor-element-99c0b39\" data-id=\"99c0b39\" data-element_type=\"column\">\n<div class=\"elementor-widget-wrap elementor-element-populated\">\n<div class=\"elementor-element elementor-element-33b6f9b elementor-widget elementor-widget-text-editor is-mac\" data-id=\"33b6f9b\" data-element_type=\"widget\" data-widget_type=\"text-editor.default\">\n<div class=\"elementor-widget-container\">\n<div class=\"elementor-element elementor-element-7f0125c elementor-widget elementor-widget-text-editor is-mac\" data-id=\"7f0125c\" data-element_type=\"widget\" data-widget_type=\"text-editor.default\">\n<div class=\"elementor-widget-container\">\n<section class=\"elementor-section elementor-top-section elementor-element elementor-element-97507f9 elementor-section-boxed elementor-section-height-default elementor-section-height-default\" data-id=\"97507f9\" data-element_type=\"section\">\n<div class=\"elementor-container elementor-column-gap-default\">\n<div class=\"elementor-column elementor-col-100 elementor-top-column elementor-element elementor-element-56ce9f0\" data-id=\"56ce9f0\" data-element_type=\"column\">\n<div class=\"elementor-widget-wrap elementor-element-populated\">\n<section class=\"elementor-section elementor-inner-section elementor-element elementor-element-0a20279 elementor-hidden-mobile elementor-section-boxed elementor-section-height-default elementor-section-height-default\" data-id=\"0a20279\" data-element_type=\"section\">\n<div class=\"elementor-container elementor-column-gap-wide\">\n<div class=\"elementor-column elementor-col-50 elementor-inner-column elementor-element elementor-element-e27dd37\" data-id=\"e27dd37\" data-element_type=\"column\">\n<div class=\"elementor-widget-wrap elementor-element-populated\">\n<div class=\"elementor-element elementor-element-00f9e7d elementor-widget elementor-widget-text-editor is-mac\" data-id=\"00f9e7d\" data-element_type=\"widget\" data-widget_type=\"text-editor.default\">\n<div class=\"elementor-widget-container\">\n<p>&nbsp;<\/p>\n<\/div>\n<\/div>\n<\/div>\n<\/div>\n<\/div>\n<\/section>\n<\/div>\n<\/div>\n<\/div>\n<\/section>\n<\/div>\n<\/div>\n<\/div>\n<\/div>\n<\/div>\n<\/div>\n<\/div>\n<\/div>\n<\/div>\n<\/div>\n<p><img loading=\"lazy\" decoding=\"async\" class=\"alignleft wp-image-5407\" src=\"https:\/\/audioconsulting.eu\/shop\/wp-content\/uploads\/2024\/12\/SPL_Authorized_Dealer_HiFi.jpg\" alt=\"\" width=\"247\" height=\"247\" srcset=\"https:\/\/audioconsulting.eu\/shop\/wp-content\/uploads\/2024\/12\/SPL_Authorized_Dealer_HiFi.jpg 600w, https:\/\/audioconsulting.eu\/shop\/wp-content\/uploads\/2024\/12\/SPL_Authorized_Dealer_HiFi-300x300.jpg 300w, https:\/\/audioconsulting.eu\/shop\/wp-content\/uploads\/2024\/12\/SPL_Authorized_Dealer_HiFi-80x80.jpg 80w, https:\/\/audioconsulting.eu\/shop\/wp-content\/uploads\/2024\/12\/SPL_Authorized_Dealer_HiFi-36x36.jpg 36w, https:\/\/audioconsulting.eu\/shop\/wp-content\/uploads\/2024\/12\/SPL_Authorized_Dealer_HiFi-180x180.jpg 180w, https:\/\/audioconsulting.eu\/shop\/wp-content\/uploads\/2024\/12\/SPL_Authorized_Dealer_HiFi-120x120.jpg 120w, https:\/\/audioconsulting.eu\/shop\/wp-content\/uploads\/2024\/12\/SPL_Authorized_Dealer_HiFi-450x450.jpg 450w, https:\/\/audioconsulting.eu\/shop\/wp-content\/uploads\/2024\/12\/SPL_Authorized_Dealer_HiFi-200x200.jpg 200w, https:\/\/audioconsulting.eu\/shop\/wp-content\/uploads\/2024\/12\/SPL_Authorized_Dealer_HiFi-100x100.jpg 100w\" sizes=\"auto, (max-width: 247px) 100vw, 247px\" \/><\/p>\n<\/div>\n<\/div>\n<\/div>\n<\/div>\n<\/div>\n<\/div>\n<\/div>\n<\/div>\n","protected":false},"excerpt":{"rendered":"<p>Der Premium-DAC mit VOLTAiR-Technologie. Diamond ist der ideale DAC und Vorverst\u00e4rker f\u00fcr alle, die Musik ausschlie\u00dflich von digitalen Quellen wiedergeben. Diamond bietet Anschlussm\u00f6glichkeit f\u00fcr sechs digitale Quellen und eine externe Word-Clock. Die \u00fcberragende VOLTAiR-Technologie, in Kombination mit dem Premium-DAC, l\u00e4sst digitale Zuspieler in neuen Klangdimensionen vorspielen. Die analoge Lautst\u00e4rke-Regelung sorgt auch bei niedrigen Lautst\u00e4rken f\u00fcr [&hellip;]<\/p>\n","protected":false},"featured_media":5470,"comment_status":"closed","ping_status":"closed","template":"","meta":[],"product_cat":[142],"product_tag":[],"class_list":{"0":"post-5468","1":"product","2":"type-product","3":"status-publish","4":"has-post-thumbnail","6":"product_cat-vorverstaerker","8":"first","9":"instock","10":"taxable","11":"shipping-taxable","12":"purchasable","13":"product-type-simple"},"_links":{"self":[{"href":"https:\/\/audioconsulting.eu\/shop\/wp-json\/wp\/v2\/product\/5468","targetHints":{"allow":["GET"]}}],"collection":[{"href":"https:\/\/audioconsulting.eu\/shop\/wp-json\/wp\/v2\/product"}],"about":[{"href":"https:\/\/audioconsulting.eu\/shop\/wp-json\/wp\/v2\/types\/product"}],"replies":[{"embeddable":true,"href":"https:\/\/audioconsulting.eu\/shop\/wp-json\/wp\/v2\/comments?post=5468"}],"wp:featuredmedia":[{"embeddable":true,"href":"https:\/\/audioconsulting.eu\/shop\/wp-json\/wp\/v2\/media\/5470"}],"wp:attachment":[{"href":"https:\/\/audioconsulting.eu\/shop\/wp-json\/wp\/v2\/media?parent=5468"}],"wp:term":[{"taxonomy":"product_cat","embeddable":true,"href":"https:\/\/audioconsulting.eu\/shop\/wp-json\/wp\/v2\/product_cat?post=5468"},{"taxonomy":"product_tag","embeddable":true,"href":"https:\/\/audioconsulting.eu\/shop\/wp-json\/wp\/v2\/product_tag?post=5468"}],"curies":[{"name":"wp","href":"https:\/\/api.w.org\/{rel}","templated":true}]}}