{"id":5457,"date":"2025-01-11T19:57:30","date_gmt":"2025-01-11T17:57:30","guid":{"rendered":"https:\/\/audioconsulting.eu\/shop\/?post_type=product&#038;p=5457"},"modified":"2025-01-11T20:06:11","modified_gmt":"2025-01-11T18:06:11","slug":"spl-elector","status":"publish","type":"product","link":"https:\/\/audioconsulting.eu\/shop\/produkt\/spl-elector\/","title":{"rendered":"SPL Elector"},"content":{"rendered":"<div class=\"elementor-column elementor-col-50 elementor-inner-column elementor-element elementor-element-d6a9e2a\" data-id=\"d6a9e2a\" data-element_type=\"column\">\n<div class=\"elementor-widget-wrap elementor-element-populated\">\n<div class=\"elementor-element elementor-element-6e62a80 elementor-widget elementor-widget-text-editor is-mac\" data-id=\"6e62a80\" data-element_type=\"widget\" data-widget_type=\"text-editor.default\">\n<div class=\"elementor-widget-container\">\n<div class=\"elementor-column elementor-col-50 elementor-inner-column elementor-element elementor-element-6077c47\" data-id=\"6077c47\" data-element_type=\"column\">\n<div class=\"elementor-widget-wrap elementor-element-populated\">\n<div class=\"elementor-element elementor-element-93b4e92 elementor-widget elementor-widget-heading is-mac\" data-id=\"93b4e92\" data-element_type=\"widget\" data-widget_type=\"heading.default\">\n<div class=\"elementor-widget-container\">\n<section class=\"elementor-section elementor-top-section elementor-element elementor-element-6eb9117 elementor-section-boxed elementor-section-height-default elementor-section-height-default\" data-id=\"6eb9117\" data-element_type=\"section\">\n<div class=\"elementor-container elementor-column-gap-default\">\n<div class=\"elementor-column elementor-col-100 elementor-top-column elementor-element elementor-element-2ce9371\" data-id=\"2ce9371\" data-element_type=\"column\">\n<div class=\"elementor-widget-wrap elementor-element-populated\">\n<div class=\"elementor-element elementor-element-33e696a elementor-widget elementor-widget-heading is-mac\" data-id=\"33e696a\" data-element_type=\"widget\" data-widget_type=\"heading.default\">\n<div class=\"elementor-widget-container\">\n<h4 class=\"elementor-heading-title elementor-size-default\">Der analoge Purist<\/h4>\n<\/div>\n<\/div>\n<\/div>\n<\/div>\n<\/div>\n<\/section>\n<section class=\"elementor-section elementor-top-section elementor-element elementor-element-8ec020a elementor-section-boxed elementor-section-height-default elementor-section-height-default\" data-id=\"8ec020a\" data-element_type=\"section\">\n<div class=\"elementor-container elementor-column-gap-default\">\n<div class=\"elementor-column elementor-col-100 elementor-top-column elementor-element elementor-element-13ea7b4\" data-id=\"13ea7b4\" data-element_type=\"column\">\n<div class=\"elementor-widget-wrap elementor-element-populated\">\n<div class=\"elementor-element elementor-element-b0f71d3 elementor-widget elementor-widget-text-editor is-mac\" data-id=\"b0f71d3\" data-element_type=\"widget\" data-widget_type=\"text-editor.default\">\n<div class=\"elementor-widget-container\">\n<p>Der Elector ist der perfekte Vorverst\u00e4rker f\u00fcr den Liebhaber purer Analog-Technik. Mit motorisiertem, fernsteuerbarerem Lautst\u00e4rke-Regler, Tape-Monitor-Weg, Retro-Look-VU-Meter und der alles \u00fcberragenden VOLTAiR-Technologie erweckt er analoge Quellen zu neuem Leben.<\/p>\n<\/div>\n<\/div>\n<\/div>\n<\/div>\n<\/div>\n<\/section>\n<div class=\"elementor-column elementor-col-50 elementor-inner-column elementor-element elementor-element-6077c47\" data-id=\"6077c47\" data-element_type=\"column\">\n<div class=\"elementor-widget-wrap elementor-element-populated\">\n<div class=\"elementor-element elementor-element-93b4e92 elementor-widget elementor-widget-heading is-mac\" data-id=\"93b4e92\" data-element_type=\"widget\" data-widget_type=\"heading.default\">\n<div class=\"elementor-widget-container\">\n<h4 class=\"elementor-heading-title elementor-size-default\">Quell der Freude<\/h4>\n<\/div>\n<\/div>\n<div class=\"elementor-element elementor-element-0df97df elementor-widget elementor-widget-text-editor is-mac\" data-id=\"0df97df\" data-element_type=\"widget\" data-widget_type=\"text-editor.default\">\n<div class=\"elementor-widget-container\">\n<p>Bis zu zehn (6 !) analoge Stereoquellen k\u00f6nnen an den Elector angeschlossen werden.<\/p>\n<div class=\"elementor-column elementor-col-50 elementor-inner-column elementor-element elementor-element-99c0b39\" data-id=\"99c0b39\" data-element_type=\"column\">\n<div class=\"elementor-widget-wrap elementor-element-populated\">\n<div class=\"elementor-element elementor-element-33b6f9b elementor-widget elementor-widget-text-editor is-mac\" data-id=\"33b6f9b\" data-element_type=\"widget\" data-widget_type=\"text-editor.default\">\n<div class=\"elementor-widget-container\">\n<div class=\"elementor-element elementor-element-7f0125c elementor-widget elementor-widget-text-editor is-mac\" data-id=\"7f0125c\" data-element_type=\"widget\" data-widget_type=\"text-editor.default\">\n<div class=\"elementor-widget-container\">\n<section class=\"elementor-section elementor-top-section elementor-element elementor-element-97507f9 elementor-section-boxed elementor-section-height-default elementor-section-height-default\" data-id=\"97507f9\" data-element_type=\"section\">\n<div class=\"elementor-container elementor-column-gap-default\">\n<div class=\"elementor-column elementor-col-100 elementor-top-column elementor-element elementor-element-56ce9f0\" data-id=\"56ce9f0\" data-element_type=\"column\">\n<div class=\"elementor-widget-wrap elementor-element-populated\">\n<section class=\"elementor-section elementor-inner-section elementor-element elementor-element-0a20279 elementor-hidden-mobile elementor-section-boxed elementor-section-height-default elementor-section-height-default\" data-id=\"0a20279\" data-element_type=\"section\">\n<div class=\"elementor-container elementor-column-gap-wide\">\n<div class=\"elementor-column elementor-col-50 elementor-inner-column elementor-element elementor-element-e27dd37\" data-id=\"e27dd37\" data-element_type=\"column\">\n<div class=\"elementor-widget-wrap elementor-element-populated\">\n<div class=\"elementor-element elementor-element-00f9e7d elementor-widget elementor-widget-text-editor is-mac\" data-id=\"00f9e7d\" data-element_type=\"widget\" data-widget_type=\"text-editor.default\">\n<div class=\"elementor-widget-container\">\n<p>&nbsp;<\/p>\n<\/div>\n<\/div>\n<\/div>\n<\/div>\n<\/div>\n<\/section>\n<\/div>\n<\/div>\n<\/div>\n<\/section>\n<\/div>\n<\/div>\n<\/div>\n<\/div>\n<\/div>\n<\/div>\n<\/div>\n<\/div>\n<\/div>\n<\/div>\n<p><img loading=\"lazy\" decoding=\"async\" class=\"alignleft wp-image-5407\" src=\"https:\/\/audioconsulting.eu\/shop\/wp-content\/uploads\/2024\/12\/SPL_Authorized_Dealer_HiFi.jpg\" alt=\"\" width=\"247\" height=\"247\" srcset=\"https:\/\/audioconsulting.eu\/shop\/wp-content\/uploads\/2024\/12\/SPL_Authorized_Dealer_HiFi.jpg 600w, https:\/\/audioconsulting.eu\/shop\/wp-content\/uploads\/2024\/12\/SPL_Authorized_Dealer_HiFi-300x300.jpg 300w, https:\/\/audioconsulting.eu\/shop\/wp-content\/uploads\/2024\/12\/SPL_Authorized_Dealer_HiFi-80x80.jpg 80w, https:\/\/audioconsulting.eu\/shop\/wp-content\/uploads\/2024\/12\/SPL_Authorized_Dealer_HiFi-36x36.jpg 36w, https:\/\/audioconsulting.eu\/shop\/wp-content\/uploads\/2024\/12\/SPL_Authorized_Dealer_HiFi-180x180.jpg 180w, https:\/\/audioconsulting.eu\/shop\/wp-content\/uploads\/2024\/12\/SPL_Authorized_Dealer_HiFi-120x120.jpg 120w, https:\/\/audioconsulting.eu\/shop\/wp-content\/uploads\/2024\/12\/SPL_Authorized_Dealer_HiFi-450x450.jpg 450w, https:\/\/audioconsulting.eu\/shop\/wp-content\/uploads\/2024\/12\/SPL_Authorized_Dealer_HiFi-200x200.jpg 200w, https:\/\/audioconsulting.eu\/shop\/wp-content\/uploads\/2024\/12\/SPL_Authorized_Dealer_HiFi-100x100.jpg 100w\" sizes=\"auto, (max-width: 247px) 100vw, 247px\" \/><\/p>\n<\/div>\n<\/div>\n<\/div>\n<\/div>\n<\/div>\n<\/div>\n<\/div>\n<\/div>\n","protected":false},"excerpt":{"rendered":"<p>Der analoge Purist Der Elector ist der perfekte Vorverst\u00e4rker f\u00fcr den Liebhaber purer Analog-Technik. Mit motorisiertem, fernsteuerbarerem Lautst\u00e4rke-Regler, Tape-Monitor-Weg, Retro-Look-VU-Meter und der alles \u00fcberragenden VOLTAiR-Technologie erweckt er analoge Quellen zu neuem Leben. Quell der Freude Bis zu zehn (6 !) analoge Stereoquellen k\u00f6nnen an den Elector angeschlossen werden. &nbsp;<\/p>\n","protected":false},"featured_media":5467,"comment_status":"closed","ping_status":"closed","template":"","meta":[],"product_cat":[142],"product_tag":[],"class_list":{"0":"post-5457","1":"product","2":"type-product","3":"status-publish","4":"has-post-thumbnail","6":"product_cat-vorverstaerker","8":"first","9":"instock","10":"taxable","11":"shipping-taxable","12":"purchasable","13":"product-type-simple"},"_links":{"self":[{"href":"https:\/\/audioconsulting.eu\/shop\/wp-json\/wp\/v2\/product\/5457","targetHints":{"allow":["GET"]}}],"collection":[{"href":"https:\/\/audioconsulting.eu\/shop\/wp-json\/wp\/v2\/product"}],"about":[{"href":"https:\/\/audioconsulting.eu\/shop\/wp-json\/wp\/v2\/types\/product"}],"replies":[{"embeddable":true,"href":"https:\/\/audioconsulting.eu\/shop\/wp-json\/wp\/v2\/comments?post=5457"}],"wp:featuredmedia":[{"embeddable":true,"href":"https:\/\/audioconsulting.eu\/shop\/wp-json\/wp\/v2\/media\/5467"}],"wp:attachment":[{"href":"https:\/\/audioconsulting.eu\/shop\/wp-json\/wp\/v2\/media?parent=5457"}],"wp:term":[{"taxonomy":"product_cat","embeddable":true,"href":"https:\/\/audioconsulting.eu\/shop\/wp-json\/wp\/v2\/product_cat?post=5457"},{"taxonomy":"product_tag","embeddable":true,"href":"https:\/\/audioconsulting.eu\/shop\/wp-json\/wp\/v2\/product_tag?post=5457"}],"curies":[{"name":"wp","href":"https:\/\/api.w.org\/{rel}","templated":true}]}}