{"id":5433,"date":"2024-12-01T22:59:14","date_gmt":"2024-12-01T20:59:14","guid":{"rendered":"https:\/\/audioconsulting.eu\/shop\/?post_type=product&#038;p=5433"},"modified":"2024-12-01T23:04:33","modified_gmt":"2024-12-01T21:04:33","slug":"spl-performer-s1200","status":"publish","type":"product","link":"https:\/\/audioconsulting.eu\/shop\/produkt\/spl-performer-s1200\/","title":{"rendered":"SPL Performer s1200"},"content":{"rendered":"<div class=\"elementor-column elementor-col-50 elementor-inner-column elementor-element elementor-element-d6a9e2a\" data-id=\"d6a9e2a\" data-element_type=\"column\">\n<div class=\"elementor-widget-wrap elementor-element-populated\">\n<div class=\"elementor-element elementor-element-6e62a80 elementor-widget elementor-widget-text-editor is-mac\" data-id=\"6e62a80\" data-element_type=\"widget\" data-widget_type=\"text-editor.default\">\n<div class=\"elementor-widget-container\">\n<div class=\"elementor-column elementor-col-50 elementor-inner-column elementor-element elementor-element-6077c47\" data-id=\"6077c47\" data-element_type=\"column\">\n<div class=\"elementor-widget-wrap elementor-element-populated\">\n<div class=\"elementor-element elementor-element-93b4e92 elementor-widget elementor-widget-heading is-mac\" data-id=\"93b4e92\" data-element_type=\"widget\" data-widget_type=\"heading.default\">\n<div class=\"elementor-widget-container\">\n<div class=\"elementor-column elementor-col-50 elementor-inner-column elementor-element elementor-element-6077c47\" data-id=\"6077c47\" data-element_type=\"column\">\n<div class=\"elementor-widget-wrap elementor-element-populated\">\n<div class=\"elementor-element elementor-element-93b4e92 elementor-widget elementor-widget-heading is-mac\" data-id=\"93b4e92\" data-element_type=\"widget\" data-widget_type=\"heading.default\">\n<div class=\"elementor-widget-container\">\n<div class=\"elementor-column elementor-col-50 elementor-inner-column elementor-element elementor-element-7528e85\" data-id=\"7528e85\" data-element_type=\"column\">\n<div class=\"elementor-widget-wrap elementor-element-populated\">\n<div class=\"elementor-element elementor-element-36a86e6 elementor-widget elementor-widget-heading is-mac\" data-id=\"36a86e6\" data-element_type=\"widget\" data-widget_type=\"heading.default\">\n<div class=\"elementor-widget-container\">\n<section class=\"elementor-section elementor-top-section elementor-element elementor-element-8ec020a elementor-section-boxed elementor-section-height-default elementor-section-height-default\" data-id=\"8ec020a\" data-element_type=\"section\">\n<div class=\"elementor-container elementor-column-gap-default\">\n<div class=\"elementor-column elementor-col-100 elementor-top-column elementor-element elementor-element-13ea7b4\" data-id=\"13ea7b4\" data-element_type=\"column\">\n<div class=\"elementor-widget-wrap elementor-element-populated\">\n<div class=\"elementor-element elementor-element-b0f71d3 elementor-widget elementor-widget-text-editor is-mac\" data-id=\"b0f71d3\" data-element_type=\"widget\" data-widget_type=\"text-editor.default\">\n<div class=\"elementor-widget-container\">\n<section class=\"elementor-section elementor-top-section elementor-element elementor-element-6eb9117 elementor-section-boxed elementor-section-height-default elementor-section-height-default\" data-id=\"6eb9117\" data-element_type=\"section\">\n<div class=\"elementor-container elementor-column-gap-default\">\n<div class=\"elementor-column elementor-col-100 elementor-top-column elementor-element elementor-element-2ce9371\" data-id=\"2ce9371\" data-element_type=\"column\">\n<div class=\"elementor-widget-wrap elementor-element-populated\">\n<div class=\"elementor-element elementor-element-33e696a elementor-widget elementor-widget-heading is-mac\" data-id=\"33e696a\" data-element_type=\"widget\" data-widget_type=\"heading.default\">\n<div class=\"elementor-widget-container\">\n<h4 class=\"elementor-heading-title elementor-size-default\">Die kraftvolle Stereo-Endstufe<\/h4>\n<\/div>\n<\/div>\n<\/div>\n<\/div>\n<\/div>\n<\/section>\n<section class=\"elementor-section elementor-top-section elementor-element elementor-element-8ec020a elementor-section-boxed elementor-section-height-default elementor-section-height-default\" data-id=\"8ec020a\" data-element_type=\"section\">\n<div class=\"elementor-container elementor-column-gap-default\">\n<div class=\"elementor-column elementor-col-100 elementor-top-column elementor-element elementor-element-13ea7b4\" data-id=\"13ea7b4\" data-element_type=\"column\">\n<div class=\"elementor-widget-wrap elementor-element-populated\">\n<div class=\"elementor-element elementor-element-b0f71d3 elementor-widget elementor-widget-text-editor is-mac\" data-id=\"b0f71d3\" data-element_type=\"widget\" data-widget_type=\"text-editor.default\">\n<div class=\"elementor-widget-container\">\n<p>Die gro\u00dfe Stereo-Endstufe f\u00fchrt auch die anspruchsvollsten Lautsprecher in vorher nie geh\u00f6rte Klangwelten. Mit einer Verst\u00e4rkerleistung von 2 x 520\u00a0W (4\u00a0\u03a9) [2 x 550\u00a0W (2\u00a0\u03a9); 2 x 300\u00a0W (8 \u03a9)] kontrolliert diese rein analoge Endstufe jeden Lautsprecher spielerisch.<\/p>\n<p>Dank VOLTAiR-Technologie ist die Performance des Performer\u00a0s1200 detailreich, lebendig, ehrlich und von musikalisch \u00fcberragendem Klang.<\/p>\n<\/div>\n<\/div>\n<\/div>\n<\/div>\n<\/div>\n<\/section>\n<\/div>\n<\/div>\n<\/div>\n<\/div>\n<\/div>\n<\/section>\n<div class=\"elementor-element elementor-element-6ae836c elementor-widget elementor-widget-heading is-mac\" data-id=\"6ae836c\" data-element_type=\"widget\" data-widget_type=\"heading.default\">\n<div class=\"elementor-widget-container\">\n<h4 class=\"elementor-heading-title elementor-size-default\">Individuell gestalten<\/h4>\n<\/div>\n<\/div>\n<section class=\"elementor-section elementor-inner-section elementor-element elementor-element-5c0f1d5 elementor-section-boxed elementor-section-height-default elementor-section-height-default\" data-id=\"5c0f1d5\" data-element_type=\"section\">\n<div class=\"elementor-container elementor-column-gap-default\">\n<div class=\"elementor-column elementor-col-100 elementor-inner-column elementor-element elementor-element-a66679c\" data-id=\"a66679c\" data-element_type=\"column\">\n<div class=\"elementor-widget-wrap elementor-element-populated\">\n<div class=\"elementor-element elementor-element-7e8f3e5 elementor-widget elementor-widget-text-editor is-mac\" data-id=\"7e8f3e5\" data-element_type=\"widget\" data-widget_type=\"text-editor.default\">\n<div class=\"elementor-widget-container\">\n<p>Neben der Auswahl der Grundfarbe Schwarz, Rot oder Silber gibt es weitere M\u00f6glichkeiten den Performer s1200 an individuelle Design-Vorlieben anzupassen. Mit den im Lieferumfang enthaltenen schwarzen, roten und silbernen Zierblenden k\u00f6nnen so insgesamt neun verschiedene Farbkombinationen realisiert werden.Die Zierblenden haften mithilfe eines starken Neodym-Magneten. Es ist also kein Werkzeug zum Wechseln n\u00f6tig.<\/p>\n<p>&nbsp;<\/p>\n<\/div>\n<\/div>\n<\/div>\n<\/div>\n<\/div>\n<\/section>\n<div class=\"elementor-column elementor-col-50 elementor-inner-column elementor-element elementor-element-602b878\" data-id=\"602b878\" data-element_type=\"column\">\n<div class=\"elementor-widget-wrap elementor-element-populated\">\n<div class=\"elementor-element elementor-element-88b970a elementor-widget elementor-widget-text-editor is-mac\" data-id=\"88b970a\" data-element_type=\"widget\" data-widget_type=\"text-editor.default\">\n<div class=\"elementor-widget-container\">\n<div class=\"elementor-column elementor-col-50 elementor-inner-column elementor-element elementor-element-7528e85\" data-id=\"7528e85\" data-element_type=\"column\">\n<div class=\"elementor-widget-wrap elementor-element-populated\">\n<div class=\"elementor-element elementor-element-36a86e6 elementor-widget elementor-widget-heading is-mac\" data-id=\"36a86e6\" data-element_type=\"widget\" data-widget_type=\"heading.default\">\n<div class=\"elementor-widget-container\">\n<h4 class=\"elementor-heading-title elementor-size-default\">Sicher ist sicher<\/h4>\n<\/div>\n<\/div>\n<div class=\"elementor-element elementor-element-6e62a80 elementor-widget elementor-widget-text-editor is-mac\" data-id=\"6e62a80\" data-element_type=\"widget\" data-widget_type=\"text-editor.default\">\n<div class=\"elementor-widget-container\">\n<p>Der Performer\u00a0s1200 hat eine Schutzschaltung gegen Gleichspannung und eine gegen \u00dcberhitzung.<br \/>\nWird Gleichspannung (DC) festgestellt, schaltet die Ausgangs-Stufe des s1200 automatisch ab und die Protect-LED leuchtet rot.<\/p>\n<p>Um den Performer\u00a0s1200 vor dem unwahrscheinlichen Fall der \u00dcberhitzung zu sch\u00fctzen, \u00fcberwacht ein Temperaturf\u00fchler an den K\u00fchlk\u00f6rpern kontinuierlich die Temperatur des Ger\u00e4ts.<\/p>\n<p>Die TEMP-LED leuchtet gelb, wenn der Performer\u00a0s1200 zu hei\u00df wird. Infolgedessen schaltet sich die Ausgangs-Stufe ab und die Ventilatoren laufen auf hoher Stufe um das Ger\u00e4t abzuk\u00fchlen.<\/p>\n<p>&nbsp;<\/p>\n<\/div>\n<\/div>\n<\/div>\n<\/div>\n<section class=\"elementor-section elementor-top-section elementor-element elementor-element-7fe5148 elementor-section-boxed elementor-section-height-default elementor-section-height-default\" data-id=\"7fe5148\" data-element_type=\"section\">\n<div class=\"elementor-container elementor-column-gap-default\">\n<div class=\"elementor-column elementor-col-100 elementor-top-column elementor-element elementor-element-9229c53\" data-id=\"9229c53\" data-element_type=\"column\">\n<div class=\"elementor-widget-wrap elementor-element-populated\">\n<section class=\"elementor-section elementor-inner-section elementor-element elementor-element-3ede3fa elementor-reverse-mobile elementor-section-full_width elementor-section-height-default elementor-section-height-default\" data-id=\"3ede3fa\" data-element_type=\"section\">\n<div class=\"elementor-container elementor-column-gap-wide\">\n<div class=\"elementor-column elementor-col-100 elementor-inner-column elementor-element elementor-element-56b807a\" data-id=\"56b807a\" data-element_type=\"column\">\n<div class=\"elementor-widget-wrap elementor-element-populated\">\n<div class=\"elementor-element elementor-element-4990060 elementor-widget elementor-widget-heading is-mac\" data-id=\"4990060\" data-element_type=\"widget\" data-widget_type=\"heading.default\">\n<div class=\"elementor-widget-container\">\n<h4 class=\"elementor-heading-title elementor-size-default\">Freie Auswahl<\/h4>\n<\/div>\n<\/div>\n<div class=\"elementor-element elementor-element-5335e29 elementor-widget elementor-widget-text-editor is-mac\" data-id=\"5335e29\" data-element_type=\"widget\" data-widget_type=\"text-editor.default\">\n<div class=\"elementor-widget-container\">\n<p>Der Performer s1200 hat je ein Stereo-Paar XLR- und RCA-Eing\u00e4nge.<br \/>\nSo ist er ohne Einsatz von Adaptern zu allen Vorstufen auf dem Markt kompatibel.<br \/>\n\u00dcber den r\u00fcckseitigen Input Select Schalter kann der entsprechende Stereo-Eingang ausgew\u00e4hlt werden.<\/p>\n<\/div>\n<\/div>\n<\/div>\n<\/div>\n<\/div>\n<\/section>\n<\/div>\n<\/div>\n<\/div>\n<\/section>\n<\/div>\n<\/div>\n<\/div>\n<\/div>\n<\/div>\n<\/div>\n<div class=\"elementor-element elementor-element-6e62a80 elementor-widget elementor-widget-text-editor is-mac\" data-id=\"6e62a80\" data-element_type=\"widget\" data-widget_type=\"text-editor.default\">\n<div class=\"elementor-widget-container\">\n<p>Erh\u00e4ltlich in silber, blau oder rot. Bitte bei Bestellung Farbwunsch angeben.<\/p>\n<\/div>\n<\/div>\n<\/div>\n<\/div>\n<\/div>\n<\/div>\n<\/div>\n<\/div>\n<p><img loading=\"lazy\" decoding=\"async\" class=\"alignleft wp-image-5407\" src=\"https:\/\/audioconsulting.eu\/shop\/wp-content\/uploads\/2024\/12\/SPL_Authorized_Dealer_HiFi.jpg\" alt=\"\" width=\"247\" height=\"247\" srcset=\"https:\/\/audioconsulting.eu\/shop\/wp-content\/uploads\/2024\/12\/SPL_Authorized_Dealer_HiFi.jpg 600w, https:\/\/audioconsulting.eu\/shop\/wp-content\/uploads\/2024\/12\/SPL_Authorized_Dealer_HiFi-300x300.jpg 300w, https:\/\/audioconsulting.eu\/shop\/wp-content\/uploads\/2024\/12\/SPL_Authorized_Dealer_HiFi-80x80.jpg 80w, https:\/\/audioconsulting.eu\/shop\/wp-content\/uploads\/2024\/12\/SPL_Authorized_Dealer_HiFi-36x36.jpg 36w, https:\/\/audioconsulting.eu\/shop\/wp-content\/uploads\/2024\/12\/SPL_Authorized_Dealer_HiFi-180x180.jpg 180w, https:\/\/audioconsulting.eu\/shop\/wp-content\/uploads\/2024\/12\/SPL_Authorized_Dealer_HiFi-120x120.jpg 120w, https:\/\/audioconsulting.eu\/shop\/wp-content\/uploads\/2024\/12\/SPL_Authorized_Dealer_HiFi-450x450.jpg 450w, https:\/\/audioconsulting.eu\/shop\/wp-content\/uploads\/2024\/12\/SPL_Authorized_Dealer_HiFi-200x200.jpg 200w, https:\/\/audioconsulting.eu\/shop\/wp-content\/uploads\/2024\/12\/SPL_Authorized_Dealer_HiFi-100x100.jpg 100w\" sizes=\"auto, (max-width: 247px) 100vw, 247px\" \/><\/p>\n<\/div>\n<\/div>\n<\/div>\n<\/div>\n<\/div>\n<\/div>\n<\/div>\n<\/div>\n","protected":false},"excerpt":{"rendered":"<p>Die kraftvolle Stereo-Endstufe Die gro\u00dfe Stereo-Endstufe f\u00fchrt auch die anspruchsvollsten Lautsprecher in vorher nie geh\u00f6rte Klangwelten. Mit einer Verst\u00e4rkerleistung von 2 x 520\u00a0W (4\u00a0\u03a9) [2 x 550\u00a0W (2\u00a0\u03a9); 2 x 300\u00a0W (8 \u03a9)] kontrolliert diese rein analoge Endstufe jeden Lautsprecher spielerisch. Dank VOLTAiR-Technologie ist die Performance des Performer\u00a0s1200 detailreich, lebendig, ehrlich und von musikalisch \u00fcberragendem [&hellip;]<\/p>\n","protected":false},"featured_media":5434,"comment_status":"closed","ping_status":"closed","template":"","meta":[],"product_cat":[141],"product_tag":[],"class_list":{"0":"post-5433","1":"product","2":"type-product","3":"status-publish","4":"has-post-thumbnail","6":"product_cat-verstaerker","8":"first","9":"instock","10":"taxable","11":"shipping-taxable","12":"purchasable","13":"product-type-simple"},"_links":{"self":[{"href":"https:\/\/audioconsulting.eu\/shop\/wp-json\/wp\/v2\/product\/5433","targetHints":{"allow":["GET"]}}],"collection":[{"href":"https:\/\/audioconsulting.eu\/shop\/wp-json\/wp\/v2\/product"}],"about":[{"href":"https:\/\/audioconsulting.eu\/shop\/wp-json\/wp\/v2\/types\/product"}],"replies":[{"embeddable":true,"href":"https:\/\/audioconsulting.eu\/shop\/wp-json\/wp\/v2\/comments?post=5433"}],"wp:featuredmedia":[{"embeddable":true,"href":"https:\/\/audioconsulting.eu\/shop\/wp-json\/wp\/v2\/media\/5434"}],"wp:attachment":[{"href":"https:\/\/audioconsulting.eu\/shop\/wp-json\/wp\/v2\/media?parent=5433"}],"wp:term":[{"taxonomy":"product_cat","embeddable":true,"href":"https:\/\/audioconsulting.eu\/shop\/wp-json\/wp\/v2\/product_cat?post=5433"},{"taxonomy":"product_tag","embeddable":true,"href":"https:\/\/audioconsulting.eu\/shop\/wp-json\/wp\/v2\/product_tag?post=5433"}],"curies":[{"name":"wp","href":"https:\/\/api.w.org\/{rel}","templated":true}]}}