{"id":5419,"date":"2024-12-01T22:21:53","date_gmt":"2024-12-01T20:21:53","guid":{"rendered":"https:\/\/audioconsulting.eu\/shop\/?post_type=product&#038;p=5419"},"modified":"2024-12-01T22:34:58","modified_gmt":"2024-12-01T20:34:58","slug":"spl-performer-s800","status":"publish","type":"product","link":"https:\/\/audioconsulting.eu\/shop\/produkt\/spl-performer-s800\/","title":{"rendered":"SPL Performer s800"},"content":{"rendered":"<div class=\"elementor-column elementor-col-50 elementor-inner-column elementor-element elementor-element-d6a9e2a\" data-id=\"d6a9e2a\" data-element_type=\"column\">\n<div class=\"elementor-widget-wrap elementor-element-populated\">\n<div class=\"elementor-element elementor-element-6e62a80 elementor-widget elementor-widget-text-editor is-mac\" data-id=\"6e62a80\" data-element_type=\"widget\" data-widget_type=\"text-editor.default\">\n<div class=\"elementor-widget-container\">\n<div class=\"elementor-column elementor-col-50 elementor-inner-column elementor-element elementor-element-6077c47\" data-id=\"6077c47\" data-element_type=\"column\">\n<div class=\"elementor-widget-wrap elementor-element-populated\">\n<div class=\"elementor-element elementor-element-93b4e92 elementor-widget elementor-widget-heading is-mac\" data-id=\"93b4e92\" data-element_type=\"widget\" data-widget_type=\"heading.default\">\n<div class=\"elementor-widget-container\">\n<div class=\"elementor-column elementor-col-50 elementor-inner-column elementor-element elementor-element-6077c47\" data-id=\"6077c47\" data-element_type=\"column\">\n<div class=\"elementor-widget-wrap elementor-element-populated\">\n<div class=\"elementor-element elementor-element-93b4e92 elementor-widget elementor-widget-heading is-mac\" data-id=\"93b4e92\" data-element_type=\"widget\" data-widget_type=\"heading.default\">\n<div class=\"elementor-widget-container\">\n<section class=\"elementor-section elementor-top-section elementor-element elementor-element-6eb9117 elementor-section-boxed elementor-section-height-default elementor-section-height-default\" data-id=\"6eb9117\" data-element_type=\"section\">\n<div class=\"elementor-container elementor-column-gap-default\">\n<div class=\"elementor-column elementor-col-100 elementor-top-column elementor-element elementor-element-2ce9371\" data-id=\"2ce9371\" data-element_type=\"column\">\n<div class=\"elementor-widget-wrap elementor-element-populated\">\n<div class=\"elementor-element elementor-element-33e696a elementor-widget elementor-widget-heading is-mac\" data-id=\"33e696a\" data-element_type=\"widget\" data-widget_type=\"heading.default\">\n<div class=\"elementor-widget-container\">\n<h4 class=\"elementor-heading-title elementor-size-default\">Die kompakte Stereo-Endstufe<\/h4>\n<\/div>\n<\/div>\n<\/div>\n<\/div>\n<\/div>\n<\/section>\n<section class=\"elementor-section elementor-top-section elementor-element elementor-element-8ec020a elementor-section-boxed elementor-section-height-default elementor-section-height-default\" data-id=\"8ec020a\" data-element_type=\"section\">\n<div class=\"elementor-container elementor-column-gap-default\">\n<div class=\"elementor-column elementor-col-100 elementor-top-column elementor-element elementor-element-13ea7b4\" data-id=\"13ea7b4\" data-element_type=\"column\">\n<div class=\"elementor-widget-wrap elementor-element-populated\">\n<div class=\"elementor-element elementor-element-b0f71d3 elementor-widget elementor-widget-text-editor is-mac\" data-id=\"b0f71d3\" data-element_type=\"widget\" data-widget_type=\"text-editor.default\">\n<div class=\"elementor-widget-container\">\n<p>Diese kleine rein analoge Stereo-Endstufe zeigt allen, dass Gr\u00f6\u00dfe nicht unbedingt etwas mit Gr\u00f6\u00dfe zu tun hat. Mit 2 x 285 W (4 \u03a9) [2 x 185 W (8 \u03a9)] beziehungsweise 1 x 450 W (8 \u03a9, Bridge Mode) Verst\u00e4rkerleistung hat sie jeden Lautsprecher im Griff.<\/p>\n<p>Dank VOLTAiR-Technologie ist die Performance des s800 detailreich, lebendig, ehrlich und von musikalisch \u00fcberragendem Klang.<\/p>\n<\/div>\n<\/div>\n<\/div>\n<\/div>\n<\/div>\n<\/section>\n<div class=\"elementor-column elementor-col-50 elementor-inner-column elementor-element elementor-element-7528e85\" data-id=\"7528e85\" data-element_type=\"column\">\n<div class=\"elementor-widget-wrap elementor-element-populated\">\n<div class=\"elementor-element elementor-element-36a86e6 elementor-widget elementor-widget-heading is-mac\" data-id=\"36a86e6\" data-element_type=\"widget\" data-widget_type=\"heading.default\">\n<div class=\"elementor-widget-container\">\n<h4 class=\"elementor-heading-title elementor-size-default\">Sicher ist sicher<\/h4>\n<\/div>\n<\/div>\n<div class=\"elementor-element elementor-element-6e62a80 elementor-widget elementor-widget-text-editor is-mac\" data-id=\"6e62a80\" data-element_type=\"widget\" data-widget_type=\"text-editor.default\">\n<div class=\"elementor-widget-container\">\n<p>Der Performer s800 hat eine Schutzschaltung gegen Gleichspannung und eine gegen \u00dcberhitzung.<\/p>\n<p>Wird Gleichspannung (DC) festgestellt, schaltet die Ausgangs-Stufe des s800 automatisch ab und die Protect-LED leuchtet rot. Um den Performer s800 vor dem unwahrscheinlichen Fall der \u00dcberhitzung zu sch\u00fctzen, \u00fcberwacht ein Temperaturf\u00fchler an den K\u00fchlk\u00f6rpern kontinuierlich die Temperatur des Ger\u00e4ts.<\/p>\n<p>Die TEMP-LED leuchtet gelb, wenn der Performer s800 zu hei\u00df wird und schaltet diesen ab, bis die Endstufe wieder abgek\u00fchlt ist.<\/p>\n<p>Erh\u00e4ltlich in silber, blau oder rot. Bitte bei Bestellung Farbwunsch angeben.<\/p>\n<\/div>\n<\/div>\n<\/div>\n<\/div>\n<\/div>\n<\/div>\n<\/div>\n<\/div>\n<p><img loading=\"lazy\" decoding=\"async\" class=\"alignleft wp-image-5407\" src=\"https:\/\/audioconsulting.eu\/shop\/wp-content\/uploads\/2024\/12\/SPL_Authorized_Dealer_HiFi.jpg\" alt=\"\" width=\"247\" height=\"247\" srcset=\"https:\/\/audioconsulting.eu\/shop\/wp-content\/uploads\/2024\/12\/SPL_Authorized_Dealer_HiFi.jpg 600w, https:\/\/audioconsulting.eu\/shop\/wp-content\/uploads\/2024\/12\/SPL_Authorized_Dealer_HiFi-300x300.jpg 300w, https:\/\/audioconsulting.eu\/shop\/wp-content\/uploads\/2024\/12\/SPL_Authorized_Dealer_HiFi-80x80.jpg 80w, https:\/\/audioconsulting.eu\/shop\/wp-content\/uploads\/2024\/12\/SPL_Authorized_Dealer_HiFi-36x36.jpg 36w, https:\/\/audioconsulting.eu\/shop\/wp-content\/uploads\/2024\/12\/SPL_Authorized_Dealer_HiFi-180x180.jpg 180w, https:\/\/audioconsulting.eu\/shop\/wp-content\/uploads\/2024\/12\/SPL_Authorized_Dealer_HiFi-120x120.jpg 120w, https:\/\/audioconsulting.eu\/shop\/wp-content\/uploads\/2024\/12\/SPL_Authorized_Dealer_HiFi-450x450.jpg 450w, https:\/\/audioconsulting.eu\/shop\/wp-content\/uploads\/2024\/12\/SPL_Authorized_Dealer_HiFi-200x200.jpg 200w, https:\/\/audioconsulting.eu\/shop\/wp-content\/uploads\/2024\/12\/SPL_Authorized_Dealer_HiFi-100x100.jpg 100w\" sizes=\"auto, (max-width: 247px) 100vw, 247px\" \/><\/p>\n<\/div>\n<\/div>\n<\/div>\n<\/div>\n<\/div>\n<\/div>\n<\/div>\n<\/div>\n","protected":false},"excerpt":{"rendered":"<p>Die kompakte Stereo-Endstufe Diese kleine rein analoge Stereo-Endstufe zeigt allen, dass Gr\u00f6\u00dfe nicht unbedingt etwas mit Gr\u00f6\u00dfe zu tun hat. Mit 2 x 285 W (4 \u03a9) [2 x 185 W (8 \u03a9)] beziehungsweise 1 x 450 W (8 \u03a9, Bridge Mode) Verst\u00e4rkerleistung hat sie jeden Lautsprecher im Griff. Dank VOLTAiR-Technologie ist die Performance des [&hellip;]<\/p>\n","protected":false},"featured_media":5422,"comment_status":"closed","ping_status":"closed","template":"","meta":[],"product_cat":[141],"product_tag":[],"class_list":{"0":"post-5419","1":"product","2":"type-product","3":"status-publish","4":"has-post-thumbnail","6":"product_cat-verstaerker","8":"first","9":"instock","10":"taxable","11":"shipping-taxable","12":"purchasable","13":"product-type-simple"},"_links":{"self":[{"href":"https:\/\/audioconsulting.eu\/shop\/wp-json\/wp\/v2\/product\/5419","targetHints":{"allow":["GET"]}}],"collection":[{"href":"https:\/\/audioconsulting.eu\/shop\/wp-json\/wp\/v2\/product"}],"about":[{"href":"https:\/\/audioconsulting.eu\/shop\/wp-json\/wp\/v2\/types\/product"}],"replies":[{"embeddable":true,"href":"https:\/\/audioconsulting.eu\/shop\/wp-json\/wp\/v2\/comments?post=5419"}],"wp:featuredmedia":[{"embeddable":true,"href":"https:\/\/audioconsulting.eu\/shop\/wp-json\/wp\/v2\/media\/5422"}],"wp:attachment":[{"href":"https:\/\/audioconsulting.eu\/shop\/wp-json\/wp\/v2\/media?parent=5419"}],"wp:term":[{"taxonomy":"product_cat","embeddable":true,"href":"https:\/\/audioconsulting.eu\/shop\/wp-json\/wp\/v2\/product_cat?post=5419"},{"taxonomy":"product_tag","embeddable":true,"href":"https:\/\/audioconsulting.eu\/shop\/wp-json\/wp\/v2\/product_tag?post=5419"}],"curies":[{"name":"wp","href":"https:\/\/api.w.org\/{rel}","templated":true}]}}