{"id":5413,"date":"2024-12-01T21:59:08","date_gmt":"2024-12-01T19:59:08","guid":{"rendered":"https:\/\/audioconsulting.eu\/shop\/?post_type=product&#038;p=5413"},"modified":"2024-12-01T22:04:52","modified_gmt":"2024-12-01T20:04:52","slug":"spl-director-mk2","status":"publish","type":"product","link":"https:\/\/audioconsulting.eu\/shop\/produkt\/spl-director-mk2\/","title":{"rendered":"SPL Director Mk2"},"content":{"rendered":"<div class=\"elementor-column elementor-col-50 elementor-inner-column elementor-element elementor-element-d6a9e2a\" data-id=\"d6a9e2a\" data-element_type=\"column\">\n<div class=\"elementor-widget-wrap elementor-element-populated\">\n<div class=\"elementor-element elementor-element-6e62a80 elementor-widget elementor-widget-text-editor is-mac\" data-id=\"6e62a80\" data-element_type=\"widget\" data-widget_type=\"text-editor.default\">\n<div class=\"elementor-widget-container\">\n<div class=\"elementor-column elementor-col-50 elementor-inner-column elementor-element elementor-element-6077c47\" data-id=\"6077c47\" data-element_type=\"column\">\n<div class=\"elementor-widget-wrap elementor-element-populated\">\n<div class=\"elementor-element elementor-element-93b4e92 elementor-widget elementor-widget-heading is-mac\" data-id=\"93b4e92\" data-element_type=\"widget\" data-widget_type=\"heading.default\">\n<div class=\"elementor-widget-container\">\n<section class=\"elementor-section elementor-top-section elementor-element elementor-element-6eb9117 elementor-section-boxed elementor-section-height-default elementor-section-height-default\" data-id=\"6eb9117\" data-element_type=\"section\">\n<div class=\"elementor-container elementor-column-gap-default\">\n<div class=\"elementor-column elementor-col-100 elementor-top-column elementor-element elementor-element-2ce9371\" data-id=\"2ce9371\" data-element_type=\"column\">\n<div class=\"elementor-widget-wrap elementor-element-populated\">\n<div class=\"elementor-element elementor-element-33e696a elementor-widget elementor-widget-heading is-mac\" data-id=\"33e696a\" data-element_type=\"widget\" data-widget_type=\"heading.default\">\n<div class=\"elementor-widget-container\">\n<h4 class=\"elementor-heading-title elementor-size-default\">Der Regisseur gibt den Ton an.<\/h4>\n<\/div>\n<\/div>\n<\/div>\n<\/div>\n<\/div>\n<\/section>\n<section class=\"elementor-section elementor-top-section elementor-element elementor-element-8ec020a elementor-section-boxed elementor-section-height-default elementor-section-height-default\" data-id=\"8ec020a\" data-element_type=\"section\">\n<div class=\"elementor-container elementor-column-gap-default\">\n<div class=\"elementor-column elementor-col-100 elementor-top-column elementor-element elementor-element-13ea7b4\" data-id=\"13ea7b4\" data-element_type=\"column\">\n<div class=\"elementor-widget-wrap elementor-element-populated\">\n<div class=\"elementor-element elementor-element-b0f71d3 elementor-widget elementor-widget-text-editor is-mac\" data-id=\"b0f71d3\" data-element_type=\"widget\" data-widget_type=\"text-editor.default\">\n<div class=\"elementor-widget-container\">\n<p>Die Zentrale der Anlage ist der Vorverst\u00e4rker. Mit fernsteuerbarer Quellenwahl und Lautst\u00e4rke-Regelung, Tape-Monitor-Weg, Retro-Look-VU-Meter, Premium-DA-Wandler und der alles \u00fcberragenden VOLTAiR-Technologie sorgt der Director Mk2 f\u00fcr musikalische Blockbuster.<\/p>\n<\/div>\n<\/div>\n<\/div>\n<\/div>\n<\/div>\n<\/section>\n<div class=\"elementor-column elementor-col-50 elementor-inner-column elementor-element elementor-element-6077c47\" data-id=\"6077c47\" data-element_type=\"column\">\n<div class=\"elementor-widget-wrap elementor-element-populated\">\n<div class=\"elementor-element elementor-element-93b4e92 elementor-widget elementor-widget-heading is-mac\" data-id=\"93b4e92\" data-element_type=\"widget\" data-widget_type=\"heading.default\">\n<div class=\"elementor-widget-container\">\n<h4 class=\"elementor-heading-title elementor-size-default\">Quell der Freude<\/h4>\n<\/div>\n<\/div>\n<div class=\"elementor-element elementor-element-0df97df elementor-widget elementor-widget-text-editor is-mac\" data-id=\"0df97df\" data-element_type=\"widget\" data-widget_type=\"text-editor.default\">\n<div class=\"elementor-widget-container\">\n<p>Bis zu zehn (10 !) Stereoquellen k\u00f6nnen an den Director Mk2 angeschlossen werden.<br \/>\nSechs davon sind f\u00fcr analoge und vier f\u00fcr digitale Eingangssignale.<\/p>\n<p>Die Quellenauswahl wird im Punkt-Matrix-LED-Display angezeigt: IN 1 bis IN 6 f\u00fcr die analogen Eing\u00e4nge. AES, USB, COAX, OPTICAL f\u00fcr die digitalen Eing\u00e4nge. Nach ca. zwei Sekunden wird im Display bei Auswahl einer digitalen Quelle die detektierte Abtastrate angezeigt. Beispielsweise U768 = USB-Eingang mit 768 kHz Abtastrate.<\/p>\n<p>Die Quellenwahl kann fernbedient werden, wenn der Drehschalter auf die Position \u201eRemote\u201c gestellt ist.<\/p>\n<div class=\"elementor-column elementor-col-50 elementor-inner-column elementor-element elementor-element-99c0b39\" data-id=\"99c0b39\" data-element_type=\"column\">\n<div class=\"elementor-widget-wrap elementor-element-populated\">\n<div class=\"elementor-element elementor-element-33b6f9b elementor-widget elementor-widget-text-editor is-mac\" data-id=\"33b6f9b\" data-element_type=\"widget\" data-widget_type=\"text-editor.default\">\n<div class=\"elementor-widget-container\">\n<p>Der Director Mk2 bietet zwei Paar symmetrische Eing\u00e4nge mit XLR-Buchsen und vier Standard-Eing\u00e4nge mit vergoldeten Cinch-Buchsen.<\/p>\n<p>Auf der digitalen Seite kommen vier weitere Eing\u00e4nge hinzu. PCM-Audio wird im S\/P-DIF-Format sowohl koaxial (Cinch), optisch (Toslink F06) als auch symmetrisch (AES\/EBU) empfangen. \u00dcber USB kann sowohl PCM-Audio als auch DSD-Audio gewandelt werden.<\/p>\n<div class=\"elementor-element elementor-element-7f0125c elementor-widget elementor-widget-text-editor is-mac\" data-id=\"7f0125c\" data-element_type=\"widget\" data-widget_type=\"text-editor.default\">\n<div class=\"elementor-widget-container\">\n<p>Der DAC \u00fcbernimmt automatisch die Abtastrate und Aufl\u00f6sung der digitalen Wiedergabequelle. Ganz egal ob ein Streamer, Computer oder ein CD-Spieler angeschlossen ist. Es sind keine weiteren Einstellungen am Director Mk2 n\u00f6tig.<\/p>\n<p>Die detektierte Abtastrate wird im Punkt-Matrix-LED-Display angezeigt. U768 steht zum Beispiel als Akronym f\u00fcr die Quelle \u201eUSB\u201c mit einer Abtastrate von 768 kHz.<\/p>\n<p>&nbsp;<\/p>\n<section class=\"elementor-section elementor-top-section elementor-element elementor-element-1187f99 elementor-section-boxed elementor-section-height-default elementor-section-height-default\" data-id=\"1187f99\" data-element_type=\"section\">\n<div class=\"elementor-container elementor-column-gap-default\">\n<div class=\"elementor-column elementor-col-100 elementor-top-column elementor-element elementor-element-1a5922c\" data-id=\"1a5922c\" data-element_type=\"column\">\n<div class=\"elementor-widget-wrap elementor-element-populated\">\n<div class=\"elementor-element elementor-element-89476cd elementor-widget elementor-widget-heading is-mac\" data-id=\"89476cd\" data-element_type=\"widget\" data-widget_type=\"heading.default\">\n<div class=\"elementor-widget-container\">\n<h4 class=\"elementor-heading-title elementor-size-default\">DAC768v2 \u2013 Der SPL Referenz-DAC in der neusten Revision!<\/h4>\n<\/div>\n<\/div>\n<\/div>\n<\/div>\n<\/div>\n<\/section>\n<section class=\"elementor-section elementor-top-section elementor-element elementor-element-97507f9 elementor-section-boxed elementor-section-height-default elementor-section-height-default\" data-id=\"97507f9\" data-element_type=\"section\">\n<div class=\"elementor-container elementor-column-gap-default\">\n<div class=\"elementor-column elementor-col-100 elementor-top-column elementor-element elementor-element-56ce9f0\" data-id=\"56ce9f0\" data-element_type=\"column\">\n<div class=\"elementor-widget-wrap elementor-element-populated\">\n<section class=\"elementor-section elementor-inner-section elementor-element elementor-element-0a20279 elementor-hidden-mobile elementor-section-boxed elementor-section-height-default elementor-section-height-default\" data-id=\"0a20279\" data-element_type=\"section\">\n<div class=\"elementor-container elementor-column-gap-wide\">\n<div class=\"elementor-column elementor-col-50 elementor-inner-column elementor-element elementor-element-e27dd37\" data-id=\"e27dd37\" data-element_type=\"column\">\n<div class=\"elementor-widget-wrap elementor-element-populated\">\n<div class=\"elementor-element elementor-element-00f9e7d elementor-widget elementor-widget-text-editor is-mac\" data-id=\"00f9e7d\" data-element_type=\"widget\" data-widget_type=\"text-editor.default\">\n<div class=\"elementor-widget-container\">\n<p>Als Wandler-Chip im Digital\/Analog-Wandler kommt in der neusten Version des SPL DAC \u201eDAC768v2\u201c der hochgelobte AKM AK4493 SEQ VELVETSOUND<sup>TM<\/sup> Premium-DAC Chip zum Einsatz, der dank seiner Architektur feinste Klangdetails reproduziert. Er gl\u00e4nzt mit noch niedrigeren Verzerrungswerten und noch gr\u00f6\u00dferem Dynamikumfang als sein Vorg\u00e4nger.<\/p>\n<p>Er wandelt PCM-Audio mit einer Aufl\u00f6sung von 32 Bit und einer Abtastrate von bis zu 768 kHz, was der 16-fachen CD-Aufl\u00f6sung entspricht. Auch Direct Stream Digital wird bis zu einer Aufl\u00f6sung von DSD4 bzw. DSD256 unterst\u00fctzt. Der DAC768v2 hat die neuste Version des Spartan FPGA \u2013 den Spartan 7 \u2013 an Bord. Er bietet im Gegensatz zum kleineren SPL DAC \u201eDAC768xs\u201c nicht nur einen AES\/EBU Digital-Eingang, sondern auch den neuen, optimierten SPL SLP120 mit VOLTAiR-Technologie.<\/p>\n<\/div>\n<\/div>\n<\/div>\n<\/div>\n<\/div>\n<\/section>\n<\/div>\n<\/div>\n<\/div>\n<\/section>\n<\/div>\n<\/div>\n<\/div>\n<\/div>\n<\/div>\n<\/div>\n<\/div>\n<\/div>\n<\/div>\n<\/div>\n<p><img loading=\"lazy\" decoding=\"async\" class=\"alignleft wp-image-5407\" src=\"https:\/\/audioconsulting.eu\/shop\/wp-content\/uploads\/2024\/12\/SPL_Authorized_Dealer_HiFi.jpg\" alt=\"\" width=\"247\" height=\"247\" srcset=\"https:\/\/audioconsulting.eu\/shop\/wp-content\/uploads\/2024\/12\/SPL_Authorized_Dealer_HiFi.jpg 600w, https:\/\/audioconsulting.eu\/shop\/wp-content\/uploads\/2024\/12\/SPL_Authorized_Dealer_HiFi-300x300.jpg 300w, https:\/\/audioconsulting.eu\/shop\/wp-content\/uploads\/2024\/12\/SPL_Authorized_Dealer_HiFi-80x80.jpg 80w, https:\/\/audioconsulting.eu\/shop\/wp-content\/uploads\/2024\/12\/SPL_Authorized_Dealer_HiFi-36x36.jpg 36w, https:\/\/audioconsulting.eu\/shop\/wp-content\/uploads\/2024\/12\/SPL_Authorized_Dealer_HiFi-180x180.jpg 180w, https:\/\/audioconsulting.eu\/shop\/wp-content\/uploads\/2024\/12\/SPL_Authorized_Dealer_HiFi-120x120.jpg 120w, https:\/\/audioconsulting.eu\/shop\/wp-content\/uploads\/2024\/12\/SPL_Authorized_Dealer_HiFi-450x450.jpg 450w, https:\/\/audioconsulting.eu\/shop\/wp-content\/uploads\/2024\/12\/SPL_Authorized_Dealer_HiFi-200x200.jpg 200w, https:\/\/audioconsulting.eu\/shop\/wp-content\/uploads\/2024\/12\/SPL_Authorized_Dealer_HiFi-100x100.jpg 100w\" sizes=\"auto, (max-width: 247px) 100vw, 247px\" \/><\/p>\n<\/div>\n<\/div>\n<\/div>\n<\/div>\n<\/div>\n<\/div>\n<\/div>\n<\/div>\n","protected":false},"excerpt":{"rendered":"<p>Der Regisseur gibt den Ton an. Die Zentrale der Anlage ist der Vorverst\u00e4rker. Mit fernsteuerbarer Quellenwahl und Lautst\u00e4rke-Regelung, Tape-Monitor-Weg, Retro-Look-VU-Meter, Premium-DA-Wandler und der alles \u00fcberragenden VOLTAiR-Technologie sorgt der Director Mk2 f\u00fcr musikalische Blockbuster. Quell der Freude Bis zu zehn (10 !) Stereoquellen k\u00f6nnen an den Director Mk2 angeschlossen werden. Sechs davon sind f\u00fcr analoge und [&hellip;]<\/p>\n","protected":false},"featured_media":5414,"comment_status":"closed","ping_status":"closed","template":"","meta":[],"product_cat":[142],"product_tag":[],"class_list":{"0":"post-5413","1":"product","2":"type-product","3":"status-publish","4":"has-post-thumbnail","6":"product_cat-vorverstaerker","8":"first","9":"instock","10":"taxable","11":"shipping-taxable","12":"purchasable","13":"product-type-simple"},"_links":{"self":[{"href":"https:\/\/audioconsulting.eu\/shop\/wp-json\/wp\/v2\/product\/5413","targetHints":{"allow":["GET"]}}],"collection":[{"href":"https:\/\/audioconsulting.eu\/shop\/wp-json\/wp\/v2\/product"}],"about":[{"href":"https:\/\/audioconsulting.eu\/shop\/wp-json\/wp\/v2\/types\/product"}],"replies":[{"embeddable":true,"href":"https:\/\/audioconsulting.eu\/shop\/wp-json\/wp\/v2\/comments?post=5413"}],"wp:featuredmedia":[{"embeddable":true,"href":"https:\/\/audioconsulting.eu\/shop\/wp-json\/wp\/v2\/media\/5414"}],"wp:attachment":[{"href":"https:\/\/audioconsulting.eu\/shop\/wp-json\/wp\/v2\/media?parent=5413"}],"wp:term":[{"taxonomy":"product_cat","embeddable":true,"href":"https:\/\/audioconsulting.eu\/shop\/wp-json\/wp\/v2\/product_cat?post=5413"},{"taxonomy":"product_tag","embeddable":true,"href":"https:\/\/audioconsulting.eu\/shop\/wp-json\/wp\/v2\/product_tag?post=5413"}],"curies":[{"name":"wp","href":"https:\/\/api.w.org\/{rel}","templated":true}]}}