{"id":5406,"date":"2024-12-01T21:42:39","date_gmt":"2024-12-01T19:42:39","guid":{"rendered":"https:\/\/audioconsulting.eu\/shop\/?post_type=product&#038;p=5406"},"modified":"2024-12-01T21:43:34","modified_gmt":"2024-12-01T19:43:34","slug":"5406","status":"publish","type":"product","link":"https:\/\/audioconsulting.eu\/shop\/produkt\/5406\/","title":{"rendered":"SPL Phonitor xe"},"content":{"rendered":"<div class=\"elementor-column elementor-col-50 elementor-inner-column elementor-element elementor-element-d6a9e2a\" data-id=\"d6a9e2a\" data-element_type=\"column\">\n<div class=\"elementor-widget-wrap elementor-element-populated\">\n<div class=\"elementor-element elementor-element-36a86e6 elementor-widget elementor-widget-heading is-mac\" data-id=\"36a86e6\" data-element_type=\"widget\" data-widget_type=\"heading.default\">\n<div class=\"elementor-widget-container\">\n<h2 class=\"elementor-heading-title elementor-size-default\">Gro\u00dfartiger Klang \u2013<br \/>\nf\u00fcr alle Kopfh\u00f6rer<\/h2>\n<\/div>\n<\/div>\n<div class=\"elementor-element elementor-element-6e62a80 elementor-widget elementor-widget-text-editor is-mac\" data-id=\"6e62a80\" data-element_type=\"widget\" data-widget_type=\"text-editor.default\">\n<div class=\"elementor-widget-container\">\n<p>Der Phonitor xe bietet Anschl\u00fcsse f\u00fcr Standard-Kopfh\u00f6rer mit Klinkenstecker und f\u00fcr symmetrisch betriebene Kopfh\u00f6rer mit 4-Pol XLR-Stecker.<\/p>\n<p>Dank der hohen Ausgangsleistung treibt er alle Kopfh\u00f6rer m\u00fchelos und ohne Anstrengung, so spielt er die Vorteile der SPL VOLTAiR-Technologie aus und belohnt den H\u00f6rer mit einem ehrlichen, detailreichen und zugleich lebendigem Klangerlebnis.<\/p>\n<div class=\"elementor-column elementor-col-50 elementor-inner-column elementor-element elementor-element-6077c47\" data-id=\"6077c47\" data-element_type=\"column\">\n<div class=\"elementor-widget-wrap elementor-element-populated\">\n<div class=\"elementor-element elementor-element-93b4e92 elementor-widget elementor-widget-heading is-mac\" data-id=\"93b4e92\" data-element_type=\"widget\" data-widget_type=\"heading.default\">\n<div class=\"elementor-widget-container\">\n<h2 class=\"elementor-heading-title elementor-size-default\">Freie Auswahl<\/h2>\n<\/div>\n<\/div>\n<div class=\"elementor-element elementor-element-0df97df elementor-widget elementor-widget-text-editor is-mac\" data-id=\"0df97df\" data-element_type=\"widget\" data-widget_type=\"text-editor.default\">\n<div class=\"elementor-widget-container\">\n<p>Bis zu sechs (6 !) Stereo-Quellen k\u00f6nnen an den Phonitor xe angeschlossen werden:<br \/>\nXLR, Cinch und \u00fcber den optionalen DAC768v2 auch USB, COAX, OPTICAL und AES.<\/p>\n<p>Verf\u00fcgbar in schwarz, silber und rot. Bitte Farbwunsch bei Bestellung angeben.<\/p>\n<p><img loading=\"lazy\" decoding=\"async\" class=\"alignleft wp-image-5407\" src=\"https:\/\/audioconsulting.eu\/shop\/wp-content\/uploads\/2024\/12\/SPL_Authorized_Dealer_HiFi.jpg\" alt=\"\" width=\"247\" height=\"247\" srcset=\"https:\/\/audioconsulting.eu\/shop\/wp-content\/uploads\/2024\/12\/SPL_Authorized_Dealer_HiFi.jpg 600w, https:\/\/audioconsulting.eu\/shop\/wp-content\/uploads\/2024\/12\/SPL_Authorized_Dealer_HiFi-300x300.jpg 300w, https:\/\/audioconsulting.eu\/shop\/wp-content\/uploads\/2024\/12\/SPL_Authorized_Dealer_HiFi-80x80.jpg 80w, https:\/\/audioconsulting.eu\/shop\/wp-content\/uploads\/2024\/12\/SPL_Authorized_Dealer_HiFi-36x36.jpg 36w, https:\/\/audioconsulting.eu\/shop\/wp-content\/uploads\/2024\/12\/SPL_Authorized_Dealer_HiFi-180x180.jpg 180w, https:\/\/audioconsulting.eu\/shop\/wp-content\/uploads\/2024\/12\/SPL_Authorized_Dealer_HiFi-120x120.jpg 120w, https:\/\/audioconsulting.eu\/shop\/wp-content\/uploads\/2024\/12\/SPL_Authorized_Dealer_HiFi-450x450.jpg 450w, https:\/\/audioconsulting.eu\/shop\/wp-content\/uploads\/2024\/12\/SPL_Authorized_Dealer_HiFi-200x200.jpg 200w, https:\/\/audioconsulting.eu\/shop\/wp-content\/uploads\/2024\/12\/SPL_Authorized_Dealer_HiFi-100x100.jpg 100w\" sizes=\"auto, (max-width: 247px) 100vw, 247px\" \/><\/p>\n<\/div>\n<\/div>\n<\/div>\n<\/div>\n<\/div>\n<\/div>\n<\/div>\n<\/div>\n","protected":false},"excerpt":{"rendered":"<p>Gro\u00dfartiger Klang \u2013 f\u00fcr alle Kopfh\u00f6rer Der Phonitor xe bietet Anschl\u00fcsse f\u00fcr Standard-Kopfh\u00f6rer mit Klinkenstecker und f\u00fcr symmetrisch betriebene Kopfh\u00f6rer mit 4-Pol XLR-Stecker. Dank der hohen Ausgangsleistung treibt er alle Kopfh\u00f6rer m\u00fchelos und ohne Anstrengung, so spielt er die Vorteile der SPL VOLTAiR-Technologie aus und belohnt den H\u00f6rer mit einem ehrlichen, detailreichen und zugleich lebendigem [&hellip;]<\/p>\n","protected":false},"featured_media":5408,"comment_status":"closed","ping_status":"closed","template":"","meta":[],"product_cat":[142],"product_tag":[],"class_list":{"0":"post-5406","1":"product","2":"type-product","3":"status-publish","4":"has-post-thumbnail","6":"product_cat-vorverstaerker","8":"first","9":"instock","10":"taxable","11":"shipping-taxable","12":"purchasable","13":"product-type-simple"},"_links":{"self":[{"href":"https:\/\/audioconsulting.eu\/shop\/wp-json\/wp\/v2\/product\/5406","targetHints":{"allow":["GET"]}}],"collection":[{"href":"https:\/\/audioconsulting.eu\/shop\/wp-json\/wp\/v2\/product"}],"about":[{"href":"https:\/\/audioconsulting.eu\/shop\/wp-json\/wp\/v2\/types\/product"}],"replies":[{"embeddable":true,"href":"https:\/\/audioconsulting.eu\/shop\/wp-json\/wp\/v2\/comments?post=5406"}],"wp:featuredmedia":[{"embeddable":true,"href":"https:\/\/audioconsulting.eu\/shop\/wp-json\/wp\/v2\/media\/5408"}],"wp:attachment":[{"href":"https:\/\/audioconsulting.eu\/shop\/wp-json\/wp\/v2\/media?parent=5406"}],"wp:term":[{"taxonomy":"product_cat","embeddable":true,"href":"https:\/\/audioconsulting.eu\/shop\/wp-json\/wp\/v2\/product_cat?post=5406"},{"taxonomy":"product_tag","embeddable":true,"href":"https:\/\/audioconsulting.eu\/shop\/wp-json\/wp\/v2\/product_tag?post=5406"}],"curies":[{"name":"wp","href":"https:\/\/api.w.org\/{rel}","templated":true}]}}