{"id":5366,"date":"2024-07-22T23:23:43","date_gmt":"2024-07-22T21:23:43","guid":{"rendered":"https:\/\/audioconsulting.eu\/shop\/?post_type=product&#038;p=5366"},"modified":"2024-07-22T23:24:55","modified_gmt":"2024-07-22T21:24:55","slug":"grimm-audio-mu1","status":"publish","type":"product","link":"https:\/\/audioconsulting.eu\/shop\/produkt\/grimm-audio-mu1\/","title":{"rendered":"Grimm Audio MU1"},"content":{"rendered":"<p class=\"card-text\">Wir wollten die pr\u00e4ziseste Audioquelle entwickeln, die wir uns vorstellen k\u00f6nnen. Unserer Erfahrung nach zeigt das menschliche Geh\u00f6r eine unglaubliche Empfindlichkeit gegen\u00fcber Anomalien. Selbst unvorstellbar kleine Abweichungen scheinen h\u00f6rbar zu sein. Im Prinzip bietet digitales Audio eine perfekte Wiedergabe. Die klangliche Qualit\u00e4t wird jedoch durch die Umsetzungsgenauigkeit der physikalischen und mathematischen Gesetze begrenzt, die die Umwandlung von einem Format in ein anderes beeinflussen. Grimm Audio ist bestrebt, Ihnen die Gewissheit zu geben, dass alle technischen Details so weit wie m\u00f6glich ber\u00fccksichtigt werden, damit das Wiedergabesystem der Musik nicht im Weg steht.<\/p>\n<p class=\"card-text\">&#8222;Der MU1 ist die ultimative digitale Musikquelle: attraktiv, zuverl\u00e4ssig und pr\u00e4zise&#8220;.<\/p>\n<p class=\"card-text\">Unser Ziel war es, mit dem MU1 neue Ma\u00dfst\u00e4be im Musikplayer-Design zu setzen. Das Linux-basierte Computersystem sorgt f\u00fcr solide Datenintegrit\u00e4t. Unsere selbst entwickelte FPGA-Schnittstellenkarte, die das Herzst\u00fcck des MU1 bildet, bietet bahnbrechende Leistungswerte bei der Formatkonvertierung und erh\u00e4lt automatische Updates, wenn wir wieder einmal die Grenzen \u00fcberschritten haben. Selbstverst\u00e4ndlich ist der MU1 mit unserem Markenzeichen, dem extrem niedrigen Jitter-Takt, ausgestattet. Dies ist ein Musikspieler, der den Namen Grimm Audio verdient.<\/p>\n<p class=\"card-text\">Sobald eine exzellente Klangqualit\u00e4t gew\u00e4hrleistet ist, wird die Qualit\u00e4t eines Musikplayers durch die Benutzererfahrung definiert. Hierf\u00fcr haben wir uns mit Roon Labs zusammengetan, die unserer Meinung nach f\u00fchrend sind, wenn es um ein reichhaltiges und ansprechendes Musikerlebnis f\u00fcr die ganze Familie geht. Auf dem MU1 l\u00e4uft der Roon Core Server, so dass keine zus\u00e4tzlichen Installationen erforderlich sind. Nehmen Sie einfach Ihr Tablet in die Hand und genie\u00dfen Sie die Musik. F\u00fcr Kunden, die es vorziehen, nur ein einfaches Wiedergabesystem ohne die Extras von Roon zu betreiben, bieten wir eine solide Alternative.<\/p>\n<p><a href=\"https:\/\/www.lowbeats.de\/test-grimm-audio-mu1-klangbester-netzwerkplayer-am-markt\/\" target=\"_blank\" rel=\"noopener\"><strong>Test in Lowbeats:<\/strong><\/a><\/p>\n<p>&nbsp;<\/p>\n<p><a href=\"https:\/\/www.fairaudio.de\/test\/grimm-mu1-musikserver-streamer\/\" target=\"_blank\" rel=\"noopener\"><strong>Test in Fairaudio<\/strong><\/a><\/p>\n","protected":false},"excerpt":{"rendered":"<p>Wir wollten die pr\u00e4ziseste Audioquelle entwickeln, die wir uns vorstellen k\u00f6nnen. Unserer Erfahrung nach zeigt das menschliche Geh\u00f6r eine unglaubliche Empfindlichkeit gegen\u00fcber Anomalien. Selbst unvorstellbar kleine Abweichungen scheinen h\u00f6rbar zu sein. Im Prinzip bietet digitales Audio eine perfekte Wiedergabe. Die klangliche Qualit\u00e4t wird jedoch durch die Umsetzungsgenauigkeit der physikalischen und mathematischen Gesetze begrenzt, die die [&hellip;]<\/p>\n","protected":false},"featured_media":5370,"comment_status":"closed","ping_status":"closed","template":"","meta":[],"product_cat":[142],"product_tag":[],"class_list":{"0":"post-5366","1":"product","2":"type-product","3":"status-publish","4":"has-post-thumbnail","6":"product_cat-vorverstaerker","8":"first","9":"instock","10":"taxable","11":"shipping-taxable","12":"purchasable","13":"product-type-simple"},"_links":{"self":[{"href":"https:\/\/audioconsulting.eu\/shop\/wp-json\/wp\/v2\/product\/5366","targetHints":{"allow":["GET"]}}],"collection":[{"href":"https:\/\/audioconsulting.eu\/shop\/wp-json\/wp\/v2\/product"}],"about":[{"href":"https:\/\/audioconsulting.eu\/shop\/wp-json\/wp\/v2\/types\/product"}],"replies":[{"embeddable":true,"href":"https:\/\/audioconsulting.eu\/shop\/wp-json\/wp\/v2\/comments?post=5366"}],"wp:featuredmedia":[{"embeddable":true,"href":"https:\/\/audioconsulting.eu\/shop\/wp-json\/wp\/v2\/media\/5370"}],"wp:attachment":[{"href":"https:\/\/audioconsulting.eu\/shop\/wp-json\/wp\/v2\/media?parent=5366"}],"wp:term":[{"taxonomy":"product_cat","embeddable":true,"href":"https:\/\/audioconsulting.eu\/shop\/wp-json\/wp\/v2\/product_cat?post=5366"},{"taxonomy":"product_tag","embeddable":true,"href":"https:\/\/audioconsulting.eu\/shop\/wp-json\/wp\/v2\/product_tag?post=5366"}],"curies":[{"name":"wp","href":"https:\/\/api.w.org\/{rel}","templated":true}]}}