{"id":5356,"date":"2024-07-22T22:47:58","date_gmt":"2024-07-22T20:47:58","guid":{"rendered":"https:\/\/audioconsulting.eu\/shop\/?post_type=product&#038;p=5356"},"modified":"2024-07-22T23:24:04","modified_gmt":"2024-07-22T21:24:04","slug":"grimm-audio-mu-2","status":"publish","type":"product","link":"https:\/\/audioconsulting.eu\/shop\/produkt\/grimm-audio-mu-2\/","title":{"rendered":"Grimm Audio MU2"},"content":{"rendered":"<div id=\"description\" class=\"tab-pane active\" role=\"tabpanel\">\n<p class=\"card-text\">Der MU2 kombiniert einen Musikstreamer mit einem hervorragenden DAC und einem analogen Vorverst\u00e4rker in Referenzqualit\u00e4t. Der eingebaute DAC nutzt die Vorteile der Grimm Audio Low-Jitter-Clock und des leistungsstarken FPGA-Prozessors voll aus. Eine analoge Lautst\u00e4rkeregelung auf Relaisbasis macht den MU2 zur wahren &#8222;Schaltzentrale&#8220; Ihres HiFi-Systems f\u00fcr digitale und analoge Quellen. Genau wie bei seinem Schwesterprodukt, dem MU1 mit digitalem Ausgang, ist ein Roon Labs Core Server an Bord, so dass kein externer Computer ben\u00f6tigt wird, um perfektes Streaming zu genie\u00dfen.<\/p>\n<p class=\"card-text\">Das Herzst\u00fcck des MU2 ist der von Grimm Audio entwickelte Major DAC. Es handelt sich um ein bahnbrechendes diskretes Design, das unser eigenes FPGA-Board optimal nutzt. Auf einzigartige Weise werden unsere hochaufl\u00f6senden Pure Nyquist Upsampling-Filter mit einem grunds\u00e4tzlich fehlerfreien Rauschformer 11. Ordnung von 1,5 Bit kombiniert. Wenn Sie mehr \u00fcber diese Technologie lesen m\u00f6chten, besuchen Sie bitte den Major DAC Blog.<\/p>\n<p class=\"card-text\">Als Ergebnis gibt der MU2 Mikrodetails so gut wieder, dass er eine tiefe emotionale Verbindung zur musikalischen Darbietung erm\u00f6glicht. Das Stereobild ist von bahnbrechender Qualit\u00e4t. Seine Gelassenheit l\u00e4dt zu ausgedehnten H\u00f6rsitzungen ein.<\/p>\n<p class=\"card-text\">Wenn Sie Ihre Lautsprecher und Endstufen lieben, sich aber nach einem grundlegenden Update in Sachen Klangqualit\u00e4t und Streaming-Erlebnis sehnen, ist der MU2 genau das Richtige f\u00fcr Sie.<\/p>\n<p>DER ERSTE HIFI DAC, DER UNSERE STAGETEC STUDIOREFERENZ TOPPT.<\/p>\n<p><img decoding=\"async\" src=\"https:\/\/www.hoerzone.de\/shop\/images\/quellbilder\/produkte\/Grimm_Audio\/240312_Grimm_Testsiegel.jpg\" \/><\/p>\n<p><a href=\"https:\/\/www.lite-magazin.de\/2024\/03\/grimm-audio-mu2-cleverer-musikserver-von-und-fuer-perfektionisten\/\" target=\"_blank\" rel=\"noopener\"><strong>Test bei Lite-Magazin<\/strong><\/a><\/p>\n<p><a href=\"mailto:hifi@audioconsulting.eu\"><strong>Lieferbarkeit auf Anfrage, bitte kontaktieren Sie uns bei Interesse.<\/strong><\/a><\/p>\n<\/div>\n","protected":false},"excerpt":{"rendered":"<p>Der MU2 kombiniert einen Musikstreamer mit einem hervorragenden DAC und einem analogen Vorverst\u00e4rker in Referenzqualit\u00e4t. Der eingebaute DAC nutzt die Vorteile der Grimm Audio Low-Jitter-Clock und des leistungsstarken FPGA-Prozessors voll aus. Eine analoge Lautst\u00e4rkeregelung auf Relaisbasis macht den MU2 zur wahren &#8222;Schaltzentrale&#8220; Ihres HiFi-Systems f\u00fcr digitale und analoge Quellen. Genau wie bei seinem Schwesterprodukt, dem [&hellip;]<\/p>\n","protected":false},"featured_media":5357,"comment_status":"closed","ping_status":"closed","template":"","meta":[],"product_cat":[142],"product_tag":[],"class_list":{"0":"post-5356","1":"product","2":"type-product","3":"status-publish","4":"has-post-thumbnail","6":"product_cat-vorverstaerker","8":"first","9":"instock","10":"taxable","11":"shipping-taxable","12":"purchasable","13":"product-type-simple"},"_links":{"self":[{"href":"https:\/\/audioconsulting.eu\/shop\/wp-json\/wp\/v2\/product\/5356","targetHints":{"allow":["GET"]}}],"collection":[{"href":"https:\/\/audioconsulting.eu\/shop\/wp-json\/wp\/v2\/product"}],"about":[{"href":"https:\/\/audioconsulting.eu\/shop\/wp-json\/wp\/v2\/types\/product"}],"replies":[{"embeddable":true,"href":"https:\/\/audioconsulting.eu\/shop\/wp-json\/wp\/v2\/comments?post=5356"}],"wp:featuredmedia":[{"embeddable":true,"href":"https:\/\/audioconsulting.eu\/shop\/wp-json\/wp\/v2\/media\/5357"}],"wp:attachment":[{"href":"https:\/\/audioconsulting.eu\/shop\/wp-json\/wp\/v2\/media?parent=5356"}],"wp:term":[{"taxonomy":"product_cat","embeddable":true,"href":"https:\/\/audioconsulting.eu\/shop\/wp-json\/wp\/v2\/product_cat?post=5356"},{"taxonomy":"product_tag","embeddable":true,"href":"https:\/\/audioconsulting.eu\/shop\/wp-json\/wp\/v2\/product_tag?post=5356"}],"curies":[{"name":"wp","href":"https:\/\/api.w.org\/{rel}","templated":true}]}}