{"id":5198,"date":"2023-02-26T18:45:15","date_gmt":"2023-02-26T16:45:15","guid":{"rendered":"https:\/\/audioconsulting.eu\/shop\/?post_type=product&#038;p=5198"},"modified":"2024-12-01T20:40:24","modified_gmt":"2024-12-01T18:40:24","slug":"strauss-elektroakustik-se-pa-250","status":"publish","type":"product","link":"https:\/\/audioconsulting.eu\/shop\/produkt\/strauss-elektroakustik-se-pa-250\/","title":{"rendered":"Strauss Elektroakustik SE-PA-250 Monoblock"},"content":{"rendered":"<p>Mono-Endstufe f\u00fcr h\u00f6chste klangliche Anspr\u00fcche.<\/p>\n<p>Analoger HGBT &#8211; Audioverst\u00e4rker mit hoher Verst\u00e4rkung und Bandbreite: High-Gain-Bandwidth-Technologie<br \/>\n\u2013 Ausgangsstufe mit bipolaren Hochleistungstransistoren<br \/>\n\u2013 sehr geringer Ausgangswiderstand<br \/>\n\u2013 sehr hohe Leistungsbandbreite<br \/>\n\u2013 sehr geringes Rauschen<br \/>\n\u2013 sehr geringe Verzerrungen und Intermodulationen<br \/>\n\u2013 Soft Clipping<br \/>\n\u2013 Leistungspuffer f\u00fcr alle Stufen der Spannungs- und Stromverst\u00e4rkungen<br \/>\n\u2013 geregelte Leistungsspeisung f\u00fcr internationalen AC-Netzspannungsanschluss<br \/>\n\u2013 Aluminiumgeh\u00e4use mit 10 mm Wandst\u00e4rke als vollst\u00e4ndig geerdeter Block<br \/>\n\u2013 Konvektionsk\u00fchlung; keine L\u00fcfter<br \/>\n\u2013 Lautsprecheranschl\u00fcsse mit geringen \u00dcbergangswiderst\u00e4nden<\/p>\n<p>Nennleistung<\/p>\n<p>180 Watt RMS an 8 Ohm<\/p>\n<p>Lastimpedanz<br \/>\n8 &#8211; 16 Ohm<\/p>\n<p>Frequenzgang<br \/>\n5 Hz \u2013 130 KHz (-3 dB); ref. 1 KHz, 0 dB<\/p>\n<p>Signalrauschabstand<br \/>\n\u2013 96 dB \/ 1W an 8 Ohm; 20 Hz \u2013 30 KHz<br \/>\n\u2013 100 dB \/ 1 W an 8 Ohm; A-gewichtet<br \/>\n\u2013 119 dB \/ 90 W an 8 Ohm; A-gewichtet<\/p>\n<p>THD + Rauschen<br \/>\nIntermodulationsverzerrungen<\/p>\n<p>0.006 % \/ 1 W an 8 Ohm; 20 Hz \u2013 30 KHz<br \/>\n0.0007 % \/ 1 \u2013 50 W, 8 Ohm; CCIF\/DFD 19+20 KHz<\/p>\n<p>Ausgangsimpedanz<br \/>\n0.003 Ohm bis 0.006 Ohm<\/p>\n<p>20 Hz \u2013 20 KHz, 1 W an 8 Ohm<\/p>\n<p>D\u00e4mpfungsfaktor<\/p>\n<p>2800 \u2013 100 Hz \/ 1 Watt an 8 Ohm<br \/>\n2800 \u2013 1 KHz \/ 1 Watt an 8 Ohm<br \/>\n1400 \u2013 10 KHz \/ 1 Watt an 8 Ohm<br \/>\n1400 \u2013 20 KHz \/ 1 Watt an 8 Ohm<\/p>\n<p>Eingangswiderstand<\/p>\n<p>3 KOhm symmetrisch XLR<br \/>\n1.5 KOhm asymmetrisch RCA<\/p>\n<p>Eingangsempfindlichkeit<\/p>\n<p>0.93 Volt f\u00fcr Nennleistung<br \/>\nXLR: Differenzspannung 0.93 V<br \/>\nRCA: Eingangsspannung 0.93 V<\/p>\n<p>Spannungsverst\u00e4rkung<\/p>\n<p>29.6 dB<\/p>\n<p>AC Netzspannung<br \/>\nLeistungsaufnahme<br \/>\n100 \u2013 240 VAC; + \/- 10 %; 50 \u2013 60 Hz<br \/>\nMin. 100 W (Standby); Max. 400 W<\/p>\n<p>Dimensionen<\/p>\n<p>H\u00f6he 31 cm, Breite 32 cm, Tiefe 31 cm<\/p>\n<p>Gewicht<\/p>\n<p>23 kg<\/p>\n<p>Bitte Lieferzeit erfragen!<\/p>\n","protected":false},"excerpt":{"rendered":"<p>Mono-Endstufe f\u00fcr h\u00f6chste klangliche Anspr\u00fcche. Analoger HGBT &#8211; Audioverst\u00e4rker mit hoher Verst\u00e4rkung und Bandbreite: High-Gain-Bandwidth-Technologie \u2013 Ausgangsstufe mit bipolaren Hochleistungstransistoren \u2013 sehr geringer Ausgangswiderstand \u2013 sehr hohe Leistungsbandbreite \u2013 sehr geringes Rauschen \u2013 sehr geringe Verzerrungen und Intermodulationen \u2013 Soft Clipping \u2013 Leistungspuffer f\u00fcr alle Stufen der Spannungs- und Stromverst\u00e4rkungen \u2013 geregelte Leistungsspeisung f\u00fcr internationalen [&hellip;]<\/p>\n","protected":false},"featured_media":5399,"comment_status":"closed","ping_status":"closed","template":"","meta":[],"product_cat":[141,106],"product_tag":[],"class_list":{"0":"post-5198","1":"product","2":"type-product","3":"status-publish","4":"has-post-thumbnail","6":"product_cat-verstaerker","7":"product_cat-strauss-elektroakustik","9":"first","10":"instock","11":"taxable","12":"shipping-taxable","13":"purchasable","14":"product-type-simple"},"_links":{"self":[{"href":"https:\/\/audioconsulting.eu\/shop\/wp-json\/wp\/v2\/product\/5198","targetHints":{"allow":["GET"]}}],"collection":[{"href":"https:\/\/audioconsulting.eu\/shop\/wp-json\/wp\/v2\/product"}],"about":[{"href":"https:\/\/audioconsulting.eu\/shop\/wp-json\/wp\/v2\/types\/product"}],"replies":[{"embeddable":true,"href":"https:\/\/audioconsulting.eu\/shop\/wp-json\/wp\/v2\/comments?post=5198"}],"wp:featuredmedia":[{"embeddable":true,"href":"https:\/\/audioconsulting.eu\/shop\/wp-json\/wp\/v2\/media\/5399"}],"wp:attachment":[{"href":"https:\/\/audioconsulting.eu\/shop\/wp-json\/wp\/v2\/media?parent=5198"}],"wp:term":[{"taxonomy":"product_cat","embeddable":true,"href":"https:\/\/audioconsulting.eu\/shop\/wp-json\/wp\/v2\/product_cat?post=5198"},{"taxonomy":"product_tag","embeddable":true,"href":"https:\/\/audioconsulting.eu\/shop\/wp-json\/wp\/v2\/product_tag?post=5198"}],"curies":[{"name":"wp","href":"https:\/\/api.w.org\/{rel}","templated":true}]}}