{"id":4343,"date":"2022-02-16T22:31:45","date_gmt":"2022-02-16T20:31:45","guid":{"rendered":"https:\/\/www.audioconsulting.eu\/shop\/shop\/produkt\/schoeps-v-4-u-usm-set-grau\/"},"modified":"2023-02-21T12:52:25","modified_gmt":"2023-02-21T10:52:25","slug":"schoeps-v-4-u-usm-set-grau","status":"publish","type":"product","link":"https:\/\/audioconsulting.eu\/shop\/produkt\/schoeps-v-4-u-usm-set-grau\/","title":{"rendered":"Schoeps V 4 U USM Set grau"},"content":{"rendered":"<section  class='av_textblock_section av-lee49jio-f9b1bae13549bc835ea6b3ea15a14da2'  itemscope=\"itemscope\" itemtype=\"https:\/\/schema.org\/CreativeWork\" ><div class='avia_textblock'  itemprop=\"text\" ><ul>\n<li>Studio-Gesangsmikrofon<\/li>\n<li>Neue Kleinmembran-Kapselarchitektur mit Ringscheibe zur akustischen Filterung.<\/li>\n<li>Warmer und klarer Klang mit gleichm\u00e4\u00dfig abfallender Diffusfeldkurve.<\/li>\n<li>Kapselkopf mit einstellbarem Neigungswinkel.<\/li>\n<li>Optimaler 0 \u00b0-Frequenzgang mit leichter H\u00f6henanhebung.<\/li>\n<li>Sehr gleichm\u00e4\u00dfiges Polardiagramm mit leichter B\u00fcndelung.<\/li>\n<li>Ebene Diffusfeldkurve, leicht abfallend zu hohen Frequenzen.<\/li>\n<li>Neu entwickeltes Schaltungsdesign bietet hohen maximalen Schalldruck.<\/li>\n<\/ul>\n<div class=\"zoompics_outer\">\n<div class=\"pic_outer\">\n<p>Das V4 U ist das Studio-Gesangsmikrofon von SCHOEPS.<br \/>\nEs vereint die f\u00fcr SCHOEPS typischen hervorragenden technischen Eigenschaften mit einem zeitlosen, klassischen Design.<\/p>\n<p>Das Aussehen des V4 U ist an das SCHOEPS-Mikrofon CM 51\/3 aus dem Jahr 1951 angelehnt. Das V4 U ist jedoch ein modernes Nierenmikrofon: Kapsel, Elektronik sowie die Mechanik sind das Ergebnis einer aufw\u00e4ndigen Neuentwicklung.<\/p>\n<\/div>\n<\/div>\n<p style=\"clear: both;\">Die Kapsel<\/p>\n<ul style=\"list-style: disc outside; display: block; padding-left: 1.3em;\">\n<li>Mit der 33 mm-Ringscheibe wird eine allm\u00e4hliche B\u00fcndelung bei hohen Frequenzen erreicht, wie bei einem Gro\u00dfmembranmikrofon.<\/li>\n<li>Die Vorteile einer Kleinmembrankapsel bleiben dabei erhalten. Frequenzg\u00e4nge und Polardiagramm verlaufen au\u00dferordentlich gleichm\u00e4\u00dfig.<\/li>\n<li>Die interne Kapselaufh\u00e4ngung d\u00e4mpft K\u00f6rperschall wie z.B. Griffger\u00e4usche.<\/li>\n<li>Neu entwickeltes Schaltungsdesign mit Br\u00fcckenendstufe.<\/li>\n<li>Maximaler Schalldruckpegel 144 dB(SPL); das entspricht einem Ausgangspegel von 4.8 V.<\/li>\n<li>Endstufe eisenlos und frei von Ausgangskondensatoren.<\/li>\n<li>Dadurch niedrige, besonders frequenzunabh\u00e4ngige Ausgangsimpedanz sowie besonders hohe Unsymmetried\u00e4mpfung.<\/li>\n<li>Echter symmetrischer Ausgang, symmetrische Signalf\u00fchrung.<\/li>\n<li>Hohe Einstreusicherheit durch l\u00fcckenlose Schirmung und ein modernes EMV-Filter im Ausgang; sehr gute EMV-Eigenschaften.<\/li>\n<\/ul>\n<\/div><\/section>\n","protected":false},"excerpt":{"rendered":"<p>Schoeps V 4 U Set incl. Holzbox und elastischer Halterung USM by Rycote; grau<\/p>\n","protected":false},"featured_media":5133,"comment_status":"closed","ping_status":"closed","template":"","meta":[],"product_cat":[],"product_tag":[],"class_list":{"0":"post-4343","1":"product","2":"type-product","3":"status-publish","4":"has-post-thumbnail","7":"first","8":"onbackorder","9":"taxable","10":"shipping-taxable","11":"purchasable","12":"product-type-simple"},"_links":{"self":[{"href":"https:\/\/audioconsulting.eu\/shop\/wp-json\/wp\/v2\/product\/4343","targetHints":{"allow":["GET"]}}],"collection":[{"href":"https:\/\/audioconsulting.eu\/shop\/wp-json\/wp\/v2\/product"}],"about":[{"href":"https:\/\/audioconsulting.eu\/shop\/wp-json\/wp\/v2\/types\/product"}],"replies":[{"embeddable":true,"href":"https:\/\/audioconsulting.eu\/shop\/wp-json\/wp\/v2\/comments?post=4343"}],"wp:featuredmedia":[{"embeddable":true,"href":"https:\/\/audioconsulting.eu\/shop\/wp-json\/wp\/v2\/media\/5133"}],"wp:attachment":[{"href":"https:\/\/audioconsulting.eu\/shop\/wp-json\/wp\/v2\/media?parent=4343"}],"wp:term":[{"taxonomy":"product_cat","embeddable":true,"href":"https:\/\/audioconsulting.eu\/shop\/wp-json\/wp\/v2\/product_cat?post=4343"},{"taxonomy":"product_tag","embeddable":true,"href":"https:\/\/audioconsulting.eu\/shop\/wp-json\/wp\/v2\/product_tag?post=4343"}],"curies":[{"name":"wp","href":"https:\/\/api.w.org\/{rel}","templated":true}]}}