{"id":4315,"date":"2022-02-16T22:31:41","date_gmt":"2022-02-16T20:31:41","guid":{"rendered":"https:\/\/www.audioconsulting.eu\/shop\/shop\/produkt\/microtech-gefell-cmv-563-m7-s\/"},"modified":"2023-03-09T18:51:57","modified_gmt":"2023-03-09T16:51:57","slug":"microtech-gefell-cmv-563-m7-s","status":"publish","type":"product","link":"https:\/\/audioconsulting.eu\/shop\/produkt\/microtech-gefell-cmv-563-m7-s\/","title":{"rendered":"Microtech Gefell CMV 563 &#8211; M7 S"},"content":{"rendered":"<p>Die Wiedergeburt eines Originals!<\/p>\n<p>Mit dem CMV 563 l\u00e4sst Gefell das legend\u00e4re gleichnamige Mikrofon absolut originalgetreu wiederaufleben. Selektierte R\u00f6hren, sorgf\u00e4ltige Handarbeit und allerh\u00f6chste Pr\u00e4zision zeichnen dieses Ausnahmeprodukt aus.<\/p>\n<p>AUF ANFRAGE BEI UNS TESTBEREIT!<\/p>\n<p>Das neue CMV 563 \/ M7 ist die originalgerteue Neuauflage des historischen Gefell CMV 563.<\/p>\n<p>Es hat den typisch warmen, k\u00f6rperhaften Sound, f\u00fcr den R\u00f6hrenmikrofone bei S\u00e4ngern und Instrumentalisten gesch\u00e4tzt werden. Der R\u00f6hrenverst\u00e4rker ist mit einer selektierten EF 86 Pentodenr\u00f6hre ausgestattet, die als Triode verschaltet ist. Das neue N61 Netzteil stellt die f\u00fcr die R\u00f6hre notwendige Versorgungsspannung bereit, wobei die Netzspannung zwischen 115 oder 230 V bei 50 oder 60 Hz eingestellt werden kann. Das N 61 ist mit einem Tuchelstecker zum Anschlu\u00df des Mikrofons sowie einem XLR-Verbinder und einem Ein-Ausschalter ausgestattet.<\/p>\n<p>Lieferung inclusive edlem Mahagonicase, Netzteil NT 61, Spinne EA 92, Kable C 663.1 sowie dem G\/B Adapoter, mit dem sich alle historischen Neumann M7, M8 und M9-Kapseln an dem CMV 563 betreiben lassen.<\/p>\n","protected":false},"excerpt":{"rendered":"<p>Originale Reissue des Vintagemikrofons aus den 1950ern mit Original Neumann Gefell M7-Kapsel.<\/p>\n<p>Auch mit historischen Neumann-Kapseln verwendbar!<\/p>\n","protected":false},"featured_media":4775,"comment_status":"closed","ping_status":"closed","template":"","meta":[],"product_cat":[],"product_tag":[],"class_list":{"0":"post-4315","1":"product","2":"type-product","3":"status-publish","4":"has-post-thumbnail","7":"first","8":"onbackorder","9":"taxable","10":"shipping-taxable","11":"purchasable","12":"product-type-simple"},"_links":{"self":[{"href":"https:\/\/audioconsulting.eu\/shop\/wp-json\/wp\/v2\/product\/4315","targetHints":{"allow":["GET"]}}],"collection":[{"href":"https:\/\/audioconsulting.eu\/shop\/wp-json\/wp\/v2\/product"}],"about":[{"href":"https:\/\/audioconsulting.eu\/shop\/wp-json\/wp\/v2\/types\/product"}],"replies":[{"embeddable":true,"href":"https:\/\/audioconsulting.eu\/shop\/wp-json\/wp\/v2\/comments?post=4315"}],"wp:featuredmedia":[{"embeddable":true,"href":"https:\/\/audioconsulting.eu\/shop\/wp-json\/wp\/v2\/media\/4775"}],"wp:attachment":[{"href":"https:\/\/audioconsulting.eu\/shop\/wp-json\/wp\/v2\/media?parent=4315"}],"wp:term":[{"taxonomy":"product_cat","embeddable":true,"href":"https:\/\/audioconsulting.eu\/shop\/wp-json\/wp\/v2\/product_cat?post=4315"},{"taxonomy":"product_tag","embeddable":true,"href":"https:\/\/audioconsulting.eu\/shop\/wp-json\/wp\/v2\/product_tag?post=4315"}],"curies":[{"name":"wp","href":"https:\/\/api.w.org\/{rel}","templated":true}]}}