{"id":4310,"date":"2022-02-16T22:31:40","date_gmt":"2022-02-16T20:31:40","guid":{"rendered":"https:\/\/www.audioconsulting.eu\/shop\/shop\/produkt\/real-sound-lab-apeq-8-pro-dio\/"},"modified":"2023-02-26T15:15:45","modified_gmt":"2023-02-26T13:15:45","slug":"real-sound-lab-apeq-8-pro-dio","status":"publish","type":"product","link":"https:\/\/audioconsulting.eu\/shop\/produkt\/real-sound-lab-apeq-8-pro-dio\/","title":{"rendered":"Real Sound Lab APEQ 8 pro DIO"},"content":{"rendered":"<table border=\"0\" width=\"725\" cellspacing=\"0\" cellpadding=\"3\">\n<tbody>\n<tr>\n<td align=\"left\" valign=\"top\" width=\"721\" height=\"73\">APEQ 8 pro DIO ist ein achtkanaliger Hardware-Equalizer zur Umsetzung der CONEQ\u2122 &#8211; Messung f\u00fcr Multi-Monitor oder Surroundsysteme. Bis zu 4096 Filtertaps, Bypass-button, analoge und AES\/EBU-Schnittstellen. Auch als hochwertiger D\/A-Wandler verwendbar.<\/p>\n<p>Die Hardware eignet sich f\u00fcr alle Studios, die mit analoger Summierung arbeiten oder maximale Flexibilit\u00e4t w\u00fcnschen.<\/p>\n<p>Kommt inclusive 4-w\u00f6chiger CONEQ\u2122-Workshop-Lizenz.<\/p>\n<p><b>Features:<br \/>\n<\/b><\/p>\n<table border=\"0\" width=\"100%\" cellspacing=\"3\" cellpadding=\"0\">\n<tbody>\n<tr>\n<td valign=\"top\" width=\"60%\">Sample rate<\/td>\n<td align=\"right\" valign=\"top\" width=\"40%\">48 \/ 96 kHz<\/td>\n<\/tr>\n<tr>\n<td valign=\"top\" width=\"60%\">Number of channels<\/td>\n<td align=\"right\" valign=\"top\" width=\"40%\">8<\/td>\n<\/tr>\n<tr>\n<td valign=\"top\" width=\"60%\">CONEQ\u2122 filter length<\/td>\n<td align=\"right\" valign=\"top\" width=\"40%\">Up to 4096 taps<\/td>\n<\/tr>\n<tr>\n<td valign=\"top\" width=\"60%\">Digital input\/output (AES\/EBU)<\/td>\n<td align=\"right\" valign=\"top\" width=\"40%\">yes<\/td>\n<\/tr>\n<tr>\n<td valign=\"top\" width=\"60%\">Dynamic Range<\/td>\n<td align=\"right\" valign=\"top\" width=\"40%\">115 dBA<\/td>\n<\/tr>\n<tr>\n<td valign=\"top\" width=\"60%\">Common-Mode Rejection<\/td>\n<td align=\"right\" valign=\"top\" width=\"40%\">90 dB<\/td>\n<\/tr>\n<tr>\n<td valign=\"top\" width=\"60%\">THD (at -0.3 dBFS)<\/td>\n<td align=\"right\" valign=\"top\" width=\"40%\">&lt;0,01%<\/td>\n<\/tr>\n<\/tbody>\n<\/table>\n<\/td>\n<\/tr>\n<\/tbody>\n<\/table>\n","protected":false},"excerpt":{"rendered":"<p>Achtkanaliger Hardware-Equalizer zur Umsetzung der CONEQ\u2122 &#8211; Messung. Bis zu 4096 Filtertaps. Analog und AES\/EBU I\/O.<\/p>\n","protected":false},"featured_media":4766,"comment_status":"closed","ping_status":"closed","template":"","meta":[],"product_cat":[],"product_tag":[],"class_list":{"0":"post-4310","1":"product","2":"type-product","3":"status-publish","4":"has-post-thumbnail","7":"first","8":"onbackorder","9":"taxable","10":"shipping-taxable","11":"purchasable","12":"product-type-simple"},"_links":{"self":[{"href":"https:\/\/audioconsulting.eu\/shop\/wp-json\/wp\/v2\/product\/4310","targetHints":{"allow":["GET"]}}],"collection":[{"href":"https:\/\/audioconsulting.eu\/shop\/wp-json\/wp\/v2\/product"}],"about":[{"href":"https:\/\/audioconsulting.eu\/shop\/wp-json\/wp\/v2\/types\/product"}],"replies":[{"embeddable":true,"href":"https:\/\/audioconsulting.eu\/shop\/wp-json\/wp\/v2\/comments?post=4310"}],"wp:featuredmedia":[{"embeddable":true,"href":"https:\/\/audioconsulting.eu\/shop\/wp-json\/wp\/v2\/media\/4766"}],"wp:attachment":[{"href":"https:\/\/audioconsulting.eu\/shop\/wp-json\/wp\/v2\/media?parent=4310"}],"wp:term":[{"taxonomy":"product_cat","embeddable":true,"href":"https:\/\/audioconsulting.eu\/shop\/wp-json\/wp\/v2\/product_cat?post=4310"},{"taxonomy":"product_tag","embeddable":true,"href":"https:\/\/audioconsulting.eu\/shop\/wp-json\/wp\/v2\/product_tag?post=4310"}],"curies":[{"name":"wp","href":"https:\/\/api.w.org\/{rel}","templated":true}]}}