{"id":4272,"date":"2022-02-16T22:31:34","date_gmt":"2022-02-16T20:31:34","guid":{"rendered":"https:\/\/www.audioconsulting.eu\/shop\/shop\/produkt\/vovox-linkdirect-s-mikrofonkabel-10m-xlrf-xlrm\/"},"modified":"2023-02-26T21:30:18","modified_gmt":"2023-02-26T19:30:18","slug":"vovox-linkdirect-s-mikrofonkabel-10m-xlrf-xlrm","status":"publish","type":"product","link":"https:\/\/audioconsulting.eu\/shop\/produkt\/vovox-linkdirect-s-mikrofonkabel-10m-xlrf-xlrm\/","title":{"rendered":"Vovox linkdirect S Mikrofonkabel 10m XLRf\/XLRm"},"content":{"rendered":"<p>Symmetrisches Kabel f\u00fcr das High-End Aufnahme- oder Masteringstudio. Hier werden bez\u00fcglich der\u00a0 Tonqualit\u00e4t keine Kompromisse eingegangen, deshalb ist dieses Kabel nicht abgeschirmt. Hervorragend geeignet f\u00fcr alle symmetrischen Leitungen, egal ob f\u00fcr Mikrofone, Outboard oder Aktivmonitore.<\/p>\n<p>Da das Kabel nicht abgeschirmt ist, besteht ein gewisses, jedoch geringes Risiko von Einstreuungen. Im Studio ist dieses Risiko kalkulierbar und sehr klein. F\u00fcr Live-Anwendungen wird die abgeschirmte Variante VOVOX\u00c6 link protect S empfohlen.<\/p>\n<p>Eigenschaften<\/p>\n<p>&#8211; solid core Signal- und Masseleiter<br \/>\n&#8211; versilberte Leiter aus sauerstofffreiem Kupfer<br \/>\n&#8211; Leiterummantelung aus hochreinen Polymeren<br \/>\n&#8211; XLRf \/ XLRm<br \/>\n&#8211; L\u00e4nge: 10 m<\/p>\n<p>Technische Daten<\/p>\n<p>&#8211; L\u00e4nge: 10 m<br \/>\n&#8211; Stecker: XLRf \/ XLRm<\/p>\n","protected":false},"excerpt":{"rendered":"<p>Symmetrisches High-End Mikrofonkabel, nicht abgeschirmt<\/p>\n","protected":false},"featured_media":4721,"comment_status":"closed","ping_status":"closed","template":"","meta":[],"product_cat":[],"product_tag":[],"class_list":{"0":"post-4272","1":"product","2":"type-product","3":"status-publish","4":"has-post-thumbnail","7":"first","8":"onbackorder","9":"taxable","10":"shipping-taxable","11":"purchasable","12":"product-type-simple"},"_links":{"self":[{"href":"https:\/\/audioconsulting.eu\/shop\/wp-json\/wp\/v2\/product\/4272","targetHints":{"allow":["GET"]}}],"collection":[{"href":"https:\/\/audioconsulting.eu\/shop\/wp-json\/wp\/v2\/product"}],"about":[{"href":"https:\/\/audioconsulting.eu\/shop\/wp-json\/wp\/v2\/types\/product"}],"replies":[{"embeddable":true,"href":"https:\/\/audioconsulting.eu\/shop\/wp-json\/wp\/v2\/comments?post=4272"}],"wp:featuredmedia":[{"embeddable":true,"href":"https:\/\/audioconsulting.eu\/shop\/wp-json\/wp\/v2\/media\/4721"}],"wp:attachment":[{"href":"https:\/\/audioconsulting.eu\/shop\/wp-json\/wp\/v2\/media?parent=4272"}],"wp:term":[{"taxonomy":"product_cat","embeddable":true,"href":"https:\/\/audioconsulting.eu\/shop\/wp-json\/wp\/v2\/product_cat?post=4272"},{"taxonomy":"product_tag","embeddable":true,"href":"https:\/\/audioconsulting.eu\/shop\/wp-json\/wp\/v2\/product_tag?post=4272"}],"curies":[{"name":"wp","href":"https:\/\/api.w.org\/{rel}","templated":true}]}}