{"id":4266,"date":"2022-02-16T22:31:33","date_gmt":"2022-02-16T20:31:33","guid":{"rendered":"https:\/\/www.audioconsulting.eu\/shop\/shop\/produkt\/vovox-linkprotect-a-line-instrumentenkabel-2x35m-cinch-cinch\/"},"modified":"2023-02-26T22:07:18","modified_gmt":"2023-02-26T20:07:18","slug":"vovox-linkprotect-a-line-instrumentenkabel-2x35m-cinch-cinch","status":"publish","type":"product","link":"https:\/\/audioconsulting.eu\/shop\/produkt\/vovox-linkprotect-a-line-instrumentenkabel-2x35m-cinch-cinch\/","title":{"rendered":"Vovox linkprotect A Line\/ Instrumentenkabel 2&#215;3,5m Cinch\/Cinch"},"content":{"rendered":"<p>Line-Kabel der Extraklasse f\u00fcr Klangpuristen und professionelle Anwendungen<\/p>\n<p>VOVOX\u00c6 link protect A, das hochwertige Kabel zur \u00fcbertragung unsymmetrischer Tonsignale. Dank den robusten, vergoldeten Cinch-Steckern von Neutrik eignet sich dieses Kabel nicht nur f\u00fcr das Studio, sondern auch f\u00fcr den B\u00fchneneinsatz z.B. f\u00fcr DJ&#8217;s.<\/p>\n<p>Eigenschaften<\/p>\n<p>&#8211; solid core Signal- und Masseleiter<br \/>\n&#8211; versilberte Leiter aus sauerstofffreiem Kupfer<br \/>\n&#8211; Leiterummantelung aus hochreinen Polymeren<br \/>\n&#8211; optimal gesch\u00fctzt gegen Mikrofonie und Trittschall<br \/>\n&#8211; mit vergoldeten Neutrik Cinch-Steckern<br \/>\n&#8211; L\u00e4nge: 2x 3,5 m<\/p>\n<p>Technische Daten<\/p>\n<p>&#8211; L\u00e4nge: 2x 3,5 m<br \/>\n&#8211; Stecker: Cinch<\/p>\n","protected":false},"excerpt":{"rendered":"<p>Unsymmetrisches High-End Kabel, abgeschirmt<\/p>\n","protected":false},"featured_media":4715,"comment_status":"closed","ping_status":"closed","template":"","meta":[],"product_cat":[],"product_tag":[],"class_list":{"0":"post-4266","1":"product","2":"type-product","3":"status-publish","4":"has-post-thumbnail","7":"first","8":"onbackorder","9":"taxable","10":"shipping-taxable","11":"purchasable","12":"product-type-simple"},"_links":{"self":[{"href":"https:\/\/audioconsulting.eu\/shop\/wp-json\/wp\/v2\/product\/4266","targetHints":{"allow":["GET"]}}],"collection":[{"href":"https:\/\/audioconsulting.eu\/shop\/wp-json\/wp\/v2\/product"}],"about":[{"href":"https:\/\/audioconsulting.eu\/shop\/wp-json\/wp\/v2\/types\/product"}],"replies":[{"embeddable":true,"href":"https:\/\/audioconsulting.eu\/shop\/wp-json\/wp\/v2\/comments?post=4266"}],"wp:featuredmedia":[{"embeddable":true,"href":"https:\/\/audioconsulting.eu\/shop\/wp-json\/wp\/v2\/media\/4715"}],"wp:attachment":[{"href":"https:\/\/audioconsulting.eu\/shop\/wp-json\/wp\/v2\/media?parent=4266"}],"wp:term":[{"taxonomy":"product_cat","embeddable":true,"href":"https:\/\/audioconsulting.eu\/shop\/wp-json\/wp\/v2\/product_cat?post=4266"},{"taxonomy":"product_tag","embeddable":true,"href":"https:\/\/audioconsulting.eu\/shop\/wp-json\/wp\/v2\/product_tag?post=4266"}],"curies":[{"name":"wp","href":"https:\/\/api.w.org\/{rel}","templated":true}]}}