{"id":4192,"date":"2022-02-16T22:31:22","date_gmt":"2022-02-16T20:31:22","guid":{"rendered":"https:\/\/www.audioconsulting.eu\/shop\/shop\/produkt\/microtech-gefell-m-221\/"},"modified":"2023-03-09T18:57:21","modified_gmt":"2023-03-09T16:57:21","slug":"microtech-gefell-m-221","status":"publish","type":"product","link":"https:\/\/audioconsulting.eu\/shop\/produkt\/microtech-gefell-m-221\/","title":{"rendered":"Microtech Gefell M 221"},"content":{"rendered":"<p><strong>Mit dem M 221 hat Microtech Gefell auf der Musikmesse 2011 ein Kleinmembran-Kugelmikrofon vorgestellt, auf das die Welt gewartet hat.<\/strong><\/p>\n<p>Die M 221 Kapsel hat eine extrem kleine und d\u00fcnne Metallmembran und hat damit praktisch ideale Eigenschaften f\u00fcr den perfekten Druckempf\u00e4nger (echte Kugel).<\/p>\n<p>Die Kapsel wurde urspr\u00fcnglich f\u00fcr Messtechnik entwickelt und bietet daher engste Fertigungstoleranzen und einen Frequenzgang, der von 3,5 Hz bis 20.000 Hz lediglich eine Abweichung von 0,2 dB zeigt.<\/p>\n<p>Die extrem kleine Bauform der Kapsel gew\u00e4hrleistet gleichzeitig eine nahezu \u00fcber den kompletten Frequenzbereich perfekte Kugelcharakteristik.<\/p>\n<p>Damit hat Microtech Gefell quasi das perfekte Kugerlmikrofon f\u00fcr Stereoaufnahmen von akustischen Instrumenten, Orchestern und Ensembles geschaffen!<\/p>\n<p>Das Kondensatormikrofon M 221 vereint universelle Kleinmembran-Kapseltechnologie mit einer Metallmembran und einem modularen Vorverst\u00e4rker. Durch die Verwendung einer bauartgepr\u00fcften Messmikrofonkapsel in Kombination mit einem in der Aufnahmetechnik \u00fcblichen Vorverst\u00e4rker mit 48V Phantomspeisung werden ein konstanter Amplituden- und Phasenfrequenzgang sowie besonders langzeitstabile \u00dcbertragungseigenschaften erreicht.<\/p>\n<p>Das M 221 eignet sich durch seinen kleinen Kapseldurchmesser besonders f\u00fcr Anwendungen, bei denen eine m\u00f6glichst geringe Beeinflussung des Schallfeldes gew\u00fcnscht ist. Es empfiehlt sich als Hauptmikrofon f\u00fcr Aufnahmen, die \u00fcber einen gewissen Raumanteil verf\u00fcgen sollen ebenso wie als St\u00fctzmikrofon f\u00fcr die sehr nahe Abnahme von Instrumenten, bei denen es auch auf eine originalgetreue \u00dcbertragung tiefer Frequenzen ankommt. Dar\u00fcber hinaus kann es zum Aufbau mehrkanaliger Hauptmikrofonanordnungen wie AB-Stereofonie oder Decca Tree verwendet werden, wof\u00fcr es mit seinen pr\u00e4zisen und langzeitstabilen \u00dcbertragungseigenschaften besonders geeignet ist. Durch die als Druckempf\u00e4nger ausgef\u00fchrte Kapsel weist das M 221 ein hervorragendes Transientenverhalten auf, und ist dadurch besonders zur Aufnahme von stark impulshaltigen Instrumenten geeignet. Mit den beiden mitgelieferten Kugelaufs\u00e4tzen unterschiedlicher Gr\u00f6\u00dfe l\u00e4sst sich bei Bedarf eine Anhebung im Hochtonbereich zur Erh\u00f6hung der Pr\u00e4senz sowie zum Ausgleich des Hochtonabfalls im Diffusfeld auf akustischem Wege erzeugen.<\/p>\n<p>&nbsp;<\/p>\n","protected":false},"excerpt":{"rendered":"<p><strong>Das Messehighlight 2011 von Microtech Gefell!<\/strong><br \/>\nHigh-End Kleinmembran-Kondensatormikrofon mit Messkapsel &#8211; die idealer Kugel! Incl. mechanischer Diffusfeldentzerrung durch zwei mitgelieferte unterschiedlich gro\u00dfe Kugelaufs\u00e4tze.<\/p>\n<p>UvP. 1958,00 EUR!<\/p>\n","protected":false},"featured_media":4624,"comment_status":"closed","ping_status":"closed","template":"","meta":[],"product_cat":[],"product_tag":[],"class_list":{"0":"post-4192","1":"product","2":"type-product","3":"status-publish","4":"has-post-thumbnail","7":"first","8":"onbackorder","9":"featured","10":"taxable","11":"shipping-taxable","12":"purchasable","13":"product-type-simple"},"_links":{"self":[{"href":"https:\/\/audioconsulting.eu\/shop\/wp-json\/wp\/v2\/product\/4192","targetHints":{"allow":["GET"]}}],"collection":[{"href":"https:\/\/audioconsulting.eu\/shop\/wp-json\/wp\/v2\/product"}],"about":[{"href":"https:\/\/audioconsulting.eu\/shop\/wp-json\/wp\/v2\/types\/product"}],"replies":[{"embeddable":true,"href":"https:\/\/audioconsulting.eu\/shop\/wp-json\/wp\/v2\/comments?post=4192"}],"wp:featuredmedia":[{"embeddable":true,"href":"https:\/\/audioconsulting.eu\/shop\/wp-json\/wp\/v2\/media\/4624"}],"wp:attachment":[{"href":"https:\/\/audioconsulting.eu\/shop\/wp-json\/wp\/v2\/media?parent=4192"}],"wp:term":[{"taxonomy":"product_cat","embeddable":true,"href":"https:\/\/audioconsulting.eu\/shop\/wp-json\/wp\/v2\/product_cat?post=4192"},{"taxonomy":"product_tag","embeddable":true,"href":"https:\/\/audioconsulting.eu\/shop\/wp-json\/wp\/v2\/product_tag?post=4192"}],"curies":[{"name":"wp","href":"https:\/\/api.w.org\/{rel}","templated":true}]}}