{"id":4158,"date":"2022-02-16T22:31:17","date_gmt":"2022-02-16T20:31:17","guid":{"rendered":"https:\/\/www.audioconsulting.eu\/shop\/shop\/produkt\/microtech-gefell-um-900\/"},"modified":"2023-03-09T18:54:03","modified_gmt":"2023-03-09T16:54:03","slug":"microtech-gefell-um-900","status":"publish","type":"product","link":"https:\/\/audioconsulting.eu\/shop\/produkt\/microtech-gefell-um-900\/","title":{"rendered":"Microtech Gefell UM 900"},"content":{"rendered":"<p>Das UM 900 ist das wohl <b>weltweit einzige R\u00f6hrenmikrofon<\/b>, das mit <b>48V Phantomspeisung<\/b> betrieben werden kann, also ohne externes Netzteil auskommt!<\/p>\n<p>Die Kapsel arbeitet iin einer <b>akustisch extrem offenen Konstruktion<\/b>, auch das Geh\u00e4use des Vorverst\u00e4rkers wurde akustisch optimiert.<\/p>\n<p>Das <strong>UM 900 ist auf Grund hoher Empfindlichkeit und niedrigen Ersatzger\u00e4uschpegels<\/strong> besonders f\u00fcr Sprache und Gesang geeignet, vorrangig f\u00fcr Aufnahmen in professionellen Studios, z.B. Rundfunk und Fernsehen sowie f\u00fcr hochwertige \u00dcbertragungen.<\/p>\n<p>Die <strong>f\u00fcnf Richtcharakteristiken des Mikrofons (Niere, breite Niere, Superniere, Kugel, Acht)\u00a0<\/strong> erm\u00f6glichen die Anpassung an unterschiedlichste Aufnahmesituationen. Es ist deshalb universell einsetzbar, wie z.B. in\u00a0 Orchestern, als St\u00fctzmikrofon f\u00fcr Soloinstrumente und Instrumentengruppen sowie als Sprechermikrofon unter Ber\u00fccksichtigung des Nahbesprechungseffektes, um ein sprecherspezifisches Klangbild zu erzielen.<\/p>\n<p>Das Mikrofon bietet dar\u00fcberhinaus einen <strong>Pegelschalter f\u00fcr 0dB \/ +4 dB und -10 dB<\/strong> sowie eine schaltbare Bassabsenkung.<\/p>\n<p>Der Mikrofonverst\u00e4rker des <strong>UM 900<\/strong> ist an allen 48 V Phantomspeisungen, die die Bereitstellung von mindestens 4 mA gew\u00e4hrleisten, betreibbar. Damit besteht die M\u00f6glichkeit, das UM 900 wie Transistormikrofone anzuschlie\u00dfen bzw. es gegen diese auszutauschen. Die Eingangsstufe ist mit einer sorgf\u00e4ltig ausgesuchten Subminiatur &#8211; R\u00f6hre best\u00fcckt.\u00a0 \u00dcber eine Transverterschaltung werden alle zum Betrieb notwendigen Spannungen und Str\u00f6me bereitgestellt.<\/p>\n<p>Die niedrige Ausgangsimpedanz am 3 poligen XLR Stecker wird \u00fcber einen OPV und den Ausgangs\u00fcbertrager realisiert. <strong>Zum Anschlu\u00df des UM 900 k\u00f6nnen Kabel bis 150 m L\u00e4nge ohne Verlust an Signalqualit\u00e4t verwendet werden.<\/strong><\/p>\n<p>Lieferung incl. Spinne im Aluminiumkoffer.<\/p>\n<p><span style=\"font-size: small;\"><b>Th\u00fcringer Preis f\u00fcr Produktdesign 1998<\/b>. <\/span><\/p>\n<p><span style=\"font-size: small;\"><input height=\"49\" src=\"\/Shop\/images\/thuering_3.gif\" type=\"image\" width=\"400\" \/><\/span><\/p>\n","protected":false},"excerpt":{"rendered":"<p><strong>Phantomgespeistes (!) High-End R\u00f6hrenmikrofon<\/strong> mit f\u00fcnf schaltbaren Richtcharakteristiken<\/p>\n","protected":false},"featured_media":4587,"comment_status":"closed","ping_status":"closed","template":"","meta":[],"product_cat":[],"product_tag":[],"class_list":{"0":"post-4158","1":"product","2":"type-product","3":"status-publish","4":"has-post-thumbnail","7":"first","8":"onbackorder","9":"taxable","10":"shipping-taxable","11":"purchasable","12":"product-type-simple"},"_links":{"self":[{"href":"https:\/\/audioconsulting.eu\/shop\/wp-json\/wp\/v2\/product\/4158","targetHints":{"allow":["GET"]}}],"collection":[{"href":"https:\/\/audioconsulting.eu\/shop\/wp-json\/wp\/v2\/product"}],"about":[{"href":"https:\/\/audioconsulting.eu\/shop\/wp-json\/wp\/v2\/types\/product"}],"replies":[{"embeddable":true,"href":"https:\/\/audioconsulting.eu\/shop\/wp-json\/wp\/v2\/comments?post=4158"}],"wp:featuredmedia":[{"embeddable":true,"href":"https:\/\/audioconsulting.eu\/shop\/wp-json\/wp\/v2\/media\/4587"}],"wp:attachment":[{"href":"https:\/\/audioconsulting.eu\/shop\/wp-json\/wp\/v2\/media?parent=4158"}],"wp:term":[{"taxonomy":"product_cat","embeddable":true,"href":"https:\/\/audioconsulting.eu\/shop\/wp-json\/wp\/v2\/product_cat?post=4158"},{"taxonomy":"product_tag","embeddable":true,"href":"https:\/\/audioconsulting.eu\/shop\/wp-json\/wp\/v2\/product_tag?post=4158"}],"curies":[{"name":"wp","href":"https:\/\/api.w.org\/{rel}","templated":true}]}}