{"id":4157,"date":"2022-02-16T22:31:16","date_gmt":"2022-02-16T20:31:16","guid":{"rendered":"https:\/\/www.audioconsulting.eu\/shop\/shop\/produkt\/microtech-gefell-m-990\/"},"modified":"2023-03-09T18:56:03","modified_gmt":"2023-03-09T16:56:03","slug":"microtech-gefell-m-990","status":"publish","type":"product","link":"https:\/\/audioconsulting.eu\/shop\/produkt\/microtech-gefell-m-990\/","title":{"rendered":"Microtech Gefell M 990"},"content":{"rendered":"<p><span style=\"font-size: small;\">Das <strong>M 990<\/strong> arbeitet mit der <b>neuentwickelten Nierenkapsel<\/b> aus dem <strong>M 930<\/strong>. <\/span><\/p>\n<p>Auch hier arbeitet eine <strong>handselektierte EF 86-Pentodenr\u00f6hre<\/strong>, die als Triode verschaltet ist.<\/p>\n<p><span style=\"font-size: small;\">Im Vergleich zum <strong>M 92.1 S<\/strong> hat es einen etwas <b>crisperen, offeneren Klang<\/b> mit mehr Basswiedergabe, die sich allerdings bei Vocalanwendungen unter Umst\u00e4nden nicht ganz so gut im Mix durchsetzt. <\/span><\/p>\n<p><span style=\"font-size: small;\">Daf\u00fcr gl\u00e4nzt das M 990 bei<strong> Instrumentenabnahmeund allen Anwendungen, wo Neutralit\u00e4t gefordert ist<\/strong> durch eine wunderbar <b>warme, nat\u00fcrliche und detailreiche Wiedergabe<\/b>. <\/span><\/p>\n<p><span style=\"font-size: small;\">Lieferung in dunkel bronze incl. Netzteil, Kabel und Spinne im hochwertigen Aluminiumkoffer.<\/span><\/p>\n","protected":false},"excerpt":{"rendered":"<p>Auf der modernen Kapsel des M 930 basierendes R\u00f6hrenmikrofon mit\u00a0 Nierencharakteristik.<\/p>\n","protected":false},"featured_media":4585,"comment_status":"closed","ping_status":"closed","template":"","meta":[],"product_cat":[],"product_tag":[],"class_list":{"0":"post-4157","1":"product","2":"type-product","3":"status-publish","4":"has-post-thumbnail","7":"first","8":"onbackorder","9":"taxable","10":"shipping-taxable","11":"purchasable","12":"product-type-simple"},"_links":{"self":[{"href":"https:\/\/audioconsulting.eu\/shop\/wp-json\/wp\/v2\/product\/4157","targetHints":{"allow":["GET"]}}],"collection":[{"href":"https:\/\/audioconsulting.eu\/shop\/wp-json\/wp\/v2\/product"}],"about":[{"href":"https:\/\/audioconsulting.eu\/shop\/wp-json\/wp\/v2\/types\/product"}],"replies":[{"embeddable":true,"href":"https:\/\/audioconsulting.eu\/shop\/wp-json\/wp\/v2\/comments?post=4157"}],"wp:featuredmedia":[{"embeddable":true,"href":"https:\/\/audioconsulting.eu\/shop\/wp-json\/wp\/v2\/media\/4585"}],"wp:attachment":[{"href":"https:\/\/audioconsulting.eu\/shop\/wp-json\/wp\/v2\/media?parent=4157"}],"wp:term":[{"taxonomy":"product_cat","embeddable":true,"href":"https:\/\/audioconsulting.eu\/shop\/wp-json\/wp\/v2\/product_cat?post=4157"},{"taxonomy":"product_tag","embeddable":true,"href":"https:\/\/audioconsulting.eu\/shop\/wp-json\/wp\/v2\/product_tag?post=4157"}],"curies":[{"name":"wp","href":"https:\/\/api.w.org\/{rel}","templated":true}]}}