{"id":9,"date":"2014-09-18T11:27:35","date_gmt":"2014-09-18T09:27:35","guid":{"rendered":"http:\/\/www.rauschenbergstudio.com\/AudioConsulting\/?page_id=9"},"modified":"2023-02-08T19:40:58","modified_gmt":"2023-02-08T17:40:58","slug":"impressum","status":"publish","type":"page","link":"https:\/\/audioconsulting.eu\/shop\/impressum\/","title":{"rendered":"Impressum"},"content":{"rendered":"<h1>Impressum<\/h1>\n<p><img loading=\"lazy\" decoding=\"async\" class=\"wp-image-3898 alignnone\" src=\"https:\/\/www.audioconsulting.eu\/shop\/shop\/wp-content\/uploads\/2018\/09\/Logo_Ohne-Bild_black_10cmhoch.png\" alt=\"\" width=\"140\" height=\"227\" srcset=\"https:\/\/audioconsulting.eu\/shop\/wp-content\/uploads\/2018\/09\/Logo_Ohne-Bild_black_10cmhoch.png 283w, https:\/\/audioconsulting.eu\/shop\/wp-content\/uploads\/2018\/09\/Logo_Ohne-Bild_black_10cmhoch-185x300.png 185w\" sizes=\"auto, (max-width: 140px) 100vw, 140px\" \/><\/p>\n<h2>Angaben gem\u00e4\u00df \u00a7 5 TMG<\/h2>\n<p>Andreas &#8222;Igl&#8220; Sch\u00f6nwitz<br \/>\nigl sch\u00f6nwitz audio consulting<br \/>\nBurg Gr\u00fcnsberg 1<br \/>\n90518 Altdorf bei N\u00fcrnberg<\/p>\n<h2>Kontakt<\/h2>\n<p>Telefon: +49 (0) 91 63\/ 99 41 03<br \/>\nE-Mail: info@audioconsulting.guru<\/p>\n<h2>Umsatzsteuer-ID<\/h2>\n<p>Umsatzsteuer-Identifikationsnummer gem\u00e4\u00df \u00a7 27 a Umsatzsteuergesetz:<br \/>\nDE229315527<\/p>\n<h2>Redaktionell verantwortlich<\/h2>\n<p>Andreas &#8222;Igl&#8220; Sch\u00f6nwitz<br \/>\nBurg Gr\u00fcnsberg 1<br \/>\n90518 Altdorf bei N\u00fcrnberg<\/p>\n<h2>Webdesign<\/h2>\n<p>Igl Sch\u00f6nwitz<\/p>\n<h2>EU-Streitschlichtung<\/h2>\n<p>Die Europ\u00e4ische Kommission stellt eine Plattform zur Online-Streitbeilegung (OS) bereit: <a href=\"https:\/\/ec.europa.eu\/consumers\/odr\/\" target=\"_blank\" rel=\"noopener noreferrer\">https:\/\/ec.europa.eu\/consumers\/odr\/<\/a>.<br \/>\nUnsere E-Mail-Adresse finden Sie oben im Impressum.<\/p>\n<h2>Verbraucher\u00adstreit\u00adbeilegung\/Universal\u00adschlichtungs\u00adstelle<\/h2>\n<p>Wir sind nicht bereit oder verpflichtet, an Streitbeilegungsverfahren vor einer Verbraucherschlichtungsstelle teilzunehmen.<\/p>\n","protected":false},"excerpt":{"rendered":"<p>Impressum Angaben gem\u00e4\u00df \u00a7 5 TMG Andreas &#8222;Igl&#8220; Sch\u00f6nwitz igl sch\u00f6nwitz audio consulting Burg Gr\u00fcnsberg 1 90518 Altdorf bei N\u00fcrnberg Kontakt Telefon: +49 (0) 91 63\/ 99 41 03 E-Mail: info@audioconsulting.guru Umsatzsteuer-ID Umsatzsteuer-Identifikationsnummer gem\u00e4\u00df \u00a7 27 a Umsatzsteuergesetz: DE229315527 Redaktionell verantwortlich Andreas &#8222;Igl&#8220; Sch\u00f6nwitz Burg Gr\u00fcnsberg 1 90518 Altdorf bei N\u00fcrnberg Webdesign Igl Sch\u00f6nwitz EU-Streitschlichtung [&hellip;]<\/p>\n","protected":false},"author":1,"featured_media":0,"parent":0,"menu_order":0,"comment_status":"closed","ping_status":"closed","template":"","meta":{"footnotes":""},"class_list":["post-9","page","type-page","status-publish","hentry"],"_links":{"self":[{"href":"https:\/\/audioconsulting.eu\/shop\/wp-json\/wp\/v2\/pages\/9","targetHints":{"allow":["GET"]}}],"collection":[{"href":"https:\/\/audioconsulting.eu\/shop\/wp-json\/wp\/v2\/pages"}],"about":[{"href":"https:\/\/audioconsulting.eu\/shop\/wp-json\/wp\/v2\/types\/page"}],"author":[{"embeddable":true,"href":"https:\/\/audioconsulting.eu\/shop\/wp-json\/wp\/v2\/users\/1"}],"replies":[{"embeddable":true,"href":"https:\/\/audioconsulting.eu\/shop\/wp-json\/wp\/v2\/comments?post=9"}],"version-history":[{"count":5,"href":"https:\/\/audioconsulting.eu\/shop\/wp-json\/wp\/v2\/pages\/9\/revisions"}],"predecessor-version":[{"id":4997,"href":"https:\/\/audioconsulting.eu\/shop\/wp-json\/wp\/v2\/pages\/9\/revisions\/4997"}],"wp:attachment":[{"href":"https:\/\/audioconsulting.eu\/shop\/wp-json\/wp\/v2\/media?parent=9"}],"curies":[{"name":"wp","href":"https:\/\/api.w.org\/{rel}","templated":true}]}}